{"id":29852,"date":"2025-08-28T13:46:54","date_gmt":"2025-08-28T11:46:54","guid":{"rendered":"https:\/\/www.bonamel.com\/producto\/miel-de-thym-biologique-miel-de-thym-bio-premium\/"},"modified":"2025-09-03T12:02:16","modified_gmt":"2025-09-03T10:02:16","slug":"miel-de-thym-biologique-miel-de-thym-bio-premium","status":"publish","type":"product","link":"https:\/\/www.bonamel.com\/fr\/producto\/miel-de-thym-biologique-miel-de-thym-bio-premium\/","title":{"rendered":"Miel de Thym Biologique \u2013 Miel de Thym Bio Premium"},"content":{"rendered":"<p>[et_pb_section fb_built=\u00a0\u00bb1&Prime; module_id=\u00a0\u00bbbannerTienda\u00a0\u00bb _builder_version=\u00a0\u00bb4.27.2&Prime; _module_preset=\u00a0\u00bbdefault\u00a0\u00bb background_image=\u00a0\u00bbhttps:\/\/www.bonamel.com\/wp-content\/uploads\/Banner_Tienda_BonaMel.png\u00a0\u00bb custom_padding=\u00a0\u00bb||164px|||\u00a0\u00bb custom_css_free_form=\u00a0\u00bb@media (max-width:980px){||  #bannerTienda{||    padding-bottom:0px;||  }||}\u00a0\u00bb locked=\u00a0\u00bboff\u00a0\u00bb collapsed=\u00a0\u00bbon\u00a0\u00bb global_colors_info=\u00a0\u00bb{}\u00a0\u00bb][et_pb_row column_structure=\u00a0\u00bb1_4,1_2,1_4&Prime; module_id=\u00a0\u00bbtextoBannerTienda\u00a0\u00bb _builder_version=\u00a0\u00bb4.27.2&Prime; _module_preset=\u00a0\u00bbdefault\u00a0\u00bb custom_margin=\u00a0\u00bb-26px|auto||auto||\u00a0\u00bb custom_padding=\u00a0\u00bb57px|||||\u00a0\u00bb custom_css_free_form=\u00a0\u00bb@media (max-width:980px){||  #textoBannerTienda{||    padding-top:0px !important;||  }||}\u00a0\u00bb global_colors_info=\u00a0\u00bb{}\u00a0\u00bb][et_pb_column type=\u00a0\u00bb1_4&Prime; _builder_version=\u00a0\u00bb4.27.2&Prime; _module_preset=\u00a0\u00bbdefault\u00a0\u00bb global_colors_info=\u00a0\u00bb{}\u00a0\u00bb][\/et_pb_column][et_pb_column type=\u00a0\u00bb1_2&Prime; _builder_version=\u00a0\u00bb4.27.2&Prime; _module_preset=\u00a0\u00bbdefault\u00a0\u00bb global_colors_info=\u00a0\u00bb{}\u00a0\u00bb][et_pb_text _builder_version=\u00a0\u00bb4.27.2&Prime; _module_preset=\u00a0\u00bbdefault\u00a0\u00bb custom_margin=\u00a0\u00bb||-4px|||\u00a0\u00bb global_colors_info=\u00a0\u00bb{}\u00a0\u00bb]<\/p>\n<h1 style=\"text-align: center; font-size: 52px;\"><span style=\"color: #ffffff;\">SHOP<\/span><\/h1>\n<p>[\/et_pb_text][et_pb_text _builder_version=\u00a0\u00bb4.27.2&Prime; _module_preset=\u00a0\u00bbdefault\u00a0\u00bb custom_padding=\u00a0\u00bb0px|||||\u00a0\u00bb global_colors_info=\u00a0\u00bb{}\u00a0\u00bb]<\/p>\n<h3 style=\"text-align: center;\"><span style=\"color: #ffffff; font-family: 'Open Sans', Helvetica, Arial, Lucida, sans-serif;\">Miel biologique<\/span><\/h3>\n<p>[\/et_pb_text][\/et_pb_column][et_pb_column type=\u00a0\u00bb1_4&Prime; _builder_version=\u00a0\u00bb4.27.2&Prime; _module_preset=\u00a0\u00bbdefault\u00a0\u00bb global_colors_info=\u00a0\u00bb{}\u00a0\u00bb][\/et_pb_column][\/et_pb_row][\/et_pb_section][et_pb_section fb_built=\u00a0\u00bb1&Prime; _builder_version=\u00a0\u00bb4.16&Prime; custom_padding=\u00a0\u00bb0px||||false|false\u00a0\u00bb locked=\u00a0\u00bboff\u00a0\u00bb collapsed=\u00a0\u00bbon\u00a0\u00bb global_colors_info=\u00a0\u00bb{}\u00a0\u00bb][et_pb_row _builder_version=\u00a0\u00bb4.16&Prime; background_size=\u00a0\u00bbinitial\u00a0\u00bb background_position=\u00a0\u00bbtop_left\u00a0\u00bb background_repeat=\u00a0\u00bbrepeat\u00a0\u00bb width=\u00a0\u00bb100%\u00a0\u00bb custom_padding=\u00a0\u00bb0px||0px||false|false\u00a0\u00bb global_colors_info=\u00a0\u00bb{}\u00a0\u00bb][et_pb_column type=\u00a0\u00bb4_4&Prime; _builder_version=\u00a0\u00bb4.16&Prime; custom_padding=\u00a0\u00bb|||\u00a0\u00bb global_colors_info=\u00a0\u00bb{}\u00a0\u00bb custom_padding__hover=\u00a0\u00bb|||\u00a0\u00bb][et_pb_wc_cart_notice _builder_version=\u00a0\u00bb4.16&Prime; global_colors_info=\u00a0\u00bb{}\u00a0\u00bb][\/et_pb_wc_cart_notice][\/et_pb_column][\/et_pb_row][et_pb_row column_structure=\u00a0\u00bb1_2,1_2&Prime; _builder_version=\u00a0\u00bb4.16&Prime; background_size=\u00a0\u00bbinitial\u00a0\u00bb background_position=\u00a0\u00bbtop_left\u00a0\u00bb background_repeat=\u00a0\u00bbrepeat\u00a0\u00bb width=\u00a0\u00bb100%\u00a0\u00bb custom_padding=\u00a0\u00bb0px||||false|false\u00a0\u00bb global_colors_info=\u00a0\u00bb{}\u00a0\u00bb][et_pb_column type=\u00a0\u00bb1_2&Prime; _builder_version=\u00a0\u00bb4.16&Prime; custom_padding=\u00a0\u00bb|||\u00a0\u00bb global_colors_info=\u00a0\u00bb{}\u00a0\u00bb custom_padding__hover=\u00a0\u00bb|||\u00a0\u00bb][et_pb_wc_images _builder_version=\u00a0\u00bb4.27.2&Prime; custom_css_free_form=\u00a0\u00bb.flex-control-nav{||  display:none;||}\u00a0\u00bb global_colors_info=\u00a0\u00bb{}\u00a0\u00bb][\/et_pb_wc_images][\/et_pb_column][et_pb_column type=\u00a0\u00bb1_2&Prime; _builder_version=\u00a0\u00bb4.16&Prime; custom_padding=\u00a0\u00bb|||\u00a0\u00bb global_colors_info=\u00a0\u00bb{}\u00a0\u00bb custom_padding__hover=\u00a0\u00bb|||\u00a0\u00bb][et_pb_wc_title module_id=\u00a0\u00bbtitulo\u00a0\u00bb _builder_version=\u00a0\u00bb4.27.2&Prime; header_text_color=\u00a0\u00bb#b27b11&Prime; header_font_size=\u00a0\u00bb40px\u00a0\u00bb custom_margin=\u00a0\u00bb13px||11px|||\u00a0\u00bb custom_css_free_form=\u00a0\u00bb@media(max-width:768px){||  #titulo{||    padding-left:10px;||    padding-right:10px;||  }||}\u00a0\u00bb global_colors_info=\u00a0\u00bb{}\u00a0\u00bb][\/et_pb_wc_title][et_pb_wc_price module_id=\u00a0\u00bbprecio\u00a0\u00bb _builder_version=\u00a0\u00bb4.27.2&Prime; body_font=\u00a0\u00bb|700|||||||\u00a0\u00bb body_text_color=\u00a0\u00bb#7d5400&Prime; custom_css_free_form=\u00a0\u00bb@media(max-width:768px){||  #precio{||    padding-left:10px;||    padding-right:10px;||  }||}\u00a0\u00bb global_colors_info=\u00a0\u00bb{}\u00a0\u00bb][\/et_pb_wc_price][et_pb_wc_rating module_id=\u00a0\u00bbestrellas\u00a0\u00bb _builder_version=\u00a0\u00bb4.27.2&Prime; rating_text_color=\u00a0\u00bb#ecb003&Prime; rating_font_size=\u00a0\u00bb18px\u00a0\u00bb body_text_color=\u00a0\u00bbRGBA(255,255,255,0)\u00a0\u00bb body_font_size=\u00a0\u00bb1px\u00a0\u00bb custom_css_free_form=\u00a0\u00bb@media(max-width:768px){||  #estrellas{||    padding-left:10px;||    padding-right:10px;||  }||}\u00a0\u00bb global_colors_info=\u00a0\u00bb{}\u00a0\u00bb][\/et_pb_wc_rating][et_pb_wc_description module_id=\u00a0\u00bbtexto\u00a0\u00bb _builder_version=\u00a0\u00bb4.27.2&Prime; custom_css_free_form=\u00a0\u00bb@media(max-width:768px){||  #texto{||    padding-left:10px;||    padding-right:10px;||  }||}\u00a0\u00bb global_colors_info=\u00a0\u00bb{}\u00a0\u00bb][\/et_pb_wc_description][et_pb_wc_add_to_cart module_id=\u00a0\u00bbcajaCarrito\u00a0\u00bb _builder_version=\u00a0\u00bb4.27.2&Prime; fields_text_color=\u00a0\u00bb#000000&Prime; field_label_font=\u00a0\u00bb|700||on|||||\u00a0\u00bb field_label_text_color=\u00a0\u00bb#b27b11&Prime; custom_button=\u00a0\u00bbon\u00a0\u00bb button_text_size=\u00a0\u00bb18px\u00a0\u00bb button_text_color=\u00a0\u00bb#b27b11&Prime; button_border_color=\u00a0\u00bb#b27b11&Prime; button_border_radius=\u00a0\u00bb50px\u00a0\u00bb button_font=\u00a0\u00bb|600||on|||||\u00a0\u00bb button_custom_margin=\u00a0\u00bb||||false|false\u00a0\u00bb button_custom_padding=\u00a0\u00bb10px|30px|10px|30px|true|true\u00a0\u00bb custom_margin=\u00a0\u00bb|||-5px||\u00a0\u00bb custom_padding=\u00a0\u00bb0px|||||\u00a0\u00bb custom_css_free_form=\u00a0\u00bb#cajaCarrito .reset_variations{||  color:#B27B11;||  font-size: 16px;||}||||#cajaCarrito .woocommerce-Price-amount.amount bdi{||  font-size: 26px;||  color:#7D5400;||}||||#cajaCarrito td{|| padding-top: 12px !important;||}||||#cajaCarrito select{|| font-size: 16px;||}||||#cajaCarrito .woocommerce-variation-availability p{||  font-size:18px;||  color:#B27B11;||}||||.quantity input{||  font-size:16px;||}||||@media(max-width:768px){||  #cajaCarrito{||    padding-left:10px;||    padding-right:10px;||  }||}\u00a0\u00bb global_colors_info=\u00a0\u00bb{}\u00a0\u00bb][\/et_pb_wc_add_to_cart][\/et_pb_column][\/et_pb_row][et_pb_row _builder_version=\u00a0\u00bb4.16&Prime; background_size=\u00a0\u00bbinitial\u00a0\u00bb background_position=\u00a0\u00bbtop_left\u00a0\u00bb background_repeat=\u00a0\u00bbrepeat\u00a0\u00bb width=\u00a0\u00bb100%\u00a0\u00bb global_colors_info=\u00a0\u00bb{}\u00a0\u00bb][et_pb_column type=\u00a0\u00bb4_4&Prime; _builder_version=\u00a0\u00bb4.16&Prime; custom_padding=\u00a0\u00bb|||\u00a0\u00bb global_colors_info=\u00a0\u00bb{}\u00a0\u00bb custom_padding__hover=\u00a0\u00bb|||\u00a0\u00bb][et_pb_wc_tabs active_tab_background_color=\u00a0\u00bb#FFFFFF\u00a0\u00bb inactive_tab_background_color=\u00a0\u00bb#FFFFFF\u00a0\u00bb active_tab_text_color=\u00a0\u00bb#7d5400&Prime; _builder_version=\u00a0\u00bb4.27.2&Prime; tab_text_color=\u00a0\u00bb#7d5400&Prime; tab_line_height=\u00a0\u00bb2.5em\u00a0\u00bb background_color=\u00a0\u00bb#FFFFFF\u00a0\u00bb custom_css_free_form=\u00a0\u00bb.woocommerce #review_form #respond .form-submit input {||  color: rgba(255, 255, 255, 1);||}||||.et-db #et-boc .et-l .et_pb_wc_tabs_0 .et_pb_tabs_controls li.et_pb_tab_active{||  border:1px solid #B27B11;||}||||.et-db #et-boc .et-l .et_pb_wc_tabs_0.et_pb_tabs .et_pb_tabs_controls li{||  border:1px solid #B27B11;||}||||.et-db #et-boc .et-l ul.et_pb_tabs_controls{||  background-color: white;||}||\u00a0\u00bb border_color_all=\u00a0\u00bb#b27b11&Prime; global_colors_info=\u00a0\u00bb{}\u00a0\u00bb]\t\t\t\t\t[\/et_pb_wc_tabs][\/et_pb_column][\/et_pb_row][\/et_pb_section][et_pb_section fb_built=\u00a0\u00bb1&Prime; module_id=\u00a0\u00bbbannerForm\u00a0\u00bb _builder_version=\u00a0\u00bb4.27.2&Prime; _module_preset=\u00a0\u00bbdefault\u00a0\u00bb background_image=\u00a0\u00bbhttps:\/\/www.bonamel.com\/wp-content\/uploads\/Formulario_BonaMel.png\u00a0\u00bb min_height=\u00a0\u00bb100%\u00a0\u00bb height=\u00a0\u00bb100%\u00a0\u00bb max_height=\u00a0\u00bb100%\u00a0\u00bb custom_padding=\u00a0\u00bb73px||297px|||\u00a0\u00bb custom_css_free_form=\u00a0\u00bb\/* Desktop *\/||@media(min-width: 980px) {||  #bannerForm {||    position: relative;||    z-index: 2;||    margin-bottom: -280px;||  }||  ||  #bannerForm:before {||    content: \u00a0\u00bb;||    position: absolute;||    top: 0;||    left: 0;||    right: 0;||    bottom: 0;||    background: inherit;||    z-index: -1;||  }||  ||  #bannerForm .et_pb_row_4 {||    padding-bottom: 50px;||    position: relative;||    z-index: 3;||  }||  ||  #bannerForm .et_pb_section_2.et_pb_section img {||    position: relative;||    z-index: 4;||  }||  ||  footer.et-l&#8211;footer {||    position: relative;||    z-index: 1;||  }||  ||  #footerPagina .et_pb_row {||    position: relative;||    z-index: 1;||  }||}||||\/* Tablet *\/||@media(max-width: 768px) {||#bannerForm {||    padding-top: 170px !important;||    padding-bottom: 585px !important;||      position: relative;||    z-index: -1;||  \tmargin-top:-280px;||  \tmargin-bottom:-500px;||\t}||  ||}||||\/* Mobile *\/||@media(max-width: 400px) {||#bannerForm {||  \tmargin-bottom:-550px;||\t}||}\u00a0\u00bb locked=\u00a0\u00bboff\u00a0\u00bb collapsed=\u00a0\u00bbon\u00a0\u00bb global_colors_info=\u00a0\u00bb{}\u00a0\u00bb][et_pb_row column_structure=\u00a0\u00bb1_2,1_2&Prime; module_id=\u00a0\u00bbcajaForm\u00a0\u00bb _builder_version=\u00a0\u00bb4.27.2&Prime; _module_preset=\u00a0\u00bbdefault\u00a0\u00bb custom_margin=\u00a0\u00bb142px|auto||auto||\u00a0\u00bb custom_padding=\u00a0\u00bb||0px|||\u00a0\u00bb global_colors_info=\u00a0\u00bb{}\u00a0\u00bb][et_pb_column type=\u00a0\u00bb1_2&Prime; _builder_version=\u00a0\u00bb4.27.2&Prime; _module_preset=\u00a0\u00bbdefault\u00a0\u00bb global_colors_info=\u00a0\u00bb{}\u00a0\u00bb][et_pb_divider show_divider=\u00a0\u00bboff\u00a0\u00bb _builder_version=\u00a0\u00bb4.27.2&Prime; _module_preset=\u00a0\u00bbdefault\u00a0\u00bb height=\u00a0\u00bb50px\u00a0\u00bb global_colors_info=\u00a0\u00bb{}\u00a0\u00bb][\/et_pb_divider][et_pb_text _builder_version=\u00a0\u00bb4.27.2&Prime; _module_preset=\u00a0\u00bbdefault\u00a0\u00bb header_line_height=\u00a0\u00bb1.2em\u00a0\u00bb custom_margin=\u00a0\u00bb||||false|false\u00a0\u00bb custom_padding=\u00a0\u00bb||||false|false\u00a0\u00bb global_colors_info=\u00a0\u00bb{}\u00a0\u00bb]<\/p>\n<h1 style=\"font-size: 38px;\"><span style=\"color: #ffffff;\">\u00bfVOUS VOULEZ<\/span><br \/><span style=\"color: #ffffff;\">EN SAVOIR PLUS?<\/span><\/h1>\n<p><span style=\"color: #ffffff; font-size: 16px;\">Nous contacter<\/span><\/p>\n<p>[\/et_pb_text][et_pb_text _builder_version=\u00a0\u00bb4.27.2&Prime; _module_preset=\u00a0\u00bbdefault\u00a0\u00bb global_colors_info=\u00a0\u00bb{}\u00a0\u00bb]<\/p>\n<table style=\"border: none; border-collapse: collapse;\">\n<tbody>\n<tr>\n<td style=\"border: none; text-align: left;padding:0px;\"><span style=\"color: #ffffff; font-size: 16px;\">Service \u00e0 la client\u00e8le: <\/span><br \/>\n<strong><span style=\"color: #ffffff; font-size: 16px;\">+34 965 530 882<\/span><\/strong><\/td>\n<td style=\"border: none; text-align: left;\"><span style=\"color: #ffffff; font-size: 16px;\">Email: <\/span><br \/>\n<strong><span style=\"color: #ffffff; font-size: 16px;\">info@bonamel.com<\/span><\/strong><\/td>\n<\/tr>\n<\/tbody>\n<\/table>\n<p>[\/et_pb_text][\/et_pb_column][et_pb_column type=\u00a0\u00bb1_2&Prime; _builder_version=\u00a0\u00bb4.27.2&Prime; _module_preset=\u00a0\u00bbdefault\u00a0\u00bb global_colors_info=\u00a0\u00bb{}\u00a0\u00bb][et_pb_contact_form email=\u00a0\u00bbinfo@bonamel.com\u00a0\u00bb custom_message=\u00a0\u00bbDe: %%Name%% %%Apellidos%% %%Email%%||et_pb_line_break_holder||Asunto: Formulario Quieres Saber M\u00e1s?||et_pb_line_break_holder||||et_pb_line_break_holder||Cuerpo del mensaje:||et_pb_line_break_holder||%%Message%%||et_pb_line_break_holder||||et_pb_line_break_holder||&#8211; ||et_pb_line_break_holder||Esto es un aviso de que se ha enviado un formulario de contacto en tu web Bonamel.com\u00a0\u00bb _builder_version=\u00a0\u00bb4.27.2&Prime; _module_preset=\u00a0\u00bbdefault\u00a0\u00bb _unique_id=\u00a0\u00bb85e74d2f-7689-45b1-992f-3f27b289c631&Prime; form_field_background_color=\u00a0\u00bbRGBA(255,255,255,0)\u00a0\u00bb form_field_text_color=\u00a0\u00bb#FFFFFF\u00a0\u00bb form_field_focus_background_color=\u00a0\u00bbRGBA(255,255,255,0)\u00a0\u00bb captcha_font=\u00a0\u00bb|700|||||||\u00a0\u00bb captcha_text_color=\u00a0\u00bb#FFFFFF\u00a0\u00bb form_field_font=\u00a0\u00bb|700|||||||\u00a0\u00bb form_field_font_size=\u00a0\u00bb14px\u00a0\u00bb custom_button=\u00a0\u00bbon\u00a0\u00bb button_text_color=\u00a0\u00bb#b27b11&Prime; button_bg_color=\u00a0\u00bb#FFFFFF\u00a0\u00bb button_border_radius=\u00a0\u00bb50px\u00a0\u00bb button_font=\u00a0\u00bb|700|||||||\u00a0\u00bb button_icon_color=\u00a0\u00bb#b27b11&Prime; button_custom_padding=\u00a0\u00bb|40px||40px|false|true\u00a0\u00bb custom_padding=\u00a0\u00bb||||false|false\u00a0\u00bb border_radii=\u00a0\u00bbon|25px|25px|25px|25px\u00a0\u00bb border_width_all=\u00a0\u00bb2px\u00a0\u00bb border_color_all=\u00a0\u00bb#FFFFFF\u00a0\u00bb global_colors_info=\u00a0\u00bb{}\u00a0\u00bb][et_pb_contact_field field_id=\u00a0\u00bbName\u00a0\u00bb field_title=\u00a0\u00bbNom\u00a0\u00bb _builder_version=\u00a0\u00bb4.27.2&Prime; global_colors_info=\u00a0\u00bb{}\u00a0\u00bb button_text_size__hover_enabled=\u00a0\u00bboff\u00a0\u00bb button_one_text_size__hover_enabled=\u00a0\u00bboff\u00a0\u00bb button_two_text_size__hover_enabled=\u00a0\u00bboff\u00a0\u00bb button_text_color__hover_enabled=\u00a0\u00bboff\u00a0\u00bb button_one_text_color__hover_enabled=\u00a0\u00bboff\u00a0\u00bb button_two_text_color__hover_enabled=\u00a0\u00bboff\u00a0\u00bb button_border_width__hover_enabled=\u00a0\u00bboff\u00a0\u00bb button_one_border_width__hover_enabled=\u00a0\u00bboff\u00a0\u00bb button_two_border_width__hover_enabled=\u00a0\u00bboff\u00a0\u00bb button_border_color__hover_enabled=\u00a0\u00bboff\u00a0\u00bb button_one_border_color__hover_enabled=\u00a0\u00bboff\u00a0\u00bb button_two_border_color__hover_enabled=\u00a0\u00bboff\u00a0\u00bb button_border_radius__hover_enabled=\u00a0\u00bboff\u00a0\u00bb button_one_border_radius__hover_enabled=\u00a0\u00bboff\u00a0\u00bb button_two_border_radius__hover_enabled=\u00a0\u00bboff\u00a0\u00bb button_letter_spacing__hover_enabled=\u00a0\u00bboff\u00a0\u00bb button_one_letter_spacing__hover_enabled=\u00a0\u00bboff\u00a0\u00bb button_two_letter_spacing__hover_enabled=\u00a0\u00bboff\u00a0\u00bb button_bg_color__hover_enabled=\u00a0\u00bboff\u00a0\u00bb button_one_bg_color__hover_enabled=\u00a0\u00bboff\u00a0\u00bb button_two_bg_color__hover_enabled=\u00a0\u00bboff\u00a0\u00bb][\/et_pb_contact_field][et_pb_contact_field field_id=\u00a0\u00bbApellidos\u00a0\u00bb field_title=\u00a0\u00bbNom de famille\u00a0\u00bb field_type=\u00a0\u00bbemail\u00a0\u00bb _builder_version=\u00a0\u00bb4.27.2&Prime; global_colors_info=\u00a0\u00bb{}\u00a0\u00bb button_text_size__hover_enabled=\u00a0\u00bboff\u00a0\u00bb button_one_text_size__hover_enabled=\u00a0\u00bboff\u00a0\u00bb button_two_text_size__hover_enabled=\u00a0\u00bboff\u00a0\u00bb button_text_color__hover_enabled=\u00a0\u00bboff\u00a0\u00bb button_one_text_color__hover_enabled=\u00a0\u00bboff\u00a0\u00bb button_two_text_color__hover_enabled=\u00a0\u00bboff\u00a0\u00bb button_border_width__hover_enabled=\u00a0\u00bboff\u00a0\u00bb button_one_border_width__hover_enabled=\u00a0\u00bboff\u00a0\u00bb button_two_border_width__hover_enabled=\u00a0\u00bboff\u00a0\u00bb button_border_color__hover_enabled=\u00a0\u00bboff\u00a0\u00bb button_one_border_color__hover_enabled=\u00a0\u00bboff\u00a0\u00bb button_two_border_color__hover_enabled=\u00a0\u00bboff\u00a0\u00bb button_border_radius__hover_enabled=\u00a0\u00bboff\u00a0\u00bb button_one_border_radius__hover_enabled=\u00a0\u00bboff\u00a0\u00bb button_two_border_radius__hover_enabled=\u00a0\u00bboff\u00a0\u00bb button_letter_spacing__hover_enabled=\u00a0\u00bboff\u00a0\u00bb button_one_letter_spacing__hover_enabled=\u00a0\u00bboff\u00a0\u00bb button_two_letter_spacing__hover_enabled=\u00a0\u00bboff\u00a0\u00bb button_bg_color__hover_enabled=\u00a0\u00bboff\u00a0\u00bb button_one_bg_color__hover_enabled=\u00a0\u00bboff\u00a0\u00bb button_two_bg_color__hover_enabled=\u00a0\u00bboff\u00a0\u00bb][\/et_pb_contact_field][et_pb_contact_field field_id=\u00a0\u00bbEmail\u00a0\u00bb field_title=\u00a0\u00bbEmail\u00a0\u00bb fullwidth_field=\u00a0\u00bbon\u00a0\u00bb _builder_version=\u00a0\u00bb4.27.2&Prime; _module_preset=\u00a0\u00bbdefault\u00a0\u00bb global_colors_info=\u00a0\u00bb{}\u00a0\u00bb][\/et_pb_contact_field][et_pb_contact_field field_id=\u00a0\u00bbMessage\u00a0\u00bb field_title=\u00a0\u00bbMessage\u00a0\u00bb field_type=\u00a0\u00bbtext\u00a0\u00bb fullwidth_field=\u00a0\u00bbon\u00a0\u00bb _builder_version=\u00a0\u00bb4.27.2&Prime; global_colors_info=\u00a0\u00bb{}\u00a0\u00bb button_text_size__hover_enabled=\u00a0\u00bboff\u00a0\u00bb button_one_text_size__hover_enabled=\u00a0\u00bboff\u00a0\u00bb button_two_text_size__hover_enabled=\u00a0\u00bboff\u00a0\u00bb button_text_color__hover_enabled=\u00a0\u00bboff\u00a0\u00bb button_one_text_color__hover_enabled=\u00a0\u00bboff\u00a0\u00bb button_two_text_color__hover_enabled=\u00a0\u00bboff\u00a0\u00bb button_border_width__hover_enabled=\u00a0\u00bboff\u00a0\u00bb button_one_border_width__hover_enabled=\u00a0\u00bboff\u00a0\u00bb button_two_border_width__hover_enabled=\u00a0\u00bboff\u00a0\u00bb button_border_color__hover_enabled=\u00a0\u00bboff\u00a0\u00bb button_one_border_color__hover_enabled=\u00a0\u00bboff\u00a0\u00bb button_two_border_color__hover_enabled=\u00a0\u00bboff\u00a0\u00bb button_border_radius__hover_enabled=\u00a0\u00bboff\u00a0\u00bb button_one_border_radius__hover_enabled=\u00a0\u00bboff\u00a0\u00bb button_two_border_radius__hover_enabled=\u00a0\u00bboff\u00a0\u00bb button_letter_spacing__hover_enabled=\u00a0\u00bboff\u00a0\u00bb button_one_letter_spacing__hover_enabled=\u00a0\u00bboff\u00a0\u00bb button_two_letter_spacing__hover_enabled=\u00a0\u00bboff\u00a0\u00bb button_bg_color__hover_enabled=\u00a0\u00bboff\u00a0\u00bb button_one_bg_color__hover_enabled=\u00a0\u00bboff\u00a0\u00bb button_two_bg_color__hover_enabled=\u00a0\u00bboff\u00a0\u00bb][\/et_pb_contact_field][\/et_pb_contact_form][\/et_pb_column][\/et_pb_row][\/et_pb_section]<\/p>\n","protected":false},"excerpt":{"rendered":"<p><span style=\"color: #b27b11;\"><strong>VARI\u00c9T\u00c9<\/strong><\/span> Miel de Thym Biologique<br \/>\n<span style=\"color: #b27b11;\"><strong>CONTENANCE<\/strong><\/span> 900gr, 450gr et 300gr<br \/>\n<span style=\"color: #b27b11;\"><strong>ORIGINE<\/strong><\/span> Communaut\u00e9 de Valence et province de Soria (ESPAGNE)<br \/>\n<span style=\"color: #b27b11;\"><strong>CARACTERISTIQUES SENSORIELLES<\/strong><\/span><br \/>\nAspect visuel (Couleur): Assez clair, rouge\u00e2tre. Ar\u00f4me: Floral avec une composante ph\u00e9nolique \u00e9vidente, tr\u00e8s intense et persistant. Gout (sensation en bouche): Gout suave, avec des notes \u00e9videntes acides. Texture (Cristallisation): Faible tendance \u00e0 la cristallisation.<br \/>\n<span style=\"color: #b27b11;\"><strong>INFORMATION SUR LE PRODUIT<\/strong><\/span> Le Miel de Thym Biologique \u00e9labor\u00e9 par nos abeilles \u00e0 partir de fleurs de thym sylvestre m\u00e9diterran\u00e9en qui pousse dans les Parcs Naturels de \u00ab Sierra Mariola \u00bb et \u00ab La Safor \u00bb. Et dans le Parc Naturel de la Cebollera. Ces parcs naturels sont situ\u00e9s dans la Communaut\u00e9 de Valence (Espagne) \u00e0 une altitude d\u2019environ 1.000 m\u00e8tres et le Parc Naturel de Sierra de la Cebollera est situ\u00e9 lui, dans la province de Soria (Espagne) \u00e0 une altitude de 1.800 m\u00e8tres.<br \/>\n<span style=\"color: #b27b11;\"><strong>SAISON DE COLLECTE<\/strong><\/span> JAN FEV MARS AVRIL MAI <strong>JUIN JUILLET<\/strong> AOUT SEPT OCT NOV DEC<\/p>\n","protected":false},"featured_media":29853,"comment_status":"closed","ping_status":"closed","template":"","meta":{"_et_pb_use_builder":"on","_et_pb_old_content":"Le Miel de Thym Biologique Bona Mel est \u00e9labor\u00e9 par nos abeilles \u00e0 partir de la fleur de thym sauvage m\u00e9diterran\u00e9en que l'on trouve dans le Parc Naturel \"Sierra Mariola\", situ\u00e9 dans la province d'Alicante (Espagne) et dans la r\u00e9gion de La Safor, situ\u00e9e dans la province de Valence (Espagne), \u00e0 une altitude approximative de 1.000 m\u00e8tres et dans le Parc Naturel de Sierra de la Cebollera situ\u00e9 dans la province de Soria (Espagne) \u00e0 une altitude de 1.800 m\u00e8tres. Notre miel de thym biologique a un aspect visuel moyennement clair rouge\u00e2tre, un ar\u00f4me floral avec une composante ph\u00e9nolique marqu\u00e9e, tr\u00e8s intense et persistante, et en bouche un go\u00fbt sucr\u00e9, avec des notes acides prononc\u00e9es. La saison de r\u00e9colte a lieu pendant les mois de juin et juillet.  \n\nD\u00e9conseill\u00e9 aux enfants de moins d'un an.\n<h2><span style=\"color: #b27b11\">Informations sur l'emballage<\/span><\/h2>\n<table border=\"0\" cellspacing=\"0\"><colgroup width=\"264\"><\/colgroup> <colgroup span=\"3\" width=\"254\"><\/colgroup>\n<tbody>\n<tr>\n<td align=\"center\" height=\"17\"><\/td>\n<td align=\"center\" bgcolor=\"#B2B2B2\"><b>900 gr<\/b><\/td>\n<td align=\"center\" bgcolor=\"#B2B2B2\"><b>450 gr<\/b><\/td>\n<td align=\"center\" bgcolor=\"#B2B2B2\"><b>300 gr<\/b><\/td>\n<\/tr>\n<tr>\n<td align=\"center\" height=\"17\">Emballage<\/td>\n<td align=\"center\">Verre<\/td>\n<td align=\"center\">Verre<\/td>\n<td align=\"center\">Verre<\/td>\n<\/tr>\n<tr>\n<td align=\"center\" height=\"17\">Poids net par unit\u00e9<\/td>\n<td align=\"center\">900 gr<\/td>\n<td align=\"center\">450 gr<\/td>\n<td align=\"center\">300 gr<\/td>\n<\/tr>\n<tr>\n<td align=\"center\" height=\"17\">Poids brut par unit\u00e9<\/td>\n<td align=\"center\">1245 gr<\/td>\n<td align=\"center\">680 gr<\/td>\n<td align=\"center\">450 gr<\/td>\n<\/tr>\n<tr>\n<td align=\"center\" height=\"17\">Dimensions (Longueur-Hauteur-Largeur)<\/td>\n<td align=\"center\">8,5 x 8,5 x 15,5 cm<\/td>\n<td align=\"center\">7,2 x 7,2 x 11 cm<\/td>\n<td align=\"center\">7,2 x 7,2 x 8,2 cm<\/td>\n<\/tr>\n<tr>\n<td align=\"center\" height=\"17\">Unit\u00e9s par bo\u00eete<\/td>\n<td align=\"center\">6<\/td>\n<td align=\"center\">10<\/td>\n<td align=\"center\">10<\/td>\n<\/tr>\n<tr>\n<td align=\"center\" height=\"17\">Dimensions de la bo\u00eete (longueur-hauteur-largeur)<\/td>\n<td align=\"center\">27 x 18,7 x 18,7 cm<\/td>\n<td align=\"center\">40 x 17 x 14 cm<\/td>\n<td align=\"center\">40 x 17 x 9,5 cm<\/td>\n<\/tr>\n<tr>\n<td align=\"center\" height=\"17\">Poids brut de la bo\u00eete<\/td>\n<td align=\"center\">7,81 kg<\/td>\n<td align=\"center\">7,17 kg<\/td>\n<td align=\"center\">5,50 kg<\/td>\n<\/tr>\n<tr>\n<td align=\"center\" height=\"17\">Dimensions de la palette<\/td>\n<td align=\"center\">120 x 80 cm<\/td>\n<td align=\"center\">120 x 80 cm<\/td>\n<td align=\"center\">120 x 80 cm<\/td>\n<\/tr>\n<tr>\n<td align=\"center\" height=\"17\">Cartons par usine<\/td>\n<td align=\"center\">16<\/td>\n<td align=\"center\">12<\/td>\n<td align=\"center\">12<\/td>\n<\/tr>\n<tr>\n<td align=\"center\" height=\"17\">Plantes par palette<\/td>\n<td align=\"center\">6<\/td>\n<td align=\"center\">7<\/td>\n<td align=\"center\">8<\/td>\n<\/tr>\n<tr>\n<td align=\"center\" height=\"17\">Cartons par palette<\/td>\n<td align=\"center\">96<\/td>\n<td align=\"center\">84<\/td>\n<td align=\"center\">96<\/td>\n<\/tr>\n<tr>\n<td align=\"center\" height=\"17\">Unit\u00e9s par palette<\/td>\n<td align=\"center\">576<\/td>\n<td align=\"center\">840<\/td>\n<td align=\"center\">960<\/td>\n<\/tr>\n<tr>\n<td align=\"center\" height=\"17\">Poids net de la palette<\/td>\n<td align=\"center\">518 kg<\/td>\n<td align=\"center\">378 kg<\/td>\n<td align=\"center\">288 kg<\/td>\n<\/tr>\n<tr>\n<td align=\"center\" height=\"17\">Poids total de la palette<\/td>\n<td align=\"center\">750 kg<\/td>\n<td align=\"center\">603 kg<\/td>\n<td align=\"center\">528 kg<\/td>\n<\/tr>\n<\/tbody>\n<\/table>\n\u00a0","_et_gb_content_width":""},"product_brand":[],"product_cat":[55,54],"product_tag":[],"class_list":{"0":"post-29852","1":"product","2":"type-product","3":"status-publish","4":"has-post-thumbnail","6":"product_cat-catalogue-des-produits","7":"product_cat-miel-biologique","9":"first","10":"instock","11":"taxable","12":"shipping-taxable","13":"purchasable","14":"product-type-variable"},"_links":{"self":[{"href":"https:\/\/www.bonamel.com\/fr\/wp-json\/wp\/v2\/product\/29852","targetHints":{"allow":["GET"]}}],"collection":[{"href":"https:\/\/www.bonamel.com\/fr\/wp-json\/wp\/v2\/product"}],"about":[{"href":"https:\/\/www.bonamel.com\/fr\/wp-json\/wp\/v2\/types\/product"}],"replies":[{"embeddable":true,"href":"https:\/\/www.bonamel.com\/fr\/wp-json\/wp\/v2\/comments?post=29852"}],"wp:featuredmedia":[{"embeddable":true,"href":"https:\/\/www.bonamel.com\/fr\/wp-json\/wp\/v2\/media\/29853"}],"wp:attachment":[{"href":"https:\/\/www.bonamel.com\/fr\/wp-json\/wp\/v2\/media?parent=29852"}],"wp:term":[{"taxonomy":"product_brand","embeddable":true,"href":"https:\/\/www.bonamel.com\/fr\/wp-json\/wp\/v2\/product_brand?post=29852"},{"taxonomy":"product_cat","embeddable":true,"href":"https:\/\/www.bonamel.com\/fr\/wp-json\/wp\/v2\/product_cat?post=29852"},{"taxonomy":"product_tag","embeddable":true,"href":"https:\/\/www.bonamel.com\/fr\/wp-json\/wp\/v2\/product_tag?post=29852"}],"curies":[{"name":"wp","href":"https:\/\/api.w.org\/{rel}","templated":true}]}}