{"id":30071,"date":"2014-09-08T17:06:04","date_gmt":"2014-09-08T15:06:04","guid":{"rendered":"https:\/\/www.bonamel.com\/conditions-dutilisation\/"},"modified":"2025-09-03T17:21:42","modified_gmt":"2025-09-03T15:21:42","slug":"conditions-dutilisation","status":"publish","type":"page","link":"https:\/\/www.bonamel.com\/fr\/conditions-dutilisation\/","title":{"rendered":"Conditions d\u2019utilisation"},"content":{"rendered":"<p>[et_pb_section fb_built=\u00a0\u00bb1&Prime; _builder_version=\u00a0\u00bb4.16&Prime; global_colors_info=\u00a0\u00bb{}\u00a0\u00bb][et_pb_row _builder_version=\u00a0\u00bb4.16&Prime; background_size=\u00a0\u00bbinitial\u00a0\u00bb background_position=\u00a0\u00bbtop_left\u00a0\u00bb background_repeat=\u00a0\u00bbrepeat\u00a0\u00bb global_colors_info=\u00a0\u00bb{}\u00a0\u00bb][et_pb_column type=\u00a0\u00bb4_4&Prime; _builder_version=\u00a0\u00bb4.16&Prime; custom_padding=\u00a0\u00bb|||\u00a0\u00bb global_colors_info=\u00a0\u00bb{}\u00a0\u00bb custom_padding__hover=\u00a0\u00bb|||\u00a0\u00bb][et_pb_text _builder_version=\u00a0\u00bb4.27.2&Prime; background_size=\u00a0\u00bbinitial\u00a0\u00bb background_position=\u00a0\u00bbtop_left\u00a0\u00bb background_repeat=\u00a0\u00bbrepeat\u00a0\u00bb hover_enabled=\u00a0\u00bb0&Prime; global_colors_info=\u00a0\u00bb{}\u00a0\u00bb sticky_enabled=\u00a0\u00bb0&Prime;]Conform\u00e9ment \u00e0 la loi 34\/2002 du 11 juillet sur les services de la soci\u00e9t\u00e9 de l\u2019information et du commerce \u00e9lectronique (LSSI-CE), BONA MEL ORGANIC S.L. informe qu\u2019il est propri\u00e9taire du site www.bonamel.com. Conform\u00e9ment aux exigences de l\u2019article 10 de la loi susmentionn\u00e9e, BONA MEL ORGANIC S.L. rapporte les donn\u00e9es suivantes :<br \/>\nLe propri\u00e9taire de ce site Web est BONA MEL ORGANIC S.L., avec CIF\/TVA : ESB-54112081 et dont le si\u00e8ge social est situ\u00e9 C\/Partida la Caseta S\/N \u2013 03829 ALQUERIA DE AZNAR ALICANTE, ESPAGNE, inscrite au Registre du Commerce d\u2019Alicante. Volume 3054, folio 188, page A99208. L\u2019adresse e-mail pour contacter l\u2019entreprise est : info@bonamel.com. Volume 3054, folio 188, page A99208 L\u2019adresse e-mail pour contacter l\u2019entreprise est: <a href=\"mailto:info@bonamel.com\">info@bonamel.com.<\/a><\/p>\n<p><strong>USUARIO Y R\u00c9GIMEN DE RESPONSABILIDADES<\/strong><br \/>\nNavigation, acc\u00e8s et utilisation du site Internet de BONA MEL ORGANIC S.L. conf\u00e8re la qualit\u00e9 d\u2019utilisateur, par lequel vous acceptez, en naviguant sur le site Web de BONA MEL ORGANIC S.L, toutes les conditions d\u2019utilisation \u00e9tablies ici sans pr\u00e9judice de l\u2019application des r\u00e9glementations de conformit\u00e9 l\u00e9gale obligatoires correspondantes, le cas \u00e9ch\u00e9ant. Le site Internet de BONA MEL ORGANIC S.L. offre une grande diversit\u00e9 d\u2019informations, de services et de donn\u00e9es. L\u2019utilisateur assume la responsabilit\u00e9 de l\u2019utilisation correcte du site Internet Cette responsabilit\u00e9 s\u2019\u00e9tendra \u00e0 :<\/p>\n<ul>\n<li>La v\u00e9racit\u00e9 et la l\u00e9galit\u00e9 des informations fournies par l\u2019utilisateur dans les formulaires \u00e9mis par BONA MEL ORGANIC S.L. pour acc\u00e9der \u00e0 certains contenus ou services propos\u00e9s par le site Internet<\/li>\n<li>L\u2019utilisation des informations, services et donn\u00e9es propos\u00e9s par BONA MEL ORGANIC S.L. contraire aux dispositions des pr\u00e9sentes conditions, \u00e0 la loi, aux bonnes m\u0153urs, aux bonnes m\u0153urs ou \u00e0 l\u2019ordre public, ou qui, de toute autre mani\u00e8re, pourrait impliquer une atteinte aux droits de tiers ou au fonctionnement du site Web lui-m\u00eame.<\/li>\n<\/ul>\n<p><strong>POLITIQUE DE LIEN ET AVIS DE NON-RESPONSABILIT\u00c9<\/strong><br \/>\nBONA MEL ORGANIQUE S.L. n\u2019est pas responsable du contenu des sites Internet auxquels l\u2019utilisateur peut acc\u00e9der \u00e0 travers les liens \u00e9tablis sur son site Internet et d\u00e9clare qu\u2019en aucun cas il ne proc\u00e9dera \u00e0 l\u2019examen ou \u00e0 l\u2019exercice d\u2019un quelconque type de contr\u00f4le sur le contenu des autres sites de la grille. De m\u00eame, il ne garantira pas la disponibilit\u00e9 technique, l\u2019exactitude, la v\u00e9racit\u00e9, la validit\u00e9 ou la l\u00e9galit\u00e9 des sites autres que sa propri\u00e9t\u00e9 et accessibles via les liens. De m\u00eame, il ne garantira pas la disponibilit\u00e9 technique, l\u2019exactitude, la v\u00e9racit\u00e9, la validit\u00e9 ou la l\u00e9galit\u00e9 des sites autres que sa propri\u00e9t\u00e9 et accessibles via les liens.<\/p>\n<p>BONA MEL ORGANIQUE S.L. d\u00e9clare avoir adopt\u00e9 toutes les mesures n\u00e9cessaires pour \u00e9viter tout pr\u00e9judice aux utilisateurs de son site Internet, pouvant d\u00e9couler de la navigation sur son site Internet. Par cons\u00e9quent, BONA MEL ORGANIC S.L. n\u2019est en aucun cas responsable des dommages que l\u2019utilisateur pourrait subir du fait de la navigation sur Internet.<\/p>\n<p><strong>MODIFICATIONS<\/strong><br \/>\nBONA MEL ORGANIQUE S.L. se r\u00e9serve le droit d\u2019apporter toutes modifications qu\u2019elle jugera utiles, sans pr\u00e9avis, au contenu de son site Internet. Tant en ce qui concerne le contenu du site Web que les conditions d\u2019utilisation de celui-ci. Ces modifications pourront \u00eatre apport\u00e9es \u00e0 via son site Internet de toute mani\u00e8re admissible par la loi et seront obligatoires pendant la dur\u00e9e de leur publication sur le site Internet et jusqu\u2019\u00e0 ce qu\u2019ils soient valablement modifi\u00e9s par les versions ult\u00e9rieures.<\/p>\n<p><strong>PROPRI\u00c9T\u00c9 INTELLECTUELLE ET INDUSTRIELLE<\/strong><br \/>\nBONA MEL ORGANIQUE S.L. , seul ou en tant que cessionnaire, est propri\u00e9taire de tous les droits de propri\u00e9t\u00e9 intellectuelle et industrielle de son site Internet, ainsi que des \u00e9l\u00e9ments qui y sont contenus (\u00e0 titre d\u2019exemple, images, sons, audio, vid\u00e9o, logiciels ou textes ; marques). ou logos, combinaisons de couleurs, structure et design, s\u00e9lection des mat\u00e9riaux utilis\u00e9s, programmes informatiques n\u00e9cessaires \u00e0 son fonctionnement, acc\u00e8s et utilisation, etc.), propri\u00e9t\u00e9 de BONA MEL ORGANIC S.L. Il s\u2019agira donc d\u2019\u0153uvres prot\u00e9g\u00e9es en tant que propri\u00e9t\u00e9 intellectuelle par le syst\u00e8me juridique espagnol, \u00e0 la fois les r\u00e9glementations espagnoles et communautaires dans ce domaine leur seront applicables, ainsi que les trait\u00e9s internationaux li\u00e9s \u00e0 ce sujet et sign\u00e9s par l\u2019Espagne.<\/p>\n<p>En vertu des dispositions des articles 8 et 32.1, deuxi\u00e8me alin\u00e9a, de la Loi sur la Propri\u00e9t\u00e9 Intellectuelle, la reproduction, la distribution et la communication publique, y compris le mode de mise \u00e0 disposition, de tout ou partie du contenu de ce site Web, \u00e0 des fins commerciales , sur tout support et par tout moyen technique, sans l\u2019autorisation de BONA MEL ORGANIC S.L. L\u2019utilisateur s\u2019engage \u00e0 respecter les droits de propri\u00e9t\u00e9 intellectuelle et industrielle d\u00e9tenus par BONA MEL ORGANIC S.L.. Vous pouvez visualiser les \u00e9l\u00e9ments du portail et m\u00eame les imprimer, les copier et les stocker sur le disque dur de votre ordinateur ou sur tout autre support physique \u00e0 condition que il est, uniquement et exclusivement, destin\u00e9 \u00e0 votre usage personnel et priv\u00e9. L\u2019utilisateur doit s\u2019abstenir de supprimer, alt\u00e9rer, \u00e9luder ou manipuler tout dispositif de protection ou syst\u00e8me de s\u00e9curit\u00e9 install\u00e9 sur les pages de BONA MEL ORGANIC S.L.<\/p>\n<p><strong>ACTIONS JUDICIAIRES, LOI APPLICABLE ET JURIDICTION<\/strong><\/p>\n<p>BONA MEL ORGANIQUE S.L. Il se r\u00e9serve \u00e9galement le droit d\u2019engager les actions civiles ou p\u00e9nales qu\u2019il juge appropri\u00e9es pour une utilisation inappropri\u00e9e de son site Internet et de son contenu, ou pour le non-respect de ces conditions.<\/p>\n<p>La relation entre l\u2019utilisateur et le fournisseur sera r\u00e9gie par la r\u00e9glementation en vigueur et applicable sur le territoire espagnol. En cas de litige, les parties pourront soumettre leurs conflits \u00e0 l\u2019arbitrage ou s\u2019adresser \u00e0 la juridiction ordinaire, en respectant les r\u00e8gles de comp\u00e9tence et<br \/>\nconcurrence \u00e0 cet \u00e9gard. BONA MEL ORGANIQUE S.L. est domicili\u00e9 \u00e0 ALICANTE, Espagne.[\/et_pb_text][\/et_pb_column][\/et_pb_row][\/et_pb_section]<\/p>\n","protected":false},"excerpt":{"rendered":"<p>Conform\u00e9ment \u00e0 la loi 34\/2002 du 11 juillet sur les services de la soci\u00e9t\u00e9 de l\u2019information et du commerce \u00e9lectronique (LSSI-CE), BONA MEL ORGANIC S.L. informe qu\u2019il est propri\u00e9taire du site www.bonamel.com. Conform\u00e9ment aux exigences de l\u2019article 10 de la loi susmentionn\u00e9e, BONA MEL ORGANIC S.L. rapporte les donn\u00e9es suivantes : Le propri\u00e9taire de ce [&hellip;]<\/p>\n","protected":false},"author":55,"featured_media":0,"parent":0,"menu_order":0,"comment_status":"open","ping_status":"open","template":"","meta":{"_et_pb_use_builder":"on","_et_pb_old_content":"","_et_gb_content_width":"","footnotes":""},"class_list":["post-30071","page","type-page","status-publish","hentry"],"_links":{"self":[{"href":"https:\/\/www.bonamel.com\/fr\/wp-json\/wp\/v2\/pages\/30071","targetHints":{"allow":["GET"]}}],"collection":[{"href":"https:\/\/www.bonamel.com\/fr\/wp-json\/wp\/v2\/pages"}],"about":[{"href":"https:\/\/www.bonamel.com\/fr\/wp-json\/wp\/v2\/types\/page"}],"author":[{"embeddable":true,"href":"https:\/\/www.bonamel.com\/fr\/wp-json\/wp\/v2\/users\/55"}],"replies":[{"embeddable":true,"href":"https:\/\/www.bonamel.com\/fr\/wp-json\/wp\/v2\/comments?post=30071"}],"version-history":[{"count":2,"href":"https:\/\/www.bonamel.com\/fr\/wp-json\/wp\/v2\/pages\/30071\/revisions"}],"predecessor-version":[{"id":30073,"href":"https:\/\/www.bonamel.com\/fr\/wp-json\/wp\/v2\/pages\/30071\/revisions\/30073"}],"wp:attachment":[{"href":"https:\/\/www.bonamel.com\/fr\/wp-json\/wp\/v2\/media?parent=30071"}],"curies":[{"name":"wp","href":"https:\/\/api.w.org\/{rel}","templated":true}]}}