{"id":30052,"date":"2020-07-22T09:09:36","date_gmt":"2020-07-22T07:09:36","guid":{"rendered":"https:\/\/www.bonamel.com\/conditions-dachat\/"},"modified":"2025-09-03T17:03:50","modified_gmt":"2025-09-03T15:03:50","slug":"conditions-dachat","status":"publish","type":"page","link":"https:\/\/www.bonamel.com\/fr\/conditions-dachat\/","title":{"rendered":"Conditions d&rsquo;achat"},"content":{"rendered":"<p>[et_pb_section fb_built=\u00a0\u00bb1&Prime; _builder_version=\u00a0\u00bb4.16&Prime; global_colors_info=\u00a0\u00bb{}\u00a0\u00bb][et_pb_row _builder_version=\u00a0\u00bb4.16&Prime; background_size=\u00a0\u00bbinitial\u00a0\u00bb background_position=\u00a0\u00bbtop_left\u00a0\u00bb background_repeat=\u00a0\u00bbrepeat\u00a0\u00bb global_colors_info=\u00a0\u00bb{}\u00a0\u00bb][et_pb_column type=\u00a0\u00bb4_4&Prime; _builder_version=\u00a0\u00bb4.16&Prime; custom_padding=\u00a0\u00bb|||\u00a0\u00bb global_colors_info=\u00a0\u00bb{}\u00a0\u00bb custom_padding__hover=\u00a0\u00bb|||\u00a0\u00bb][et_pb_text _builder_version=\u00a0\u00bb4.27.4&Prime; background_size=\u00a0\u00bbinitial\u00a0\u00bb background_position=\u00a0\u00bbtop_left\u00a0\u00bb background_repeat=\u00a0\u00bbrepeat\u00a0\u00bb hover_enabled=\u00a0\u00bb0&Prime; global_colors_info=\u00a0\u00bb{}\u00a0\u00bb sticky_enabled=\u00a0\u00bb0&Prime;]Tous les achats effectu\u00e9s dans la boutique en ligne <a href=\"http:\/\/bonamel.com\/\">bonamel.com\/<\/a> (ci-apr\u00e8s Bonamel.com avec adresse \u00e0 C\/ Partida la Caseta S\/N 03829 Alqueria de Aznar , Alicante, Espagne CIF\/NIF N\u00baB-54112081, sont soumis aux Conditions G\u00e9n\u00e9rales d\u2019Utilisation \u00e9nonc\u00e9es ci-dessous :<\/p>\n<p>&nbsp;<\/p>\n<h2>1. Territoire d\u2019application<\/h2>\n<p>Dans quels pays peut-on acheter en ligne sur bonamel.com?<\/p>\n<p>Actuellement, vous pouvez effectuer votre achat en Espagne.<\/p>\n<p>Pour la vente et l\u2019exp\u00e9dition de produits aux \u00eeles Canaries, Bal\u00e9ares, Ceuta et Melilla, vous pouvez consulter la proc\u00e9dure de passation de commande, le d\u00e9lai de livraison et le montant des frais d\u2019exp\u00e9dition via l\u2019e-mail info@bonamel.com, en indiquant les produits demand\u00e9s et l\u2019adresse de livraison.<\/p>\n<h2>2. Tarifs<\/h2>\n<p>Tous les prix de nos produits sont indiqu\u00e9s en Euros (\u20ac) et correspondent au prix unitaire TTC et livr\u00e9s \u00e0 l\u2019adresse de votre choix, mais n\u2019incluent pas les frais de port, sp\u00e9cifiques \u00e0 chaque commande, et communiqu\u00e9s par Bonamel. com en fonction du volume de la commande et de la zone de livraison. Le montant des frais de port sera ajout\u00e9 au total de la facture. <\/p>\n<p>\u2022<span style=\"white-space: pre;\">    <\/span>TVA : En ce qui concerne la TVA, en r\u00e8gle g\u00e9n\u00e9rale, le taux d\u2019imposition de 10 % sera appliqu\u00e9 pour le territoire espagnol.<\/p>\n<p>\u2022<span style=\"white-space: pre;\">    <\/span>Validit\u00e9 : Les prix affich\u00e9s sur bonamel.com sont valables au moment de la consultation par le client ou pendant la p\u00e9riode indiqu\u00e9e sur Bonamel.com, et peuvent \u00eatre revus et modifi\u00e9s si les conditions l\u2019exigent \u00e0 tout moment. Les prix factur\u00e9s sont ceux en vigueur au moment de la passation de la commande. <\/p>\n<p>\u2022<span style=\"white-space: pre;\">    <\/span>Produits propos\u00e9s : Tous les produits dont Bonamel.com fait la promotion \u00e0 un prix sp\u00e9cial seront affich\u00e9s sur le site Web avec les informations suivantes : prix de l\u2019offre, prix r\u00e9gulier et date de fin de l\u2019offre ou de la promotion. Ces offres seront disponibles jusqu\u2019\u00e0 la date indiqu\u00e9e, auquel cas le produit dispara\u00eetra automatiquement du site Internet. <\/p>\n<h2>3. Modes de paiement<\/h2>\n<p>Bonamel.com propose deux modes de paiement:<\/p>\n<p>1) Virement bancaire<\/p>\n<p>2) Carte de cr\u00e9dit (Paiement S\u00e9curis\u00e9 avec VISA ou MASTERCARD)<\/p>\n<p>&nbsp;<\/p>\n<p>&nbsp;<\/p>\n<p>1) Virement bancaire<\/p>\n<p>\u2022<span style=\"white-space: pre;\">    <\/span>Lorsque vous s\u00e9lectionnez le virement bancaire comme moyen de paiement, vous recevrez, accompagn\u00e9 de la confirmation de votre commande, un email vous indiquant le num\u00e9ro de compte sur lequel effectuer le virement bancaire au nom de Bonamel.com.<\/p>\n<p>\u2022<span style=\"white-space: pre;\">    <\/span>Il est tr\u00e8s important que vous indiquiez en objet le num\u00e9ro de commande, ainsi que vos nom et pr\u00e9nom, et que vous effectuiez le virement dans les 3 jours suivant la date de confirmation de la commande afin de la valider.<\/p>\n<p>\u2022<span style=\"white-space: pre;\">    <\/span>Si vous le souhaitez, vous pouvez nous envoyer une preuve du transfert par email \u00e0 ventas@bonamel.com. Mais en tout \u00e9tat de cause, la commande ne sera consid\u00e9r\u00e9e comme effective que lorsque notre service administratif aura re\u00e7u la confirmation bancaire du virement. <\/p>\n<p>\u2022<span style=\"white-space: pre;\">    <\/span>N\u2019oubliez pas que vous devez effectuer le paiement en EUROS et que tous les \u00e9ventuels frais de change et bancaires sont \u00e0 votre charge en optant pour ce syst\u00e8me de paiement.<\/p>\n<p>2) Carte de cr\u00e9dit VISA ou MASTERCARD<\/p>\n<p>\u2022<span style=\"white-space: pre;\">    <\/span>Nous garantissons que chacune des transactions effectu\u00e9es sur Bonamel.com est 100% s\u00e9curis\u00e9e. Toutes les op\u00e9rations impliquant la transmission de donn\u00e9es personnelles ou bancaires sont r\u00e9alis\u00e9es dans un environnement s\u00e9curis\u00e9. Bonamel.com utilise un serveur bas\u00e9 sur la technologie de s\u00e9curit\u00e9 standard SSL (Secure Socked Layer). Toutes les informations que vous nous transmettez voyagent crypt\u00e9es sur le r\u00e9seau. (Si vous souhaitez en savoir plus, visitez notre rubrique Paiement S\u00e9curis\u00e9).    <\/p>\n<p>\u2022<span style=\"white-space: pre;\">    <\/span>De m\u00eame, les donn\u00e9es de votre carte de cr\u00e9dit ne sont enregistr\u00e9es dans aucune base de donn\u00e9es mais vont directement au POS (Point of Sale Terminal) de la Banque.<\/p>\n<p>\u2022<span style=\"white-space: pre;\">    <\/span>De plus, nous vous informons que dans le but d\u2019offrir une plus grande s\u00e9curit\u00e9 aux titulaires de cartes de cr\u00e9dit, nous avons int\u00e9gr\u00e9 \u00e0 notre passerelle de paiement le syst\u00e8me de paiement s\u00e9curis\u00e9 appel\u00e9 CES (Secure Electronic Commerce). Ainsi, si vous \u00eates titulaire d\u2019une carte \u00ab s\u00e9curis\u00e9e \u00bb, vous pourrez toujours effectuer des paiements avec une carte VISA ou MASTERCARD dans notre magasin. <\/p>\n<p>\u2022<span style=\"white-space: pre;\">    <\/span>Dans le cas o\u00f9 votre carte n\u2019est pas membre de ce syst\u00e8me de paiement, Bonamel.com n\u2019acceptera le paiement par carte bancaire VISA ou MASTERCARD qu\u2019aux clients ayant pr\u00e9alablement d\u00e9montr\u00e9 leur anciennet\u00e9 et leur fiabilit\u00e9.<\/p>\n<p>\u2022<span style=\"white-space: pre;\">    <\/span>Dans les deux cas, lors d\u2019un paiement avec une carte VISA ou MASTERCARD, les informations suivantes vous seront toujours demand\u00e9es : le num\u00e9ro de la carte, la date d\u2019expiration et un Code de Validation qui correspond aux 3 derniers chiffres du num\u00e9ro imprim\u00e9 en italique au dos de votre carte. carte VISA ou MASTERCARD, offrant ainsi plus de garanties sur la s\u00e9curit\u00e9 de la transaction.<\/p>\n<p>\u2022<span style=\"white-space: pre;\">    <\/span>Important : La fraude par carte de cr\u00e9dit est un d\u00e9lit et Bonamel.com engagera des poursuites judiciaires contre toute personne effectuant une transaction frauduleuse dans notre boutique en ligne.<\/p>\n<p>&nbsp;<\/p>\n<p>Nous prot\u00e9geons vos donn\u00e9es avec SSL, l\u2019acronyme qui correspond aux termes en anglais (Secure Socket Layer), qui est un protocole de s\u00e9curit\u00e9 qui garantit que vos donn\u00e9es voyagent compl\u00e8tement et en toute s\u00e9curit\u00e9, c\u2019est-\u00e0-dire la transmission des donn\u00e9es entre un serveur et un utilisateur Web. , et en retour, est enti\u00e8rement crypt\u00e9 ou crypt\u00e9.<\/p>\n<p>&nbsp;<\/p>\n<h2>4. D\u00e9lais de livraison et modes d\u2019exp\u00e9dition<\/h2>\n<p>&nbsp;<\/p>\n<p>L\u2019un de nos principaux efforts consiste \u00e0 traiter les commandes dans les plus brefs d\u00e9lais.<\/p>\n<p>Bonamel.com garantit la livraison au transporteur, le lendemain de la passation de la commande, de toutes les commandes confirm\u00e9es avant 15h00 (heure de la p\u00e9ninsule espagnole), \u00e0 \u200b\u200bcondition qu\u2019elles soient en stock, et sauf si elles sont effectu\u00e9es les dimanches et jours f\u00e9ri\u00e9s. auquel cas la commande sera trait\u00e9e le premier jour ouvrable suivant le jour de sa passation.<\/p>\n<p>De plus, il faut tenir compte du fait que les d\u00e9lais sont calcul\u00e9s en jours ouvrables et peuvent \u00eatre modifi\u00e9s par les jours f\u00e9ri\u00e9s locaux ou nationaux. Et n\u2019oubliez pas que si le mode de paiement choisi est le virement bancaire, la commande ne sera exp\u00e9di\u00e9e qu\u2019apr\u00e8s confirmation bancaire du virement. <\/p>\n<p>Dans le cas d\u2019une commande d\u2019un produit sans disponibilit\u00e9 imm\u00e9diate, celle-ci sera consid\u00e9r\u00e9e comme une pr\u00e9commande et sera confirm\u00e9e par email par Bonamel.com dans les plus brefs d\u00e9lais, o\u00f9 la disponibilit\u00e9 du produit et le d\u00e9lai de livraison pr\u00e9vu seront d\u00e9termin\u00e9s. \u00e9galement \u00eatre indiqu\u00e9. Une fois re\u00e7u, vous pouvez activer la commande et la faire livrer \u00e0 la date pr\u00e9vue ou l\u2019annuler. <\/p>\n<p>Bonamel.com se r\u00e9serve le droit de modifier le type d\u2019exp\u00e9dition et l\u2019entreprise par laquelle elle est effectu\u00e9e, ind\u00e9pendamment de ce qui est indiqu\u00e9 sur ces pages, et pour autant que cela n\u2019entra\u00eene pas de pr\u00e9judice \u00e9vident pour le client.<\/p>\n<p>Remarque: En aucun cas les envois ne seront effectu\u00e9s vers des bo\u00eetes postales.<\/p>\n<p>&nbsp;<\/p>\n<p>Bonamel.com propose trois modes d\u2019exp\u00e9dition:<\/p>\n<p>&nbsp;<\/p>\n<p>Bonamel.com garantit la livraison par service dans les 72 heures suivant la passation de la commande, de toutes celles confirm\u00e9es avant 15h00 (heure de la p\u00e9ninsule espagnole), chaque fois qu\u2019une disponibilit\u00e9 est trouv\u00e9e et \u00e0 moins qu\u2019elles ne soient effectu\u00e9es les dimanches et jours f\u00e9ri\u00e9s, auquel cas le demand\u00e9 le service sera trait\u00e9 le premier jour ouvrable suivant le jour o\u00f9 il est effectu\u00e9.<\/p>\n<p>De plus, il faut tenir compte du fait que les d\u00e9lais sont calcul\u00e9s en jours ouvrables et peuvent \u00eatre modifi\u00e9s par les jours f\u00e9ri\u00e9s locaux ou nationaux. Et n\u2019oubliez pas que si le mode de paiement choisi est le virement bancaire, la commande ne sera exp\u00e9di\u00e9e qu\u2019apr\u00e8s confirmation bancaire du virement. <\/p>\n<p>&nbsp;<\/p>\n<p>Dans le cas d\u2019une commande d\u2019un service sans disponibilit\u00e9 imm\u00e9diate, celle-ci sera comprise comme une pr\u00e9commande et sera confirm\u00e9e par email par Bonamel.com dans les plus brefs d\u00e9lais, o\u00f9 la disponibilit\u00e9 du produit et le d\u00e9lai de livraison pr\u00e9vu seront d\u00e9termin\u00e9s. \u00e9galement \u00eatre indiqu\u00e9. Une fois re\u00e7u, vous pouvez activer la commande et la faire livrer \u00e0 la date pr\u00e9vue ou l\u2019annuler. <\/p>\n<p>Bonamel.com se r\u00e9serve le droit de modifier le type d\u2019exp\u00e9dition ind\u00e9pendamment de ce qui est indiqu\u00e9 sur ces pages, et \u00e0 condition que cela n\u2019entra\u00eene pas de pr\u00e9judice \u00e9vident pour le client.<\/p>\n<p>&nbsp;<\/p>\n<p>&nbsp;<\/p>\n<p>1) Livraison \u00e0 domicile<\/p>\n<p>Exp\u00e9dition vers l\u2019Espagne p\u00e9ninsulaire par coursier 48-72 heures \u00e0 l\u2019adresse que vous indiquez.<\/p>\n<p>2) Retrait en magasin<\/p>\n<p>Si vous le souhaitez, vous pouvez r\u00e9cup\u00e9rer votre commande sans frais suppl\u00e9mentaires dans notre magasin situ\u00e9 \u00e0 C\/ Partida la Caseta S\/N \u00e0 Alqueria d\u2019Aznar dans la province d\u2019Alicante et \u00e9conomiser sur les frais d\u2019exp\u00e9dition. Vous n\u2019aurez qu\u2019\u00e0 cocher cette option au moment d\u2019indiquer l\u2019adresse de livraison de votre commande. <\/p>\n<p>Lorsque la Commande aura quitt\u00e9 nos entrep\u00f4ts, nous vous en informerons d\u00fbment \u00e0 l\u2019adresse email que vous nous avez fournie. Veuillez informer Bonamel.com par email \u00e0 ventas@bonamel.com si vous n\u2019avez pas re\u00e7u votre Commande 48 heures apr\u00e8s avoir re\u00e7u ladite notification. <\/p>\n<p>Les envois retourn\u00e9s \u00e0 Bonamel.com par la soci\u00e9t\u00e9 de messagerie en raison d\u2019une n\u00e9gligence du client ou d\u2019une adresse de livraison incompl\u00e8te ou erron\u00e9e, ne seront r\u00e9exp\u00e9di\u00e9s que lorsque le client aura pay\u00e9 les frais d\u2019exp\u00e9dition correspondant \u00e0 un nouvel envoi (ne pouvant plus b\u00e9n\u00e9ficier des frais d\u2019exp\u00e9dition gratuits). si votre commande d\u00e9passe les montants minimum requis).<\/p>\n<h2>5. Frais d\u2019exp\u00e9dition<\/h2>\n<p>Chez Bonamel.com, les frais de livraison varient en fonction de la destination d\u2019exp\u00e9dition,<\/p>\n<p>&nbsp;<\/p>\n<p>&nbsp;<\/p>\n<p>2.2) Enl\u00e8vement sur Bonamel.com : AUCUN FRAIS DE LIVRAISON vers l\u2019Espagne, pour les \u00eeles Bal\u00e9ares il y aurait un co\u00fbt de transport de 20 \u20ac plus TVA, et pour les \u00eeles Canaries, Ceuta et Melilla, un co\u00fbt de 40 \u20ac<\/p>\n<p>Les commandes r\u00e9cup\u00e9r\u00e9es directement sur notre Bonamel.com situ\u00e9 dans la rue Partida la Caseta S\/N n\u2019ont pas de frais d\u2019exp\u00e9dition. Pour \u00e9conomiser les frais de port, il vous suffira de s\u00e9lectionner l\u2019option \u00ab Retrait en magasin \u00bb au moment d\u2019indiquer le mode d\u2019exp\u00e9dition de votre commande. <\/p>\n<p>&nbsp;<\/p>\n<p>(*) Frais d\u2019exp\u00e9dition vers l\u2019Espagne, la P\u00e9ninsule et le Portugal, pour des commandes jusqu\u2019\u00e0 un poids maximum de 10 kg et un colis dont les dimensions (hauteur+largeur+longueur) ne d\u00e9passent pas 150 cm (colis de 50x50x50 cm max.). Si votre commande est plus lourde ou plus volumineuse, nous vous informerons des frais de port qui en r\u00e9sultent. Vous pouvez le v\u00e9rifier directement dans le panier avant de confirmer la commande.  <\/p>\n<h2>6. Garantie<\/h2>\n<p>En cas de produit d\u00e9fectueux, Bonamel.com devra proc\u00e9der, le cas \u00e9ch\u00e9ant, \u00e0 la r\u00e9paration, au remplacement, \u00e0 la r\u00e9duction du prix ou \u00e0 la r\u00e9siliation du contrat, d\u00e9marches qui seront gratuites pour le consommateur et l\u2019utilisateur. Bonamel.com est responsable de tout d\u00e9faut de conformit\u00e9 apparaissant dans un d\u00e9lai d\u2019une semaine \u00e0 compter de la livraison. Le consommateur et l\u2019utilisateur doivent informer Bonamel.com du d\u00e9faut de conformit\u00e9 dans un d\u00e9lai d\u2019une semaine apr\u00e8s en avoir pris connaissance.  <\/p>\n<p>De plus, les clients Bonamel.com b\u00e9n\u00e9ficient de la garantie accord\u00e9e par les diff\u00e9rents fabricants de chacun des articles.<\/p>\n<p>Si un incident survient avec un article achet\u00e9 sur Bonamel.com, vous devez le notifier par e-mail \u00e0 ventas@bonamel.com. Vous devez nous fournir le num\u00e9ro de facture (indispensable \u2013 la facture est livr\u00e9e avec l\u2019exp\u00e9dition de l\u2019achat) et les d\u00e9tails de l\u2019incident. <\/p>\n<p>Les diminutions de fonctionnalit\u00e9 des articles, dues \u00e0 des limitations de leur conception, sont \u00e9galement exclues de la couverture de cette garantie.<\/p>\n<p>&nbsp;<\/p>\n<h2>7. Retours<\/h2>\n<p>&nbsp;<\/p>\n<p>Notre service client dispose d\u2019un service apr\u00e8s-vente pour r\u00e9soudre tout probl\u00e8me avec nos produits ou exp\u00e9ditions, gr\u00e2ce auquel nous essayons d\u2019offrir une attention rapide et efficace \u00e0 nos clients. Vous pouvez le contacter en \u00e9crivant \u00e0 l\u2019adresse email suivante : ventas@bonamel.com. <\/p>\n<p>Si pour une raison quelconque vous n\u2019\u00eates pas satisfait de votre commande, vous disposez d\u2019un d\u00e9lai de 14 jours calendaires, \u00e0 compter de la date de livraison de la commande, pour exercer votre droit de r\u00e9tractation. (Conform\u00e9ment \u00e0 l\u2019article 44 de la loi 7\/1996 du 15 janvier de r\u00e9glementation du commerce de d\u00e9tail, modifi\u00e9e par la loi 47\/2002 du 19 d\u00e9cembre). <\/p>\n<p>Si vous souhaitez effectuer un retour, veuillez d\u2019abord v\u00e9rifier que vous remplissez toutes les conditions suivantes avant de nous envoyer le produit:<\/p>\n<p>Nous n\u2019accepterons les retours que lorsque le produit sera retourn\u00e9 en parfait \u00e9tat et que son bon \u00e9tat et son fonctionnement auront \u00e9t\u00e9 v\u00e9rifi\u00e9s. Si le produit n\u2019est pas retourn\u00e9 dans le m\u00eame emballage d\u2019origine, le produit pourra subir une d\u00e9pr\u00e9ciation. <\/p>\n<p>Envoyez un e-mail \u00e0 commandes@bonamel.com afin que nous puissions autoriser, traiter et indiquer comment effectuer le retour. Sans cette autorisation, le produit ne sera pas accept\u00e9 et sera renvoy\u00e9 \u00e0 son origine. <\/p>\n<p>Une fois que nous aurons re\u00e7u la marchandise dans nos entrep\u00f4ts et v\u00e9rifi\u00e9 que toutes les conditions ci-dessus sont remplies, Bonamel.com acceptera le retour du produit et le montant sera rembours\u00e9 sur le num\u00e9ro de compte que vous avez indiqu\u00e9 ou sur la carte avec laquelle vous avez effectu\u00e9 le paiement. Veuillez noter que le d\u00e9lai de traitement du retour doit \u00eatre ajout\u00e9 au d\u00e9lai de livraison habituel. <\/p>\n<p>Uniquement si le retour est la cons\u00e9quence d\u2019une erreur dans la pr\u00e9paration de la commande par notre service de vente en ligne, tous les frais de port sont pris en charge par Bonamel.com. Dans ce cas, il est indispensable que vous contactiez notre service client pour r\u00e9gler les d\u00e9tails du retour. <\/p>\n<p>&nbsp;<\/p>\n<h2>8. Changements<\/h2>\n<p>Si vous souhaitez apporter une modification, contactez notre service client par e-mail ventas@bonamel.com. Notre \u00e9quipe vous contactera par email ou au num\u00e9ro de t\u00e9l\u00e9phone de contact que vous aurez indiqu\u00e9. <\/p>\n<p>Uniquement si le changement est la cons\u00e9quence d\u2019une erreur dans la pr\u00e9paration de la commande par notre service de vente en ligne, tous les frais de port sont pris en charge par Bonamel.com. Dans ce cas, il est indispensable que vous contactiez notre service client pour fixer les d\u00e9tails du changement. <\/p>\n<p>Une fois que nous aurons re\u00e7u la marchandise dans nos entrep\u00f4ts et v\u00e9rifi\u00e9 que toutes les conditions ci-dessus sont remplies, Bonamel.com acceptera l\u2019\u00e9change du produit et le produit demand\u00e9 sera exp\u00e9di\u00e9. Si le montant de la diff\u00e9rence de change est sup\u00e9rieur, elle sera envoy\u00e9e selon les syst\u00e8mes de paiement accept\u00e9s dans les pr\u00e9sentes conditions. Dans le cas o\u00f9 la diff\u00e9rence de prix des deux articles serait en faveur du client, le montant sera rembours\u00e9 par virement bancaire sur le compte indiqu\u00e9 ou sur la carte avec laquelle le paiement a \u00e9t\u00e9 effectu\u00e9.  <\/p>\n<p>&nbsp;<\/p>\n<h2>9. Protection des donn\u00e9es personnelles<\/h2>\n<p>&nbsp;<\/p>\n<p>Conform\u00e9ment aux dispositions de la loi organique 15\/1999 du 13 d\u00e9cembre sur la protection des donn\u00e9es personnelles, Bonamel.com informe ses clients que toutes les donn\u00e9es personnelles qui nous sont fournies seront incluses dans un fichier automatis\u00e9 de donn\u00e9es personnelles, cr\u00e9\u00e9. et maintenu sous la responsabilit\u00e9 de Bonamel.com, dont l\u2019adresse est Calle Partida la Caseta S\/N Alqueria d\u2019Aznar, Alicante<\/p>\n<p>Le but de ce fichier est de faciliter la gestion et le traitement des commandes et, si vous nous avez express\u00e9ment autoris\u00e9 dans la case correspondante, \u00e9galement d\u2019envoyer \u00e0 l\u2019avenir, directement ou par l\u2019interm\u00e9diaire de soci\u00e9t\u00e9s collaboratrices, des communications commerciales sur les produits et services qui pourraient l\u2019\u00eatre. d\u2019int\u00e9r\u00eat pour nos clients.<\/p>\n<p>Bonamel.com garantit la s\u00e9curit\u00e9 et la confidentialit\u00e9 des donn\u00e9es fournies. Elle s\u2019engage ainsi \u00e0 respecter son obligation de secret des donn\u00e9es personnelles et son devoir de conservation et \u00e0 adopter toutes les mesures n\u00e9cessaires pour emp\u00eacher leur alt\u00e9ration, perte, traitement ou utilisation non autoris\u00e9e. <\/p>\n<p>Les clients de Bonamel.com peuvent \u00e0 tout moment exercer leurs droits d\u2019acc\u00e8s, de rectification, annulation et opposition, en le communiquant par \u00e9crit \u00e0 notre adresse e-mail info@bonamel.com ou par \u00e9crit \u00e0 Bonamel.com, dont l\u2019adresse est Calle Partida la Caseta S\/ N Alqueria d\u2019Aznar, Alicante, Espagne.<\/p>\n<p>&nbsp;<\/p>\n<p>&nbsp;<\/p>\n<h2>10. Limitation de responsabilit\u00e9<\/h2>\n<p>Bonamel.com fera tous les efforts raisonnables pour remplir ses obligations. Cependant, Bonamel.com ne peut \u00eatre tenu responsable des retards ou des d\u00e9fauts de livraison caus\u00e9s par des circonstances ind\u00e9pendantes de sa volont\u00e9 raisonnable. De telles circonstances incluent les gr\u00e8ves, les guerres, les catastrophes naturelles ou toute autre situation pouvant emp\u00eacher la production, le transport ou la livraison des produits.  <\/p>\n<p>&nbsp;<\/p>\n<h2>11. Mineurs<\/h2>\n<p>Nous ne vendons pas de produits aux mineurs. Les produits que nous vendons doivent \u00eatre achet\u00e9s par des adultes. Les mineurs de moins de 18 ans ne peuvent utiliser les services Bonamel.com que sous la surveillance d\u2019un parent ou d\u2019un tuteur.  <\/p>\n<p>&nbsp;<\/p>\n<h2>12. Disponibilit\u00e9<\/h2>\n<p>Le fait d\u2019inclure un produit sur notre site internet n\u2019implique pas sa disponibilit\u00e9 en magasin. Bonamel.com ne peut donc pas garantir la disponibilit\u00e9 totale des produits annonc\u00e9s sur le site. La disponibilit\u00e9 de chaque produit d\u00e9pend de la demande du client.  [\/et_pb_text][\/et_pb_column][\/et_pb_row][\/et_pb_section]<\/p>\n","protected":false},"excerpt":{"rendered":"<p>Tous les achats effectu\u00e9s dans la boutique en ligne bonamel.com\/ (ci-apr\u00e8s Bonamel.com avec adresse \u00e0 C\/ Partida la Caseta S\/N 03829 Alqueria de Aznar , Alicante, Espagne CIF\/NIF N\u00baB-54112081, sont soumis aux Conditions G\u00e9n\u00e9rales d\u2019Utilisation \u00e9nonc\u00e9es ci-dessous : &nbsp; 1. Territoire d\u2019application Dans quels pays peut-on acheter en ligne sur bonamel.com? Actuellement, vous pouvez effectuer [&hellip;]<\/p>\n","protected":false},"author":55,"featured_media":0,"parent":0,"menu_order":0,"comment_status":"closed","ping_status":"closed","template":"","meta":{"_et_pb_use_builder":"on","_et_pb_old_content":"","_et_gb_content_width":"","footnotes":""},"class_list":["post-30052","page","type-page","status-publish","hentry"],"_links":{"self":[{"href":"https:\/\/www.bonamel.com\/fr\/wp-json\/wp\/v2\/pages\/30052","targetHints":{"allow":["GET"]}}],"collection":[{"href":"https:\/\/www.bonamel.com\/fr\/wp-json\/wp\/v2\/pages"}],"about":[{"href":"https:\/\/www.bonamel.com\/fr\/wp-json\/wp\/v2\/types\/page"}],"author":[{"embeddable":true,"href":"https:\/\/www.bonamel.com\/fr\/wp-json\/wp\/v2\/users\/55"}],"replies":[{"embeddable":true,"href":"https:\/\/www.bonamel.com\/fr\/wp-json\/wp\/v2\/comments?post=30052"}],"version-history":[{"count":2,"href":"https:\/\/www.bonamel.com\/fr\/wp-json\/wp\/v2\/pages\/30052\/revisions"}],"predecessor-version":[{"id":30054,"href":"https:\/\/www.bonamel.com\/fr\/wp-json\/wp\/v2\/pages\/30052\/revisions\/30054"}],"wp:attachment":[{"href":"https:\/\/www.bonamel.com\/fr\/wp-json\/wp\/v2\/media?parent=30052"}],"curies":[{"name":"wp","href":"https:\/\/api.w.org\/{rel}","templated":true}]}}