{"id":29902,"date":"2025-08-28T13:46:55","date_gmt":"2025-08-28T11:46:55","guid":{"rendered":"https:\/\/www.bonamel.com\/producto\/organic-lavender-honey\/"},"modified":"2025-10-09T13:20:20","modified_gmt":"2025-10-09T11:20:20","slug":"organic-lavender-honey","status":"publish","type":"product","link":"https:\/\/www.bonamel.com\/en\/producto\/organic-lavender-honey\/","title":{"rendered":"Organic Lavender Honey"},"content":{"rendered":"<p>[et_pb_section fb_built=&#8221;1&#8243; module_id=&#8221;bannerTienda&#8221; _builder_version=&#8221;4.27.2&#8243; _module_preset=&#8221;default&#8221; background_image=&#8221;https:\/\/www.bonamel.com\/wp-content\/uploads\/Banner_Tienda_BonaMel.png&#8221; custom_padding=&#8221;||164px|||&#8221; custom_css_free_form=&#8221;@media (max-width:980px){||  #bannerTienda{||    padding-bottom:0px;||  }||}&#8221; locked=&#8221;off&#8221; collapsed=&#8221;on&#8221; global_colors_info=&#8221;{}&#8221;][et_pb_row column_structure=&#8221;1_4,1_2,1_4&#8243; module_id=&#8221;textoBannerTienda&#8221; _builder_version=&#8221;4.27.2&#8243; _module_preset=&#8221;default&#8221; custom_margin=&#8221;-26px|auto||auto||&#8221; custom_padding=&#8221;57px|||||&#8221; custom_css_free_form=&#8221;@media (max-width:980px){||  #textoBannerTienda{||    padding-top:0px !important;||  }||}&#8221; global_colors_info=&#8221;{}&#8221;][et_pb_column type=&#8221;1_4&#8243; _builder_version=&#8221;4.27.2&#8243; _module_preset=&#8221;default&#8221; global_colors_info=&#8221;{}&#8221;][\/et_pb_column][et_pb_column type=&#8221;1_2&#8243; _builder_version=&#8221;4.27.2&#8243; _module_preset=&#8221;default&#8221; global_colors_info=&#8221;{}&#8221;][et_pb_text _builder_version=&#8221;4.27.2&#8243; _module_preset=&#8221;default&#8221; custom_margin=&#8221;||-4px|||&#8221; global_colors_info=&#8221;{}&#8221;]<\/p>\n<h1 style=\"text-align: center; font-size: 52px;\"><span style=\"color: #ffffff;\">SHOP<\/span><\/h1>\n<p>[\/et_pb_text][et_pb_text _builder_version=&#8221;4.27.2&#8243; _module_preset=&#8221;default&#8221; custom_padding=&#8221;0px|||||&#8221; global_colors_info=&#8221;{}&#8221;]<\/p>\n<h3 style=\"text-align: center;\"><span style=\"color: #ffffff; font-family: 'Open Sans', Helvetica, Arial, Lucida, sans-serif;\">Organic Honey<\/span><\/h3>\n<p>[\/et_pb_text][\/et_pb_column][et_pb_column type=&#8221;1_4&#8243; _builder_version=&#8221;4.27.2&#8243; _module_preset=&#8221;default&#8221; global_colors_info=&#8221;{}&#8221;][\/et_pb_column][\/et_pb_row][\/et_pb_section][et_pb_section fb_built=&#8221;1&#8243; _builder_version=&#8221;4.16&#8243; custom_padding=&#8221;0px||||false|false&#8221; locked=&#8221;off&#8221; collapsed=&#8221;on&#8221; global_colors_info=&#8221;{}&#8221;][et_pb_row _builder_version=&#8221;4.16&#8243; background_size=&#8221;initial&#8221; background_position=&#8221;top_left&#8221; background_repeat=&#8221;repeat&#8221; width=&#8221;100%&#8221; custom_padding=&#8221;0px||0px||false|false&#8221; global_colors_info=&#8221;{}&#8221;][et_pb_column type=&#8221;4_4&#8243; _builder_version=&#8221;4.16&#8243; custom_padding=&#8221;|||&#8221; global_colors_info=&#8221;{}&#8221; custom_padding__hover=&#8221;|||&#8221;][et_pb_wc_cart_notice _builder_version=&#8221;4.16&#8243; global_colors_info=&#8221;{}&#8221;][\/et_pb_wc_cart_notice][\/et_pb_column][\/et_pb_row][et_pb_row column_structure=&#8221;1_2,1_2&#8243; _builder_version=&#8221;4.16&#8243; background_size=&#8221;initial&#8221; background_position=&#8221;top_left&#8221; background_repeat=&#8221;repeat&#8221; width=&#8221;100%&#8221; custom_padding=&#8221;0px||||false|false&#8221; global_colors_info=&#8221;{}&#8221;][et_pb_column type=&#8221;1_2&#8243; _builder_version=&#8221;4.16&#8243; custom_padding=&#8221;|||&#8221; global_colors_info=&#8221;{}&#8221; custom_padding__hover=&#8221;|||&#8221;][et_pb_wc_images _builder_version=&#8221;4.27.2&#8243; custom_css_free_form=&#8221;.flex-control-nav{||  display:none;||}&#8221; global_colors_info=&#8221;{}&#8221;][\/et_pb_wc_images][\/et_pb_column][et_pb_column type=&#8221;1_2&#8243; _builder_version=&#8221;4.16&#8243; custom_padding=&#8221;|||&#8221; global_colors_info=&#8221;{}&#8221; custom_padding__hover=&#8221;|||&#8221;][et_pb_wc_title module_id=&#8221;titulo&#8221; _builder_version=&#8221;4.27.2&#8243; header_text_color=&#8221;#b27b11&#8243; header_font_size=&#8221;40px&#8221; custom_margin=&#8221;13px||11px|||&#8221; custom_css_free_form=&#8221;@media(max-width:768px){||  #titulo{||    padding-left:10px;||    padding-right:10px;||  }||}&#8221; global_colors_info=&#8221;{}&#8221;][\/et_pb_wc_title][et_pb_wc_price module_id=&#8221;precio&#8221; _builder_version=&#8221;4.27.2&#8243; body_font=&#8221;|700|||||||&#8221; body_text_color=&#8221;#7d5400&#8243; custom_css_free_form=&#8221;@media(max-width:768px){||  #precio{||    padding-left:10px;||    padding-right:10px;||  }||}&#8221; global_colors_info=&#8221;{}&#8221;][\/et_pb_wc_price][et_pb_wc_rating module_id=&#8221;estrellas&#8221; _builder_version=&#8221;4.27.2&#8243; rating_text_color=&#8221;#ecb003&#8243; rating_font_size=&#8221;18px&#8221; body_text_color=&#8221;RGBA(255,255,255,0)&#8221; body_font_size=&#8221;1px&#8221; custom_css_free_form=&#8221;@media(max-width:768px){||  #estrellas{||    padding-left:10px;||    padding-right:10px;||  }||}&#8221; global_colors_info=&#8221;{}&#8221;][\/et_pb_wc_rating][et_pb_wc_description module_id=&#8221;texto&#8221; _builder_version=&#8221;4.27.2&#8243; custom_css_free_form=&#8221;@media(max-width:768px){||  #texto{||    padding-left:10px;||    padding-right:10px;||  }||}&#8221; global_colors_info=&#8221;{}&#8221;][\/et_pb_wc_description][et_pb_wc_add_to_cart module_id=&#8221;cajaCarrito&#8221; _builder_version=&#8221;4.27.2&#8243; fields_text_color=&#8221;#000000&#8243; field_label_font=&#8221;|700||on|||||&#8221; field_label_text_color=&#8221;#b27b11&#8243; custom_button=&#8221;on&#8221; button_text_size=&#8221;18px&#8221; button_text_color=&#8221;#b27b11&#8243; button_border_color=&#8221;#b27b11&#8243; button_border_radius=&#8221;50px&#8221; button_font=&#8221;|600||on|||||&#8221; button_custom_margin=&#8221;||||false|false&#8221; button_custom_padding=&#8221;10px|30px|10px|30px|true|true&#8221; custom_margin=&#8221;|||-5px||&#8221; custom_padding=&#8221;0px|||||&#8221; custom_css_free_form=&#8221;#cajaCarrito .reset_variations{||  color:#B27B11;||  font-size: 16px;||}||||#cajaCarrito .woocommerce-Price-amount.amount bdi{||  font-size: 26px;||  color:#7D5400;||}||||#cajaCarrito td{|| padding-top: 12px !important;||}||||#cajaCarrito select{|| font-size: 16px;||}||||#cajaCarrito .woocommerce-variation-availability p{||  font-size:18px;||  color:#B27B11;||}||||.quantity input{||  font-size:16px;||}||||@media(max-width:768px){||  #cajaCarrito{||    padding-left:10px;||    padding-right:10px;||  }||}&#8221; global_colors_info=&#8221;{}&#8221;][\/et_pb_wc_add_to_cart][\/et_pb_column][\/et_pb_row][et_pb_row _builder_version=&#8221;4.16&#8243; background_size=&#8221;initial&#8221; background_position=&#8221;top_left&#8221; background_repeat=&#8221;repeat&#8221; width=&#8221;100%&#8221; global_colors_info=&#8221;{}&#8221;][et_pb_column type=&#8221;4_4&#8243; _builder_version=&#8221;4.16&#8243; custom_padding=&#8221;|||&#8221; global_colors_info=&#8221;{}&#8221; custom_padding__hover=&#8221;|||&#8221;][et_pb_wc_tabs active_tab_background_color=&#8221;#FFFFFF&#8221; inactive_tab_background_color=&#8221;#FFFFFF&#8221; active_tab_text_color=&#8221;#7d5400&#8243; _builder_version=&#8221;4.27.2&#8243; tab_text_color=&#8221;#7d5400&#8243; tab_line_height=&#8221;2.5em&#8221; background_color=&#8221;#FFFFFF&#8221; custom_css_free_form=&#8221;.woocommerce #review_form #respond .form-submit input {||  color: rgba(255, 255, 255, 1);||}||||.et-db #et-boc .et-l .et_pb_wc_tabs_0 .et_pb_tabs_controls li.et_pb_tab_active{||  border:1px solid #B27B11;||}||||.et-db #et-boc .et-l .et_pb_wc_tabs_0.et_pb_tabs .et_pb_tabs_controls li{||  border:1px solid #B27B11;||}||||.et-db #et-boc .et-l ul.et_pb_tabs_controls{||  background-color: white;||}||&#8221; border_color_all=&#8221;#b27b11&#8243; global_colors_info=&#8221;{}&#8221;]\t\t\t\t\t[\/et_pb_wc_tabs][\/et_pb_column][\/et_pb_row][\/et_pb_section][et_pb_section fb_built=&#8221;1&#8243; module_id=&#8221;bannerForm&#8221; _builder_version=&#8221;4.27.2&#8243; _module_preset=&#8221;default&#8221; background_image=&#8221;https:\/\/www.bonamel.com\/wp-content\/uploads\/Formulario_BonaMel.png&#8221; min_height=&#8221;100%&#8221; height=&#8221;100%&#8221; max_height=&#8221;100%&#8221; custom_padding=&#8221;73px||297px|||&#8221; custom_css_free_form=&#8221;\/* Desktop *\/||@media(min-width: 980px) {||  #bannerForm {||    position: relative;||    z-index: 2;||    margin-bottom: -280px;||  }||  ||  #bannerForm:before {||    content: &#8221;;||    position: absolute;||    top: 0;||    left: 0;||    right: 0;||    bottom: 0;||    background: inherit;||    z-index: -1;||  }||  ||  #bannerForm .et_pb_row_4 {||    padding-bottom: 50px;||    position: relative;||    z-index: 3;||  }||  ||  #bannerForm .et_pb_section_2.et_pb_section img {||    position: relative;||    z-index: 4;||  }||  ||  footer.et-l&#8211;footer {||    position: relative;||    z-index: 1;||  }||  ||  #footerPagina .et_pb_row {||    position: relative;||    z-index: 1;||  }||}||||\/* Tablet *\/||@media(max-width: 768px) {||#bannerForm {||    padding-top: 170px !important;||    padding-bottom: 585px !important;||      position: relative;||    z-index: -1;||  \tmargin-top:-280px;||  \tmargin-bottom:-500px;||\t}||  ||}||||\/* Mobile *\/||@media(max-width: 400px) {||#bannerForm {||  \tmargin-bottom:-550px;||\t}||}&#8221; locked=&#8221;off&#8221; collapsed=&#8221;on&#8221; global_colors_info=&#8221;{}&#8221;][et_pb_row column_structure=&#8221;1_2,1_2&#8243; module_id=&#8221;cajaForm&#8221; _builder_version=&#8221;4.27.2&#8243; _module_preset=&#8221;default&#8221; custom_margin=&#8221;142px|auto||auto||&#8221; custom_padding=&#8221;||0px|||&#8221; global_colors_info=&#8221;{}&#8221;][et_pb_column type=&#8221;1_2&#8243; _builder_version=&#8221;4.27.2&#8243; _module_preset=&#8221;default&#8221; global_colors_info=&#8221;{}&#8221;][et_pb_divider show_divider=&#8221;off&#8221; _builder_version=&#8221;4.27.2&#8243; _module_preset=&#8221;default&#8221; height=&#8221;50px&#8221; global_colors_info=&#8221;{}&#8221;][\/et_pb_divider][et_pb_text _builder_version=&#8221;4.27.2&#8243; _module_preset=&#8221;default&#8221; header_line_height=&#8221;1.2em&#8221; custom_margin=&#8221;||||false|false&#8221; custom_padding=&#8221;||||false|false&#8221; global_colors_info=&#8221;{}&#8221;]<\/p>\n<h1 style=\"font-size: 38px;\"><span style=\"color: #ffffff;\">DO YOU WANT<\/span><br \/><span style=\"color: #ffffff;\">TO KNOW MORE?<\/span><\/h1>\n<p><span style=\"color: #ffffff; font-size: 16px;\">Contact us<\/span><\/p>\n<p>[\/et_pb_text][et_pb_text _builder_version=&#8221;4.27.2&#8243; _module_preset=&#8221;default&#8221; global_colors_info=&#8221;{}&#8221;]<\/p>\n<table style=\"border: none; border-collapse: collapse;\">\n<tbody>\n<tr>\n<td style=\"border: none; text-align: left;padding:0px;\"><span style=\"color: #ffffff; font-size: 16px;\">Customer service: <\/span><br \/>\n<strong><span style=\"color: #ffffff; font-size: 16px;\">+34 965 530 882<\/span><\/strong><\/td>\n<td style=\"border: none; text-align: left;\"><span style=\"color: #ffffff; font-size: 16px;\">Email <\/span><br \/>\n<strong><span style=\"color: #ffffff; font-size: 16px;\">info@bonamel.com<\/span><\/strong><\/td>\n<\/tr>\n<\/tbody>\n<\/table>\n<p>[\/et_pb_text][\/et_pb_column][et_pb_column type=&#8221;1_2&#8243; _builder_version=&#8221;4.27.2&#8243; _module_preset=&#8221;default&#8221; global_colors_info=&#8221;{}&#8221;][et_pb_contact_form email=&#8221;info@bonamel.com&#8221; custom_message=&#8221;De: %%Name%% %%Apellidos%% %%Email%%||et_pb_line_break_holder||Asunto: Formulario Quieres Saber M\u00e1s?||et_pb_line_break_holder||||et_pb_line_break_holder||Cuerpo del mensaje:||et_pb_line_break_holder||%%Message%%||et_pb_line_break_holder||||et_pb_line_break_holder||&#8211; ||et_pb_line_break_holder||Esto es un aviso de que se ha enviado un formulario de contacto en tu web Bonamel.com&#8221; _builder_version=&#8221;4.27.2&#8243; _module_preset=&#8221;default&#8221; _unique_id=&#8221;85e74d2f-7689-45b1-992f-3f27b289c631&#8243; form_field_background_color=&#8221;RGBA(255,255,255,0)&#8221; form_field_text_color=&#8221;#FFFFFF&#8221; form_field_focus_background_color=&#8221;RGBA(255,255,255,0)&#8221; captcha_font=&#8221;|700|||||||&#8221; captcha_text_color=&#8221;#FFFFFF&#8221; form_field_font=&#8221;|700|||||||&#8221; form_field_font_size=&#8221;14px&#8221; custom_button=&#8221;on&#8221; button_text_color=&#8221;#b27b11&#8243; button_bg_color=&#8221;#FFFFFF&#8221; button_border_radius=&#8221;50px&#8221; button_font=&#8221;|700|||||||&#8221; button_icon_color=&#8221;#b27b11&#8243; button_custom_padding=&#8221;|40px||40px|false|true&#8221; custom_padding=&#8221;||||false|false&#8221; border_radii=&#8221;on|25px|25px|25px|25px&#8221; border_width_all=&#8221;2px&#8221; border_color_all=&#8221;#FFFFFF&#8221; global_colors_info=&#8221;{}&#8221;][et_pb_contact_field field_id=&#8221;Name&#8221; field_title=&#8221;Name&#8221; _builder_version=&#8221;4.27.2&#8243; global_colors_info=&#8221;{}&#8221; button_text_size__hover_enabled=&#8221;off&#8221; button_one_text_size__hover_enabled=&#8221;off&#8221; button_two_text_size__hover_enabled=&#8221;off&#8221; button_text_color__hover_enabled=&#8221;off&#8221; button_one_text_color__hover_enabled=&#8221;off&#8221; button_two_text_color__hover_enabled=&#8221;off&#8221; button_border_width__hover_enabled=&#8221;off&#8221; button_one_border_width__hover_enabled=&#8221;off&#8221; button_two_border_width__hover_enabled=&#8221;off&#8221; button_border_color__hover_enabled=&#8221;off&#8221; button_one_border_color__hover_enabled=&#8221;off&#8221; button_two_border_color__hover_enabled=&#8221;off&#8221; button_border_radius__hover_enabled=&#8221;off&#8221; button_one_border_radius__hover_enabled=&#8221;off&#8221; button_two_border_radius__hover_enabled=&#8221;off&#8221; button_letter_spacing__hover_enabled=&#8221;off&#8221; button_one_letter_spacing__hover_enabled=&#8221;off&#8221; button_two_letter_spacing__hover_enabled=&#8221;off&#8221; button_bg_color__hover_enabled=&#8221;off&#8221; button_one_bg_color__hover_enabled=&#8221;off&#8221; button_two_bg_color__hover_enabled=&#8221;off&#8221;][\/et_pb_contact_field][et_pb_contact_field field_id=&#8221;Apellidos&#8221; field_title=&#8221;Surname&#8221; field_type=&#8221;email&#8221; _builder_version=&#8221;4.27.2&#8243; global_colors_info=&#8221;{}&#8221; button_text_size__hover_enabled=&#8221;off&#8221; button_one_text_size__hover_enabled=&#8221;off&#8221; button_two_text_size__hover_enabled=&#8221;off&#8221; button_text_color__hover_enabled=&#8221;off&#8221; button_one_text_color__hover_enabled=&#8221;off&#8221; button_two_text_color__hover_enabled=&#8221;off&#8221; button_border_width__hover_enabled=&#8221;off&#8221; button_one_border_width__hover_enabled=&#8221;off&#8221; button_two_border_width__hover_enabled=&#8221;off&#8221; button_border_color__hover_enabled=&#8221;off&#8221; button_one_border_color__hover_enabled=&#8221;off&#8221; button_two_border_color__hover_enabled=&#8221;off&#8221; button_border_radius__hover_enabled=&#8221;off&#8221; button_one_border_radius__hover_enabled=&#8221;off&#8221; button_two_border_radius__hover_enabled=&#8221;off&#8221; button_letter_spacing__hover_enabled=&#8221;off&#8221; button_one_letter_spacing__hover_enabled=&#8221;off&#8221; button_two_letter_spacing__hover_enabled=&#8221;off&#8221; button_bg_color__hover_enabled=&#8221;off&#8221; button_one_bg_color__hover_enabled=&#8221;off&#8221; button_two_bg_color__hover_enabled=&#8221;off&#8221;][\/et_pb_contact_field][et_pb_contact_field field_id=&#8221;Email&#8221; field_title=&#8221;Email&#8221; fullwidth_field=&#8221;on&#8221; _builder_version=&#8221;4.27.2&#8243; _module_preset=&#8221;default&#8221; global_colors_info=&#8221;{}&#8221;][\/et_pb_contact_field][et_pb_contact_field field_id=&#8221;Message&#8221; field_title=&#8221;Message&#8221; field_type=&#8221;text&#8221; fullwidth_field=&#8221;on&#8221; _builder_version=&#8221;4.27.2&#8243; global_colors_info=&#8221;{}&#8221; button_text_size__hover_enabled=&#8221;off&#8221; button_one_text_size__hover_enabled=&#8221;off&#8221; button_two_text_size__hover_enabled=&#8221;off&#8221; button_text_color__hover_enabled=&#8221;off&#8221; button_one_text_color__hover_enabled=&#8221;off&#8221; button_two_text_color__hover_enabled=&#8221;off&#8221; button_border_width__hover_enabled=&#8221;off&#8221; button_one_border_width__hover_enabled=&#8221;off&#8221; button_two_border_width__hover_enabled=&#8221;off&#8221; button_border_color__hover_enabled=&#8221;off&#8221; button_one_border_color__hover_enabled=&#8221;off&#8221; button_two_border_color__hover_enabled=&#8221;off&#8221; button_border_radius__hover_enabled=&#8221;off&#8221; button_one_border_radius__hover_enabled=&#8221;off&#8221; button_two_border_radius__hover_enabled=&#8221;off&#8221; button_letter_spacing__hover_enabled=&#8221;off&#8221; button_one_letter_spacing__hover_enabled=&#8221;off&#8221; button_two_letter_spacing__hover_enabled=&#8221;off&#8221; button_bg_color__hover_enabled=&#8221;off&#8221; button_one_bg_color__hover_enabled=&#8221;off&#8221; button_two_bg_color__hover_enabled=&#8221;off&#8221;][\/et_pb_contact_field][\/et_pb_contact_form][\/et_pb_column][\/et_pb_row][\/et_pb_section]<\/p>\n","protected":false},"excerpt":{"rendered":"<p><span style=\"color: #b27b11;\"><strong>VARIETY<\/strong><\/span> Organic Lavender Honey<br \/>\n<span style=\"color: #b27b11;\"><strong>FORMATS <\/strong><\/span>900gr, 450gr y 300gr<br \/>\n<span style=\"color: #b27b11;\"><strong>ORIGIN<\/strong><\/span> Avila (Spain)<br \/>\n<span style=\"color: #b27b11;\"><strong>SENSORY CHARACTERISTICS<\/strong><\/span><br \/>\nVisual appearance (Colour): Clear amber, with reddish shades. Aroma: Lightly intense and persistent. Taste (mouth feel): Sweet taste and in some cases, with slight sour notes. Texture (Crystallization): Slow crystallization, often starting at the bottom and rising in the form of a constellation.<br \/>\n<span style=\"color: #b27b11;\"><strong>PRODUCT INFORMATION<\/strong><\/span> Organic Lavender honey produced by our bees from the flowers of wild lavender located in the Natural Park of Sierra de Gredos. These natural parks are located in the province of Avila (Spain) at an altitude of approximately 1,700 to 2,190 meters.<br \/>\n<span style=\"color: #b27b11;\"><strong>HONEY HARVESTING PERIOD<\/strong><\/span> AN FEB MAR APR MAY <strong>JUN <\/strong> JUL AUG SEP OCT NOV DEC<\/p>\n","protected":false},"featured_media":30262,"comment_status":"closed","ping_status":"closed","template":"","meta":{"_et_pb_use_builder":"on","_et_pb_old_content":"Nuestra Miel de Lavanda Ecol\u00f3gica est\u00e1 elaborada por nuestras abejas procedentes de la flores de la lavanda silvestre del Parque Natural de la Sierra de Gredos situado en la provincia de \u00c1vila (Espa\u00f1a), a una altitud de 1.700 a 2.190 metros. La miel ecol\u00f3gica de lavanda Bona Mel es de color \u00e1mbar claro con tonos rojizos, de aroma poco intenso y poco persiste, siendo en boca dulce y en algunos casos con ligeras notas \u00e1cidas. Realizamos su recolecci\u00f3n en junio. El sistema de certificaci\u00f3n de miel ecol\u00f3gica garantiza una calidad superior del producto no solo por el an\u00e1lisis del producto final, sino adem\u00e1s por el cumplimiento de un manejo sustentable y natural.\r\n\r\nUso no recomendado a menores de 1 a\u00f1o.\r\n<h2><span style=\"color: #b27b11\">Informaci\u00f3n del Packaging<\/span><\/h2>\r\n<table border=\"0\" cellspacing=\"0\"><colgroup width=\"264\"><\/colgroup> <colgroup span=\"3\" width=\"254\"><\/colgroup>\r\n<tbody>\r\n<tr>\r\n<td align=\"center\" height=\"17\"><\/td>\r\n<td align=\"center\" bgcolor=\"#B2B2B2\"><b>900 gr<\/b><\/td>\r\n<td align=\"center\" bgcolor=\"#B2B2B2\"><b>450 gr<\/b><\/td>\r\n<td align=\"center\" bgcolor=\"#B2B2B2\"><b>300 gr<\/b><\/td>\r\n<\/tr>\r\n<tr>\r\n<td align=\"center\" height=\"17\">Packaging<\/td>\r\n<td align=\"center\">Vidrio<\/td>\r\n<td align=\"center\">Vidrio<\/td>\r\n<td align=\"center\">Vidrio<\/td>\r\n<\/tr>\r\n<tr>\r\n<td align=\"center\" height=\"17\">Peso Neto por unidad<\/td>\r\n<td align=\"center\">900 gr<\/td>\r\n<td align=\"center\">450 gr<\/td>\r\n<td align=\"center\">300 gr<\/td>\r\n<\/tr>\r\n<tr>\r\n<td align=\"center\" height=\"17\">Peso Bruto por unidad<\/td>\r\n<td align=\"center\">1245 gr<\/td>\r\n<td align=\"center\">680 gr<\/td>\r\n<td align=\"center\">450 gr<\/td>\r\n<\/tr>\r\n<tr>\r\n<td align=\"center\" height=\"17\">Dimensiones (Largo-Alto-Ancho)<\/td>\r\n<td align=\"center\">8,5 x 8,5 x 15,5 cm<\/td>\r\n<td align=\"center\">7,2 x 7,2 x 11 cm<\/td>\r\n<td align=\"center\">7,2 x 7,2 x 8,2 cm<\/td>\r\n<\/tr>\r\n<tr>\r\n<td align=\"center\" height=\"17\">Unidades por caja<\/td>\r\n<td align=\"center\">6<\/td>\r\n<td align=\"center\">10<\/td>\r\n<td align=\"center\">10<\/td>\r\n<\/tr>\r\n<tr>\r\n<td align=\"center\" height=\"17\">Dimensiones de la Caja (Largo-Alto-Ancho)<\/td>\r\n<td align=\"center\">27 x 18,7 x 18,7 cm<\/td>\r\n<td align=\"center\">40 x 17 x 14 cm<\/td>\r\n<td align=\"center\">40 x 17 x 9,5 cm<\/td>\r\n<\/tr>\r\n<tr>\r\n<td align=\"center\" height=\"17\">Peso Bruto de la Caja<\/td>\r\n<td align=\"center\">7,81 kg<\/td>\r\n<td align=\"center\">7,17 kg<\/td>\r\n<td align=\"center\">5,50 kg<\/td>\r\n<\/tr>\r\n<tr>\r\n<td align=\"center\" height=\"17\">Dimensiones del palet<\/td>\r\n<td align=\"center\">120 x 80 cm<\/td>\r\n<td align=\"center\">120 x 80 cm<\/td>\r\n<td align=\"center\">120 x 80 cm<\/td>\r\n<\/tr>\r\n<tr>\r\n<td align=\"center\" height=\"17\">Cartones por planta<\/td>\r\n<td align=\"center\">16<\/td>\r\n<td align=\"center\">12<\/td>\r\n<td align=\"center\">12<\/td>\r\n<\/tr>\r\n<tr>\r\n<td align=\"center\" height=\"17\">Plantas por palet<\/td>\r\n<td align=\"center\">6<\/td>\r\n<td align=\"center\">7<\/td>\r\n<td align=\"center\">8<\/td>\r\n<\/tr>\r\n<tr>\r\n<td align=\"center\" height=\"17\">Cartones por palet<\/td>\r\n<td align=\"center\">96<\/td>\r\n<td align=\"center\">84<\/td>\r\n<td align=\"center\">96<\/td>\r\n<\/tr>\r\n<tr>\r\n<td align=\"center\" height=\"17\">Unidades por palet<\/td>\r\n<td align=\"center\">576<\/td>\r\n<td align=\"center\">840<\/td>\r\n<td align=\"center\">960<\/td>\r\n<\/tr>\r\n<tr>\r\n<td align=\"center\" height=\"17\">Peso Neto del Palet<\/td>\r\n<td align=\"center\">518 kg<\/td>\r\n<td align=\"center\">378 kg<\/td>\r\n<td align=\"center\">288 kg<\/td>\r\n<\/tr>\r\n<tr>\r\n<td align=\"center\" height=\"17\">Total peso palet<\/td>\r\n<td align=\"center\">750 kg<\/td>\r\n<td align=\"center\">603 kg<\/td>\r\n<td align=\"center\">528 kg<\/td>\r\n<\/tr>\r\n<\/tbody>\r\n<\/table>\r\n&nbsp;","_et_gb_content_width":""},"product_brand":[],"product_cat":[57,56],"product_tag":[],"class_list":{"0":"post-29902","1":"product","2":"type-product","3":"status-publish","4":"has-post-thumbnail","6":"product_cat-catalogue-products","7":"product_cat-organic-honey","9":"first","10":"instock","11":"taxable","12":"shipping-taxable","13":"purchasable","14":"product-type-variable"},"_links":{"self":[{"href":"https:\/\/www.bonamel.com\/en\/wp-json\/wp\/v2\/product\/29902","targetHints":{"allow":["GET"]}}],"collection":[{"href":"https:\/\/www.bonamel.com\/en\/wp-json\/wp\/v2\/product"}],"about":[{"href":"https:\/\/www.bonamel.com\/en\/wp-json\/wp\/v2\/types\/product"}],"replies":[{"embeddable":true,"href":"https:\/\/www.bonamel.com\/en\/wp-json\/wp\/v2\/comments?post=29902"}],"wp:featuredmedia":[{"embeddable":true,"href":"https:\/\/www.bonamel.com\/en\/wp-json\/wp\/v2\/media\/30262"}],"wp:attachment":[{"href":"https:\/\/www.bonamel.com\/en\/wp-json\/wp\/v2\/media?parent=29902"}],"wp:term":[{"taxonomy":"product_brand","embeddable":true,"href":"https:\/\/www.bonamel.com\/en\/wp-json\/wp\/v2\/product_brand?post=29902"},{"taxonomy":"product_cat","embeddable":true,"href":"https:\/\/www.bonamel.com\/en\/wp-json\/wp\/v2\/product_cat?post=29902"},{"taxonomy":"product_tag","embeddable":true,"href":"https:\/\/www.bonamel.com\/en\/wp-json\/wp\/v2\/product_tag?post=29902"}],"curies":[{"name":"wp","href":"https:\/\/api.w.org\/{rel}","templated":true}]}}