{"id":30037,"date":"2025-08-28T13:46:57","date_gmt":"2025-08-28T11:46:57","guid":{"rendered":"https:\/\/www.bonamel.com\/producto\/bio-akazienhonig\/"},"modified":"2025-09-03T16:52:17","modified_gmt":"2025-09-03T14:52:17","slug":"bio-akazienhonig","status":"publish","type":"product","link":"https:\/\/www.bonamel.com\/de\/producto\/bio-akazienhonig\/","title":{"rendered":"Bio-Akazienhonig"},"content":{"rendered":"<p>[et_pb_section fb_built=&#8220;1&#8243; module_id=&#8220;bannerTienda&#8220; _builder_version=&#8220;4.27.2&#8243; _module_preset=&#8220;default&#8220; background_image=&#8220;https:\/\/www.bonamel.com\/wp-content\/uploads\/Banner_Tienda_BonaMel.png&#8220; custom_padding=&#8220;||164px|||&#8220; custom_css_free_form=&#8220;@media (max-width:980px){||  #bannerTienda{||    padding-bottom:0px;||  }||}&#8220; locked=&#8220;off&#8220; collapsed=&#8220;off&#8220; global_colors_info=&#8220;{}&#8220;][et_pb_row column_structure=&#8220;1_4,1_2,1_4&#8243; module_id=&#8220;textoBannerTienda&#8220; _builder_version=&#8220;4.27.2&#8243; _module_preset=&#8220;default&#8220; custom_margin=&#8220;-26px|auto||auto||&#8220; custom_padding=&#8220;57px|||||&#8220; custom_css_free_form=&#8220;@media (max-width:980px){||  #textoBannerTienda{||    padding-top:0px !important;||  }||}&#8220; global_colors_info=&#8220;{}&#8220;][et_pb_column type=&#8220;1_4&#8243; _builder_version=&#8220;4.27.2&#8243; _module_preset=&#8220;default&#8220; global_colors_info=&#8220;{}&#8220;][\/et_pb_column][et_pb_column type=&#8220;1_2&#8243; _builder_version=&#8220;4.27.2&#8243; _module_preset=&#8220;default&#8220; global_colors_info=&#8220;{}&#8220;][et_pb_text _builder_version=&#8220;4.27.2&#8243; _module_preset=&#8220;default&#8220; custom_margin=&#8220;||-4px|||&#8220; global_colors_info=&#8220;{}&#8220;]<\/p>\n<h1 style=\"text-align: center; font-size: 52px;\"><span style=\"color: #ffffff;\">SHOP<\/span><\/h1>\n<p>[\/et_pb_text][et_pb_text _builder_version=&#8220;4.27.2&#8243; _module_preset=&#8220;default&#8220; custom_padding=&#8220;0px|||||&#8220; global_colors_info=&#8220;{}&#8220;]<\/p>\n<h3 style=\"text-align: center;\"><span style=\"color: #ffffff; font-family: 'Open Sans', Helvetica, Arial, Lucida, sans-serif;\">Bio-Honig<\/span><\/h3>\n<p>[\/et_pb_text][\/et_pb_column][et_pb_column type=&#8220;1_4&#8243; _builder_version=&#8220;4.27.2&#8243; _module_preset=&#8220;default&#8220; global_colors_info=&#8220;{}&#8220;][\/et_pb_column][\/et_pb_row][\/et_pb_section][et_pb_section fb_built=&#8220;1&#8243; _builder_version=&#8220;4.16&#8243; custom_padding=&#8220;0px||||false|false&#8220; collapsed=&#8220;off&#8220; global_colors_info=&#8220;{}&#8220;][et_pb_row _builder_version=&#8220;4.16&#8243; background_size=&#8220;initial&#8220; background_position=&#8220;top_left&#8220; background_repeat=&#8220;repeat&#8220; width=&#8220;100%&#8220; custom_padding=&#8220;0px||0px||false|false&#8220; global_colors_info=&#8220;{}&#8220;][et_pb_column type=&#8220;4_4&#8243; _builder_version=&#8220;4.16&#8243; custom_padding=&#8220;|||&#8220; global_colors_info=&#8220;{}&#8220; custom_padding__hover=&#8220;|||&#8220;][et_pb_wc_cart_notice _builder_version=&#8220;4.16&#8243; global_colors_info=&#8220;{}&#8220;][\/et_pb_wc_cart_notice][\/et_pb_column][\/et_pb_row][et_pb_row column_structure=&#8220;1_2,1_2&#8243; _builder_version=&#8220;4.16&#8243; background_size=&#8220;initial&#8220; background_position=&#8220;top_left&#8220; background_repeat=&#8220;repeat&#8220; width=&#8220;100%&#8220; custom_padding=&#8220;0px||||false|false&#8220; global_colors_info=&#8220;{}&#8220;][et_pb_column type=&#8220;1_2&#8243; _builder_version=&#8220;4.16&#8243; custom_padding=&#8220;|||&#8220; global_colors_info=&#8220;{}&#8220; custom_padding__hover=&#8220;|||&#8220;][et_pb_wc_images _builder_version=&#8220;4.27.2&#8243; custom_css_free_form=&#8220;.flex-control-nav{||  display:none;||}&#8220; global_colors_info=&#8220;{}&#8220;][\/et_pb_wc_images][\/et_pb_column][et_pb_column type=&#8220;1_2&#8243; _builder_version=&#8220;4.16&#8243; custom_padding=&#8220;|||&#8220; global_colors_info=&#8220;{}&#8220; custom_padding__hover=&#8220;|||&#8220;][et_pb_wc_title module_id=&#8220;titulo&#8220; _builder_version=&#8220;4.27.2&#8243; header_text_color=&#8220;#b27b11&#8243; header_font_size=&#8220;40px&#8220; custom_margin=&#8220;13px||11px|||&#8220; custom_css_free_form=&#8220;@media(max-width:768px){||  #titulo{||    padding-left:10px;||    padding-right:10px;||  }||}&#8220; global_colors_info=&#8220;{}&#8220;][\/et_pb_wc_title][et_pb_wc_price module_id=&#8220;precio&#8220; _builder_version=&#8220;4.27.2&#8243; body_font=&#8220;|700|||||||&#8220; body_text_color=&#8220;#7d5400&#8243; custom_css_free_form=&#8220;@media(max-width:768px){||  #precio{||    padding-left:10px;||    padding-right:10px;||  }||}&#8220; global_colors_info=&#8220;{}&#8220;][\/et_pb_wc_price][et_pb_wc_rating module_id=&#8220;estrellas&#8220; _builder_version=&#8220;4.27.2&#8243; rating_text_color=&#8220;#ecb003&#8243; rating_font_size=&#8220;18px&#8220; body_text_color=&#8220;RGBA(255,255,255,0)&#8220; body_font_size=&#8220;1px&#8220; custom_css_free_form=&#8220;@media(max-width:768px){||  #estrellas{||    padding-left:10px;||    padding-right:10px;||  }||}&#8220; global_colors_info=&#8220;{}&#8220;][\/et_pb_wc_rating][et_pb_wc_description module_id=&#8220;texto&#8220; _builder_version=&#8220;4.27.2&#8243; custom_css_free_form=&#8220;@media(max-width:768px){||  #texto{||    padding-left:10px;||    padding-right:10px;||  }||}&#8220; global_colors_info=&#8220;{}&#8220;][\/et_pb_wc_description][et_pb_wc_add_to_cart module_id=&#8220;cajaCarrito&#8220; _builder_version=&#8220;4.27.2&#8243; fields_text_color=&#8220;#000000&#8243; field_label_font=&#8220;|700||on|||||&#8220; field_label_text_color=&#8220;#b27b11&#8243; custom_button=&#8220;on&#8220; button_text_size=&#8220;18px&#8220; button_text_color=&#8220;#b27b11&#8243; button_border_color=&#8220;#b27b11&#8243; button_border_radius=&#8220;50px&#8220; button_font=&#8220;|600||on|||||&#8220; button_custom_margin=&#8220;||||false|false&#8220; button_custom_padding=&#8220;10px|30px|10px|30px|true|true&#8220; custom_margin=&#8220;|||-5px||&#8220; custom_padding=&#8220;0px|||||&#8220; custom_css_free_form=&#8220;#cajaCarrito .reset_variations{||  color:#B27B11;||  font-size: 16px;||}||||#cajaCarrito .woocommerce-Price-amount.amount bdi{||  font-size: 26px;||  color:#7D5400;||}||||#cajaCarrito td{|| padding-top: 12px !important;||}||||#cajaCarrito select{|| font-size: 16px;||}||||#cajaCarrito .woocommerce-variation-availability p{||  font-size:18px;||  color:#B27B11;||}||||.quantity input{||  font-size:16px;||}||||@media(max-width:768px){||  #cajaCarrito{||    padding-left:10px;||    padding-right:10px;||  }||}&#8220; global_colors_info=&#8220;{}&#8220;][\/et_pb_wc_add_to_cart][\/et_pb_column][\/et_pb_row][et_pb_row _builder_version=&#8220;4.16&#8243; background_size=&#8220;initial&#8220; background_position=&#8220;top_left&#8220; background_repeat=&#8220;repeat&#8220; width=&#8220;100%&#8220; global_colors_info=&#8220;{}&#8220;][et_pb_column type=&#8220;4_4&#8243; _builder_version=&#8220;4.16&#8243; custom_padding=&#8220;|||&#8220; global_colors_info=&#8220;{}&#8220; custom_padding__hover=&#8220;|||&#8220;][et_pb_wc_tabs active_tab_background_color=&#8220;#FFFFFF&#8220; inactive_tab_background_color=&#8220;#FFFFFF&#8220; active_tab_text_color=&#8220;#7d5400&#8243; _builder_version=&#8220;4.27.2&#8243; tab_text_color=&#8220;#7d5400&#8243; tab_line_height=&#8220;2.5em&#8220; background_color=&#8220;#FFFFFF&#8220; custom_css_free_form=&#8220;.woocommerce #review_form #respond .form-submit input {||  color: rgba(255, 255, 255, 1);||}||||.et-db #et-boc .et-l .et_pb_wc_tabs_0 .et_pb_tabs_controls li.et_pb_tab_active{||  border:1px solid #B27B11;||}||||.et-db #et-boc .et-l .et_pb_wc_tabs_0.et_pb_tabs .et_pb_tabs_controls li{||  border:1px solid #B27B11;||}||||.et-db #et-boc .et-l ul.et_pb_tabs_controls{||  background-color: white;||}||&#8220; border_color_all=&#8220;#b27b11&#8243; global_colors_info=&#8220;{}&#8220;]\t\t\t\t\t[\/et_pb_wc_tabs][\/et_pb_column][\/et_pb_row][\/et_pb_section][et_pb_section fb_built=&#8220;1&#8243; module_id=&#8220;bannerForm&#8220; _builder_version=&#8220;4.27.2&#8243; _module_preset=&#8220;default&#8220; background_image=&#8220;https:\/\/www.bonamel.com\/wp-content\/uploads\/Formulario_BonaMel.png&#8220; min_height=&#8220;100%&#8220; height=&#8220;100%&#8220; max_height=&#8220;100%&#8220; custom_padding=&#8220;73px||297px|||&#8220; custom_css_free_form=&#8220;\/* Desktop *\/||@media(min-width: 980px) {||  #bannerForm {||    position: relative;||    z-index: 2;||    margin-bottom: -280px;||  }||  ||  #bannerForm:before {||    content: &#8220;;||    position: absolute;||    top: 0;||    left: 0;||    right: 0;||    bottom: 0;||    background: inherit;||    z-index: -1;||  }||  ||  #bannerForm .et_pb_row_4 {||    padding-bottom: 50px;||    position: relative;||    z-index: 3;||  }||  ||  #bannerForm .et_pb_section_2.et_pb_section img {||    position: relative;||    z-index: 4;||  }||  ||  footer.et-l&#8211;footer {||    position: relative;||    z-index: 1;||  }||  ||  #footerPagina .et_pb_row {||    position: relative;||    z-index: 1;||  }||}||||\/* Tablet *\/||@media(max-width: 768px) {||#bannerForm {||    padding-top: 170px !important;||    padding-bottom: 585px !important;||      position: relative;||    z-index: -1;||  \tmargin-top:-280px;||  \tmargin-bottom:-500px;||\t}||  ||}||||\/* Mobile *\/||@media(max-width: 400px) {||#bannerForm {||  \tmargin-bottom:-550px;||\t}||}&#8220; locked=&#8220;off&#8220; global_colors_info=&#8220;{}&#8220;][et_pb_row column_structure=&#8220;1_2,1_2&#8243; module_id=&#8220;cajaForm&#8220; _builder_version=&#8220;4.27.2&#8243; _module_preset=&#8220;default&#8220; custom_margin=&#8220;142px|auto||auto||&#8220; custom_padding=&#8220;||0px|||&#8220; global_colors_info=&#8220;{}&#8220;][et_pb_column type=&#8220;1_2&#8243; _builder_version=&#8220;4.27.2&#8243; _module_preset=&#8220;default&#8220; global_colors_info=&#8220;{}&#8220;][et_pb_divider show_divider=&#8220;off&#8220; _builder_version=&#8220;4.27.2&#8243; _module_preset=&#8220;default&#8220; height=&#8220;50px&#8220; global_colors_info=&#8220;{}&#8220;][\/et_pb_divider][et_pb_text _builder_version=&#8220;4.27.2&#8243; _module_preset=&#8220;default&#8220; header_line_height=&#8220;1.2em&#8220; custom_margin=&#8220;||||false|false&#8220; custom_padding=&#8220;||||false|false&#8220; global_colors_info=&#8220;{}&#8220;]<\/p>\n<h1 style=\"font-size: 38px;\"><span style=\"color: #ffffff;\">\u00bfM\u00d6CHTEN SIE<\/span><br \/><span style=\"color: #ffffff;\">MEHR WISSEN?<\/span><\/h1>\n<p><span style=\"color: #ffffff; font-size: 16px;\">Kontakt mit uns<\/span><\/p>\n<p>[\/et_pb_text][et_pb_text _builder_version=&#8220;4.27.2&#8243; _module_preset=&#8220;default&#8220; global_colors_info=&#8220;{}&#8220;]<\/p>\n<table style=\"border: none; border-collapse: collapse;\">\n<tbody>\n<tr>\n<td style=\"border: none; text-align: left;padding:0px;\"><span style=\"color: #ffffff; font-size: 16px;\">Kundenservice: <\/span><br \/>\n<strong><span style=\"color: #ffffff; font-size: 16px;\">+34 965 530 882<\/span><\/strong><\/td>\n<td style=\"border: none; text-align: left;\"><span style=\"color: #ffffff; font-size: 16px;\">Email: <\/span><br \/>\n<strong><span style=\"color: #ffffff; font-size: 16px;\">info@bonamel.com<\/span><\/strong><\/td>\n<\/tr>\n<\/tbody>\n<\/table>\n<p>[\/et_pb_text][\/et_pb_column][et_pb_column type=&#8220;1_2&#8243; _builder_version=&#8220;4.27.2&#8243; _module_preset=&#8220;default&#8220; global_colors_info=&#8220;{}&#8220;][et_pb_contact_form email=&#8220;info@bonamel.com&#8220; custom_message=&#8220;De: %%Name%% %%Apellidos%% %%Email%%||et_pb_line_break_holder||Asunto: Formulario Quieres Saber M\u00e1s?||et_pb_line_break_holder||||et_pb_line_break_holder||Cuerpo del mensaje:||et_pb_line_break_holder||%%Message%%||et_pb_line_break_holder||||et_pb_line_break_holder||&#8211; ||et_pb_line_break_holder||Esto es un aviso de que se ha enviado un formulario de contacto en tu web Bonamel.com&#8220; _builder_version=&#8220;4.27.2&#8243; _module_preset=&#8220;default&#8220; _unique_id=&#8220;85e74d2f-7689-45b1-992f-3f27b289c631&#8243; form_field_background_color=&#8220;RGBA(255,255,255,0)&#8220; form_field_text_color=&#8220;#FFFFFF&#8220; form_field_focus_background_color=&#8220;RGBA(255,255,255,0)&#8220; captcha_font=&#8220;|700|||||||&#8220; captcha_text_color=&#8220;#FFFFFF&#8220; form_field_font=&#8220;|700|||||||&#8220; form_field_font_size=&#8220;14px&#8220; custom_button=&#8220;on&#8220; button_text_color=&#8220;#b27b11&#8243; button_bg_color=&#8220;#FFFFFF&#8220; button_border_radius=&#8220;50px&#8220; button_font=&#8220;|700|||||||&#8220; button_icon_color=&#8220;#b27b11&#8243; button_custom_padding=&#8220;|40px||40px|false|true&#8220; custom_padding=&#8220;||||false|false&#8220; border_radii=&#8220;on|25px|25px|25px|25px&#8220; border_width_all=&#8220;2px&#8220; border_color_all=&#8220;#FFFFFF&#8220; global_colors_info=&#8220;{}&#8220;][et_pb_contact_field field_id=&#8220;Name&#8220; field_title=&#8220;Name&#8220; _builder_version=&#8220;4.27.2&#8243; global_colors_info=&#8220;{}&#8220; button_text_size__hover_enabled=&#8220;off&#8220; button_one_text_size__hover_enabled=&#8220;off&#8220; button_two_text_size__hover_enabled=&#8220;off&#8220; button_text_color__hover_enabled=&#8220;off&#8220; button_one_text_color__hover_enabled=&#8220;off&#8220; button_two_text_color__hover_enabled=&#8220;off&#8220; button_border_width__hover_enabled=&#8220;off&#8220; button_one_border_width__hover_enabled=&#8220;off&#8220; button_two_border_width__hover_enabled=&#8220;off&#8220; button_border_color__hover_enabled=&#8220;off&#8220; button_one_border_color__hover_enabled=&#8220;off&#8220; button_two_border_color__hover_enabled=&#8220;off&#8220; button_border_radius__hover_enabled=&#8220;off&#8220; button_one_border_radius__hover_enabled=&#8220;off&#8220; button_two_border_radius__hover_enabled=&#8220;off&#8220; button_letter_spacing__hover_enabled=&#8220;off&#8220; button_one_letter_spacing__hover_enabled=&#8220;off&#8220; button_two_letter_spacing__hover_enabled=&#8220;off&#8220; button_bg_color__hover_enabled=&#8220;off&#8220; button_one_bg_color__hover_enabled=&#8220;off&#8220; button_two_bg_color__hover_enabled=&#8220;off&#8220;][\/et_pb_contact_field][et_pb_contact_field field_id=&#8220;Apellidos&#8220; field_title=&#8220;Nachname&#8220; field_type=&#8220;email&#8220; _builder_version=&#8220;4.27.2&#8243; global_colors_info=&#8220;{}&#8220; button_text_size__hover_enabled=&#8220;off&#8220; button_one_text_size__hover_enabled=&#8220;off&#8220; button_two_text_size__hover_enabled=&#8220;off&#8220; button_text_color__hover_enabled=&#8220;off&#8220; button_one_text_color__hover_enabled=&#8220;off&#8220; button_two_text_color__hover_enabled=&#8220;off&#8220; button_border_width__hover_enabled=&#8220;off&#8220; button_one_border_width__hover_enabled=&#8220;off&#8220; button_two_border_width__hover_enabled=&#8220;off&#8220; button_border_color__hover_enabled=&#8220;off&#8220; button_one_border_color__hover_enabled=&#8220;off&#8220; button_two_border_color__hover_enabled=&#8220;off&#8220; button_border_radius__hover_enabled=&#8220;off&#8220; button_one_border_radius__hover_enabled=&#8220;off&#8220; button_two_border_radius__hover_enabled=&#8220;off&#8220; button_letter_spacing__hover_enabled=&#8220;off&#8220; button_one_letter_spacing__hover_enabled=&#8220;off&#8220; button_two_letter_spacing__hover_enabled=&#8220;off&#8220; button_bg_color__hover_enabled=&#8220;off&#8220; button_one_bg_color__hover_enabled=&#8220;off&#8220; button_two_bg_color__hover_enabled=&#8220;off&#8220;][\/et_pb_contact_field][et_pb_contact_field field_id=&#8220;Email&#8220; field_title=&#8220;Email&#8220; fullwidth_field=&#8220;on&#8220; _builder_version=&#8220;4.27.2&#8243; _module_preset=&#8220;default&#8220; global_colors_info=&#8220;{}&#8220;][\/et_pb_contact_field][et_pb_contact_field field_id=&#8220;Message&#8220; field_title=&#8220;Nachricht&#8220; field_type=&#8220;text&#8220; fullwidth_field=&#8220;on&#8220; _builder_version=&#8220;4.27.2&#8243; global_colors_info=&#8220;{}&#8220; button_text_size__hover_enabled=&#8220;off&#8220; button_one_text_size__hover_enabled=&#8220;off&#8220; button_two_text_size__hover_enabled=&#8220;off&#8220; button_text_color__hover_enabled=&#8220;off&#8220; button_one_text_color__hover_enabled=&#8220;off&#8220; button_two_text_color__hover_enabled=&#8220;off&#8220; button_border_width__hover_enabled=&#8220;off&#8220; button_one_border_width__hover_enabled=&#8220;off&#8220; button_two_border_width__hover_enabled=&#8220;off&#8220; button_border_color__hover_enabled=&#8220;off&#8220; button_one_border_color__hover_enabled=&#8220;off&#8220; button_two_border_color__hover_enabled=&#8220;off&#8220; button_border_radius__hover_enabled=&#8220;off&#8220; button_one_border_radius__hover_enabled=&#8220;off&#8220; button_two_border_radius__hover_enabled=&#8220;off&#8220; button_letter_spacing__hover_enabled=&#8220;off&#8220; button_one_letter_spacing__hover_enabled=&#8220;off&#8220; button_two_letter_spacing__hover_enabled=&#8220;off&#8220; button_bg_color__hover_enabled=&#8220;off&#8220; button_one_bg_color__hover_enabled=&#8220;off&#8220; button_two_bg_color__hover_enabled=&#8220;off&#8220;][\/et_pb_contact_field][\/et_pb_contact_form][\/et_pb_column][\/et_pb_row][\/et_pb_section]<\/p>\n","protected":false},"excerpt":{"rendered":"<p><span style=\"color: #b27b11;\"><strong>VARIETY<\/strong><\/span> Bio-Akazienhonig<br \/>\n<span style=\"color: #b27b11;\"><strong>FORMATE<\/strong><\/span> 900gr, 450gr und 300gr<br \/>\n<span style=\"color: #b27b11;\"><strong>URSPRUNG<\/strong><\/span> RUMANIA<br \/>\n<span style=\"color: #b27b11;\"><strong>SENSORISCHE MERKMALE<\/strong><\/span><br \/>\nAussehen (Farbe): Sehr klar, fast durchsichtig wei\u00df. Geruch: Schwach blumig und nicht sehr anhaltend mit mehligen Noten, die am besten in der Retro-Nase wahrgenommen werden. Geschmack (Mundgef\u00fchl): S\u00fc\u00dfer, feiner und eleganter Geschmack. Geschmack (Auskristallisation): Im Allgemeinen langsame Kristallisation in feinen Kristallen.<br \/>\n<span style=\"color: #b27b11;\"><strong>PRODUKTINFORMATION<\/strong><\/span> Bio-Akazienhonig, hergestellt von unserem Imkerteam in Rum\u00e4nien. Dieser Honig stammt aus den gro\u00dfen nat\u00fcrlichen W\u00e4ldern Rum\u00e4niens.<br \/>\n<span style=\"color: #b27b11;\"><strong>ERNTESAISON<\/strong><\/span> JAN FEB MAR<strong> APR MAI<\/strong> JUN JUL AUG SEP OKT NOV DEZ<\/p>\n","protected":false},"featured_media":30242,"comment_status":"closed","ping_status":"closed","template":"","meta":{"_et_pb_use_builder":"on","_et_pb_old_content":"<h1><span style=\"color: #b27b11\">Bio-Akazienhonig<\/span><\/h1>\nDie Akazie, die auch unter dem wissenschaftlichen Namen <span style=\"color: #b27b11\"><a style=\"color: #b27b11\" href=\"https:\/\/www.caminodosfaros.com\/medioambiente\/flora\/robinia-pseudoacacia-falsa-acacia\/\">robinia pseudoancia<\/a><\/span> bekannt ist, geh\u00f6rt zur Familie der Fabaceae, ist zwischen 15 und 25 Meter hoch, hat eine breite Krone und eine wei\u00dfe Bl\u00fcte, aus der sich sp\u00e4ter H\u00fclsenfr\u00fcchte und widerstandsf\u00e4hige Dornen entwickeln, die im Fr\u00fchjahr geerntet werden k\u00f6nnen. Unser Bio-Akazienhonig Bona Mel stammt aus Bienenst\u00f6cken, die in den gro\u00dfen Naturw\u00e4ldern Rum\u00e4niens stehen, und wird von den Bienen mit dem Nektar dieser Bl\u00fcten hergestellt und in den Monaten April und Mai geerntet. Der Bio-Akazienhonig Bona Mel hat eine sehr helle Farbe, ein leichtes und sanftes blumiges Aroma und einen s\u00fc\u00dfen, feinen und eleganten Geschmack.  \n\nBio-Akazienhonig hat eine charakteristische helle Farbe und ist ein weicher Honig im Geschmack. M\u00f6chten Sie alle seine Eigenschaften entdecken? Mehr \u00fcber Bio-Akazienhonig erfahren Sie in unserem <span style=\"color: #b27b11\"><a style=\"color: #b27b11\" href=\"https:\/\/www.bonamel.com\/contactar\">Kontaktbereich<\/a><\/span> oder indem Sie uns eine E-Mail schicken.  \n\nNicht zur Verwendung durch Kinder unter 1 Jahr geeignet.\n<h2><span style=\"color: #b27b11\">Verpackungsinformationen f\u00fcr Bio-Akazienhonig<\/span><\/h2>\n<table border=\"0\" cellspacing=\"0\"><colgroup width=\"264\"><\/colgroup> <colgroup span=\"3\" width=\"254\"><\/colgroup>\n<tbody>\n<tr>\n<td align=\"center\" height=\"17\"><\/td>\n<td align=\"center\" bgcolor=\"#B2B2B2\"><b>900 gr<\/b><\/td>\n<td align=\"center\" bgcolor=\"#B2B2B2\"><b>450 gr<\/b><\/td>\n<td align=\"center\" bgcolor=\"#B2B2B2\"><b>300 gr<\/b><\/td>\n<\/tr>\n<tr>\n<td align=\"center\" height=\"17\">Verpackung von Akazienhonig<\/td>\n<td align=\"center\">Glas<\/td>\n<td align=\"center\">Glas<\/td>\n<td align=\"center\">Glas<\/td>\n<\/tr>\n<tr>\n<td align=\"center\" height=\"17\">Nettogewicht pro Einheit<\/td>\n<td align=\"center\">900 gr<\/td>\n<td align=\"center\">450 gr<\/td>\n<td align=\"center\">300 gr<\/td>\n<\/tr>\n<tr>\n<td align=\"center\" height=\"17\">Bruttogewicht pro Einheit<\/td>\n<td align=\"center\">1245 gr<\/td>\n<td align=\"center\">680 gr<\/td>\n<td align=\"center\">450 gr<\/td>\n<\/tr>\n<tr>\n<td align=\"center\" height=\"17\">Abmessungen (L\u00e4nge-H\u00f6he-Breite)<\/td>\n<td align=\"center\">8,5 x 8,5 x 15,5 cm<\/td>\n<td align=\"center\">7,2 x 7,2 x 11 cm<\/td>\n<td align=\"center\">7,2 x 7,2 x 8,2 cm<\/td>\n<\/tr>\n<tr>\n<td align=\"center\" height=\"17\">Einheiten pro Box<\/td>\n<td align=\"center\">6<\/td>\n<td align=\"center\">10<\/td>\n<td align=\"center\">10<\/td>\n<\/tr>\n<tr>\n<td align=\"center\" height=\"17\">Abmessungen der Box (L\u00e4nge-H\u00f6he-Breite)<\/td>\n<td align=\"center\">27 x 18,7 x 18,7 cm<\/td>\n<td align=\"center\">40 x 17 x 14 cm<\/td>\n<td align=\"center\">40 x 17 x 9,5 cm<\/td>\n<\/tr>\n<tr>\n<td align=\"center\" height=\"17\">Bruttogewicht der Box<\/td>\n<td align=\"center\">7,81 kg<\/td>\n<td align=\"center\">7,17 kg<\/td>\n<td align=\"center\">5,50 kg<\/td>\n<\/tr>\n<tr>\n<td align=\"center\" height=\"17\">Abmessungen der Paletten<\/td>\n<td align=\"center\">120 x 80 cm<\/td>\n<td align=\"center\">120 x 80 cm<\/td>\n<td align=\"center\">120 x 80 cm<\/td>\n<\/tr>\n<tr>\n<td align=\"center\" height=\"17\">Kartons pro Pflanze<\/td>\n<td align=\"center\">16<\/td>\n<td align=\"center\">12<\/td>\n<td align=\"center\">12<\/td>\n<\/tr>\n<tr>\n<td align=\"center\" height=\"17\">Pflanzen pro Palette<\/td>\n<td align=\"center\">6<\/td>\n<td align=\"center\">7<\/td>\n<td align=\"center\">8<\/td>\n<\/tr>\n<tr>\n<td align=\"center\" height=\"17\">Kartons pro Palette<\/td>\n<td align=\"center\">96<\/td>\n<td align=\"center\">84<\/td>\n<td align=\"center\">96<\/td>\n<\/tr>\n<tr>\n<td align=\"center\" height=\"17\">Einheiten pro Palette<\/td>\n<td align=\"center\">576<\/td>\n<td align=\"center\">840<\/td>\n<td align=\"center\">960<\/td>\n<\/tr>\n<tr>\n<td align=\"center\" height=\"17\">Netto-Palettengewicht<\/td>\n<td align=\"center\">518 kg<\/td>\n<td align=\"center\">378 kg<\/td>\n<td align=\"center\">288 kg<\/td>\n<\/tr>\n<tr>\n<td align=\"center\" height=\"17\">Gesamtgewicht der Palette<\/td>\n<td align=\"center\">750 kg<\/td>\n<td align=\"center\">603 kg<\/td>\n<td align=\"center\">528 kg<\/td>\n<\/tr>\n<\/tbody>\n<\/table>","_et_gb_content_width":""},"product_brand":[],"product_cat":[52,53],"product_tag":[66],"class_list":{"0":"post-30037","1":"product","2":"type-product","3":"status-publish","4":"has-post-thumbnail","6":"product_cat-bio-honig","7":"product_cat-katalogprodukte","8":"product_tag-miel-de-acacia-ecologica","10":"first","11":"instock","12":"taxable","13":"shipping-taxable","14":"purchasable","15":"product-type-variable"},"_links":{"self":[{"href":"https:\/\/www.bonamel.com\/de\/wp-json\/wp\/v2\/product\/30037","targetHints":{"allow":["GET"]}}],"collection":[{"href":"https:\/\/www.bonamel.com\/de\/wp-json\/wp\/v2\/product"}],"about":[{"href":"https:\/\/www.bonamel.com\/de\/wp-json\/wp\/v2\/types\/product"}],"replies":[{"embeddable":true,"href":"https:\/\/www.bonamel.com\/de\/wp-json\/wp\/v2\/comments?post=30037"}],"wp:featuredmedia":[{"embeddable":true,"href":"https:\/\/www.bonamel.com\/de\/wp-json\/wp\/v2\/media\/30242"}],"wp:attachment":[{"href":"https:\/\/www.bonamel.com\/de\/wp-json\/wp\/v2\/media?parent=30037"}],"wp:term":[{"taxonomy":"product_brand","embeddable":true,"href":"https:\/\/www.bonamel.com\/de\/wp-json\/wp\/v2\/product_brand?post=30037"},{"taxonomy":"product_cat","embeddable":true,"href":"https:\/\/www.bonamel.com\/de\/wp-json\/wp\/v2\/product_cat?post=30037"},{"taxonomy":"product_tag","embeddable":true,"href":"https:\/\/www.bonamel.com\/de\/wp-json\/wp\/v2\/product_tag?post=30037"}],"curies":[{"name":"wp","href":"https:\/\/api.w.org\/{rel}","templated":true}]}}