{"id":29882,"date":"2025-08-28T13:46:54","date_gmt":"2025-08-28T11:46:54","guid":{"rendered":"https:\/\/www.bonamel.com\/producto\/bienenpollen\/"},"modified":"2025-09-03T13:24:52","modified_gmt":"2025-09-03T11:24:52","slug":"bienenpollen","status":"publish","type":"product","link":"https:\/\/www.bonamel.com\/de\/producto\/bienenpollen\/","title":{"rendered":"Bienenpollen"},"content":{"rendered":"<p>[et_pb_section fb_built=&#8220;1&#8243; module_id=&#8220;bannerTienda&#8220; _builder_version=&#8220;4.27.2&#8243; _module_preset=&#8220;default&#8220; background_image=&#8220;https:\/\/www.bonamel.com\/wp-content\/uploads\/Banner_Tienda_BonaMel.png&#8220; custom_padding=&#8220;||164px|||&#8220; custom_css_free_form=&#8220;@media (max-width:980px){||  #bannerTienda{||    padding-bottom:0px;||  }||}&#8220; locked=&#8220;off&#8220; collapsed=&#8220;on&#8220; global_colors_info=&#8220;{}&#8220;][et_pb_row column_structure=&#8220;1_4,1_2,1_4&#8243; module_id=&#8220;textoBannerTienda&#8220; _builder_version=&#8220;4.27.2&#8243; _module_preset=&#8220;default&#8220; custom_margin=&#8220;-26px|auto||auto||&#8220; custom_padding=&#8220;57px|||||&#8220; custom_css_free_form=&#8220;@media (max-width:980px){||  #textoBannerTienda{||    padding-top:0px !important;||  }||}&#8220; global_colors_info=&#8220;{}&#8220;][et_pb_column type=&#8220;1_4&#8243; _builder_version=&#8220;4.27.2&#8243; _module_preset=&#8220;default&#8220; global_colors_info=&#8220;{}&#8220;][\/et_pb_column][et_pb_column type=&#8220;1_2&#8243; _builder_version=&#8220;4.27.2&#8243; _module_preset=&#8220;default&#8220; global_colors_info=&#8220;{}&#8220;][et_pb_text _builder_version=&#8220;4.27.2&#8243; _module_preset=&#8220;default&#8220; custom_margin=&#8220;||-4px|||&#8220; global_colors_info=&#8220;{}&#8220;]<\/p>\n<h1 style=\"text-align: center; font-size: 52px;\"><span style=\"color: #ffffff;\">SHOP<\/span><\/h1>\n<p>[\/et_pb_text][et_pb_text _builder_version=&#8220;4.27.2&#8243; _module_preset=&#8220;default&#8220; custom_padding=&#8220;0px|||||&#8220; global_colors_info=&#8220;{}&#8220;]<\/p>\n<h3 style=\"text-align: center;\"><span style=\"color: #ffffff; font-family: 'Open Sans', Helvetica, Arial, Lucida, sans-serif;\">Biologischer Pollen<\/span><\/h3>\n<p>[\/et_pb_text][\/et_pb_column][et_pb_column type=&#8220;1_4&#8243; _builder_version=&#8220;4.27.2&#8243; _module_preset=&#8220;default&#8220; global_colors_info=&#8220;{}&#8220;][\/et_pb_column][\/et_pb_row][\/et_pb_section][et_pb_section fb_built=&#8220;1&#8243; _builder_version=&#8220;4.16&#8243; custom_padding=&#8220;0px||||false|false&#8220; locked=&#8220;off&#8220; collapsed=&#8220;on&#8220; global_colors_info=&#8220;{}&#8220;][et_pb_row _builder_version=&#8220;4.16&#8243; background_size=&#8220;initial&#8220; background_position=&#8220;top_left&#8220; background_repeat=&#8220;repeat&#8220; width=&#8220;100%&#8220; custom_padding=&#8220;0px||0px||false|false&#8220; global_colors_info=&#8220;{}&#8220;][et_pb_column type=&#8220;4_4&#8243; _builder_version=&#8220;4.16&#8243; custom_padding=&#8220;|||&#8220; global_colors_info=&#8220;{}&#8220; custom_padding__hover=&#8220;|||&#8220;][et_pb_wc_cart_notice _builder_version=&#8220;4.16&#8243; global_colors_info=&#8220;{}&#8220;][\/et_pb_wc_cart_notice][\/et_pb_column][\/et_pb_row][et_pb_row column_structure=&#8220;1_2,1_2&#8243; _builder_version=&#8220;4.16&#8243; background_size=&#8220;initial&#8220; background_position=&#8220;top_left&#8220; background_repeat=&#8220;repeat&#8220; width=&#8220;100%&#8220; custom_padding=&#8220;0px||||false|false&#8220; global_colors_info=&#8220;{}&#8220;][et_pb_column type=&#8220;1_2&#8243; _builder_version=&#8220;4.16&#8243; custom_padding=&#8220;|||&#8220; global_colors_info=&#8220;{}&#8220; custom_padding__hover=&#8220;|||&#8220;][et_pb_wc_images _builder_version=&#8220;4.27.2&#8243; custom_css_free_form=&#8220;.flex-control-nav{||  display:none;||}&#8220; global_colors_info=&#8220;{}&#8220;][\/et_pb_wc_images][\/et_pb_column][et_pb_column type=&#8220;1_2&#8243; _builder_version=&#8220;4.16&#8243; custom_padding=&#8220;|||&#8220; global_colors_info=&#8220;{}&#8220; custom_padding__hover=&#8220;|||&#8220;][et_pb_wc_title module_id=&#8220;titulo&#8220; _builder_version=&#8220;4.27.2&#8243; header_text_color=&#8220;#b27b11&#8243; header_font_size=&#8220;40px&#8220; custom_margin=&#8220;13px||11px|||&#8220; custom_css_free_form=&#8220;@media(max-width:768px){||  #titulo{||    padding-left:10px;||    padding-right:10px;||  }||}&#8220; global_colors_info=&#8220;{}&#8220;][\/et_pb_wc_title][et_pb_wc_price module_id=&#8220;precio&#8220; _builder_version=&#8220;4.27.2&#8243; body_font=&#8220;|700|||||||&#8220; body_text_color=&#8220;#7d5400&#8243; custom_css_free_form=&#8220;@media(max-width:768px){||  #precio{||    padding-left:10px;||    padding-right:10px;||  }||}&#8220; global_colors_info=&#8220;{}&#8220;][\/et_pb_wc_price][et_pb_wc_rating module_id=&#8220;estrellas&#8220; _builder_version=&#8220;4.27.2&#8243; rating_text_color=&#8220;#ecb003&#8243; rating_font_size=&#8220;18px&#8220; body_text_color=&#8220;RGBA(255,255,255,0)&#8220; body_font_size=&#8220;1px&#8220; custom_css_free_form=&#8220;@media(max-width:768px){||  #estrellas{||    padding-left:10px;||    padding-right:10px;||  }||}&#8220; global_colors_info=&#8220;{}&#8220;][\/et_pb_wc_rating][et_pb_wc_description module_id=&#8220;texto&#8220; _builder_version=&#8220;4.27.2&#8243; custom_css_free_form=&#8220;@media(max-width:768px){||  #texto{||    padding-left:10px;||    padding-right:10px;||  }||}&#8220; global_colors_info=&#8220;{}&#8220;][\/et_pb_wc_description][et_pb_wc_add_to_cart module_id=&#8220;cajaCarrito&#8220; _builder_version=&#8220;4.27.2&#8243; fields_text_color=&#8220;#000000&#8243; field_label_font=&#8220;|700||on|||||&#8220; field_label_text_color=&#8220;#b27b11&#8243; custom_button=&#8220;on&#8220; button_text_size=&#8220;18px&#8220; button_text_color=&#8220;#b27b11&#8243; button_border_color=&#8220;#b27b11&#8243; button_border_radius=&#8220;50px&#8220; button_font=&#8220;|600||on|||||&#8220; button_custom_margin=&#8220;||||false|false&#8220; button_custom_padding=&#8220;10px|30px|10px|30px|true|true&#8220; custom_margin=&#8220;|||-5px||&#8220; custom_padding=&#8220;0px|||||&#8220; custom_css_free_form=&#8220;#cajaCarrito .reset_variations{||  color:#B27B11;||  font-size: 16px;||}||||#cajaCarrito .woocommerce-Price-amount.amount bdi{||  font-size: 26px;||  color:#7D5400;||}||||#cajaCarrito td{|| padding-top: 12px !important;||}||||#cajaCarrito select{|| font-size: 16px;||}||||#cajaCarrito .woocommerce-variation-availability p{||  font-size:18px;||  color:#B27B11;||}||||.quantity input{||  font-size:16px;||}||||@media(max-width:768px){||  #cajaCarrito{||    padding-left:10px;||    padding-right:10px;||  }||}&#8220; global_colors_info=&#8220;{}&#8220;][\/et_pb_wc_add_to_cart][\/et_pb_column][\/et_pb_row][et_pb_row _builder_version=&#8220;4.16&#8243; background_size=&#8220;initial&#8220; background_position=&#8220;top_left&#8220; background_repeat=&#8220;repeat&#8220; width=&#8220;100%&#8220; global_colors_info=&#8220;{}&#8220;][et_pb_column type=&#8220;4_4&#8243; _builder_version=&#8220;4.16&#8243; custom_padding=&#8220;|||&#8220; global_colors_info=&#8220;{}&#8220; custom_padding__hover=&#8220;|||&#8220;][et_pb_wc_tabs active_tab_background_color=&#8220;#FFFFFF&#8220; inactive_tab_background_color=&#8220;#FFFFFF&#8220; active_tab_text_color=&#8220;#7d5400&#8243; _builder_version=&#8220;4.27.2&#8243; tab_text_color=&#8220;#7d5400&#8243; tab_line_height=&#8220;2.5em&#8220; background_color=&#8220;#FFFFFF&#8220; custom_css_free_form=&#8220;.woocommerce #review_form #respond .form-submit input {||  color: rgba(255, 255, 255, 1);||}||||.et-db #et-boc .et-l .et_pb_wc_tabs_0 .et_pb_tabs_controls li.et_pb_tab_active{||  border:1px solid #B27B11;||}||||.et-db #et-boc .et-l .et_pb_wc_tabs_0.et_pb_tabs .et_pb_tabs_controls li{||  border:1px solid #B27B11;||}||||.et-db #et-boc .et-l ul.et_pb_tabs_controls{||  background-color: white;||}||&#8220; border_color_all=&#8220;#b27b11&#8243; global_colors_info=&#8220;{}&#8220;]\t\t\t\t\t[\/et_pb_wc_tabs][\/et_pb_column][\/et_pb_row][\/et_pb_section][et_pb_section fb_built=&#8220;1&#8243; module_id=&#8220;bannerForm&#8220; _builder_version=&#8220;4.27.2&#8243; _module_preset=&#8220;default&#8220; background_image=&#8220;https:\/\/www.bonamel.com\/wp-content\/uploads\/Formulario_BonaMel.png&#8220; min_height=&#8220;100%&#8220; height=&#8220;100%&#8220; max_height=&#8220;100%&#8220; custom_padding=&#8220;73px||297px|||&#8220; custom_css_free_form=&#8220;\/* Desktop *\/||@media(min-width: 980px) {||  #bannerForm {||    position: relative;||    z-index: 2;||    margin-bottom: -280px;||  }||  ||  #bannerForm:before {||    content: &#8220;;||    position: absolute;||    top: 0;||    left: 0;||    right: 0;||    bottom: 0;||    background: inherit;||    z-index: -1;||  }||  ||  #bannerForm .et_pb_row_4 {||    padding-bottom: 50px;||    position: relative;||    z-index: 3;||  }||  ||  #bannerForm .et_pb_section_2.et_pb_section img {||    position: relative;||    z-index: 4;||  }||  ||  footer.et-l&#8211;footer {||    position: relative;||    z-index: 1;||  }||  ||  #footerPagina .et_pb_row {||    position: relative;||    z-index: 1;||  }||}||||\/* Tablet *\/||@media(max-width: 768px) {||#bannerForm {||    padding-top: 170px !important;||    padding-bottom: 585px !important;||      position: relative;||    z-index: -1;||  \tmargin-top:-280px;||  \tmargin-bottom:-500px;||\t}||  ||}||||\/* Mobile *\/||@media(max-width: 400px) {||#bannerForm {||  \tmargin-bottom:-550px;||\t}||}&#8220; locked=&#8220;off&#8220; collapsed=&#8220;on&#8220; global_colors_info=&#8220;{}&#8220;][et_pb_row column_structure=&#8220;1_2,1_2&#8243; module_id=&#8220;cajaForm&#8220; _builder_version=&#8220;4.27.2&#8243; _module_preset=&#8220;default&#8220; custom_margin=&#8220;142px|auto||auto||&#8220; custom_padding=&#8220;||0px|||&#8220; global_colors_info=&#8220;{}&#8220;][et_pb_column type=&#8220;1_2&#8243; _builder_version=&#8220;4.27.2&#8243; _module_preset=&#8220;default&#8220; global_colors_info=&#8220;{}&#8220;][et_pb_divider show_divider=&#8220;off&#8220; _builder_version=&#8220;4.27.2&#8243; _module_preset=&#8220;default&#8220; height=&#8220;50px&#8220; global_colors_info=&#8220;{}&#8220;][\/et_pb_divider][et_pb_text _builder_version=&#8220;4.27.2&#8243; _module_preset=&#8220;default&#8220; header_line_height=&#8220;1.2em&#8220; custom_margin=&#8220;||||false|false&#8220; custom_padding=&#8220;||||false|false&#8220; global_colors_info=&#8220;{}&#8220;]<\/p>\n<h1 style=\"font-size: 38px;\"><span style=\"color: #ffffff;\">M\u00d6CHTEN SIE<\/span><br \/><span style=\"color: #ffffff;\">MEHR WISSEN?<\/span><\/h1>\n<p><span style=\"color: #ffffff; font-size: 16px;\">Kontaktieren Sie uns<\/span><\/p>\n<p>[\/et_pb_text][et_pb_text _builder_version=&#8220;4.27.2&#8243; _module_preset=&#8220;default&#8220; global_colors_info=&#8220;{}&#8220;]<\/p>\n<table style=\"border: none; border-collapse: collapse;\">\n<tbody>\n<tr>\n<td style=\"border: none; text-align: left;padding:0px;\"><span style=\"color: #ffffff; font-size: 16px;\">Kundenservice: <\/span><br \/>\n<strong><span style=\"color: #ffffff; font-size: 16px;\">+34 965 530 882<\/span><\/strong><\/td>\n<td style=\"border: none; text-align: left;\"><span style=\"color: #ffffff; font-size: 16px;\">Email: <\/span><br \/>\n<strong><span style=\"color: #ffffff; font-size: 16px;\">info@bonamel.com<\/span><\/strong><\/td>\n<\/tr>\n<\/tbody>\n<\/table>\n<p>[\/et_pb_text][\/et_pb_column][et_pb_column type=&#8220;1_2&#8243; _builder_version=&#8220;4.27.2&#8243; _module_preset=&#8220;default&#8220; global_colors_info=&#8220;{}&#8220;][et_pb_contact_form email=&#8220;info@bonamel.com&#8220; custom_message=&#8220;De: %%Name%% %%Apellidos%% %%Email%%||et_pb_line_break_holder||Asunto: Formulario Quieres Saber M\u00e1s?||et_pb_line_break_holder||||et_pb_line_break_holder||Cuerpo del mensaje:||et_pb_line_break_holder||%%Message%%||et_pb_line_break_holder||||et_pb_line_break_holder||&#8211; ||et_pb_line_break_holder||Esto es un aviso de que se ha enviado un formulario de contacto en tu web Bonamel.com&#8220; _builder_version=&#8220;4.27.2&#8243; _module_preset=&#8220;default&#8220; _unique_id=&#8220;85e74d2f-7689-45b1-992f-3f27b289c631&#8243; form_field_background_color=&#8220;RGBA(255,255,255,0)&#8220; form_field_text_color=&#8220;#FFFFFF&#8220; form_field_focus_background_color=&#8220;RGBA(255,255,255,0)&#8220; captcha_font=&#8220;|700|||||||&#8220; captcha_text_color=&#8220;#FFFFFF&#8220; form_field_font=&#8220;|700|||||||&#8220; form_field_font_size=&#8220;14px&#8220; custom_button=&#8220;on&#8220; button_text_color=&#8220;#b27b11&#8243; button_bg_color=&#8220;#FFFFFF&#8220; button_border_radius=&#8220;50px&#8220; button_font=&#8220;|700|||||||&#8220; button_icon_color=&#8220;#b27b11&#8243; button_custom_padding=&#8220;|40px||40px|false|true&#8220; custom_padding=&#8220;||||false|false&#8220; border_radii=&#8220;on|25px|25px|25px|25px&#8220; border_width_all=&#8220;2px&#8220; border_color_all=&#8220;#FFFFFF&#8220; global_colors_info=&#8220;{}&#8220;][et_pb_contact_field field_id=&#8220;Name&#8220; field_title=&#8220;Name&#8220; _builder_version=&#8220;4.27.2&#8243; global_colors_info=&#8220;{}&#8220; button_text_size__hover_enabled=&#8220;off&#8220; button_one_text_size__hover_enabled=&#8220;off&#8220; button_two_text_size__hover_enabled=&#8220;off&#8220; button_text_color__hover_enabled=&#8220;off&#8220; button_one_text_color__hover_enabled=&#8220;off&#8220; button_two_text_color__hover_enabled=&#8220;off&#8220; button_border_width__hover_enabled=&#8220;off&#8220; button_one_border_width__hover_enabled=&#8220;off&#8220; button_two_border_width__hover_enabled=&#8220;off&#8220; button_border_color__hover_enabled=&#8220;off&#8220; button_one_border_color__hover_enabled=&#8220;off&#8220; button_two_border_color__hover_enabled=&#8220;off&#8220; button_border_radius__hover_enabled=&#8220;off&#8220; button_one_border_radius__hover_enabled=&#8220;off&#8220; button_two_border_radius__hover_enabled=&#8220;off&#8220; button_letter_spacing__hover_enabled=&#8220;off&#8220; button_one_letter_spacing__hover_enabled=&#8220;off&#8220; button_two_letter_spacing__hover_enabled=&#8220;off&#8220; button_bg_color__hover_enabled=&#8220;off&#8220; button_one_bg_color__hover_enabled=&#8220;off&#8220; button_two_bg_color__hover_enabled=&#8220;off&#8220;][\/et_pb_contact_field][et_pb_contact_field field_id=&#8220;Apellidos&#8220; field_title=&#8220;Nachname&#8220; field_type=&#8220;email&#8220; _builder_version=&#8220;4.27.2&#8243; global_colors_info=&#8220;{}&#8220; button_text_size__hover_enabled=&#8220;off&#8220; button_one_text_size__hover_enabled=&#8220;off&#8220; button_two_text_size__hover_enabled=&#8220;off&#8220; button_text_color__hover_enabled=&#8220;off&#8220; button_one_text_color__hover_enabled=&#8220;off&#8220; button_two_text_color__hover_enabled=&#8220;off&#8220; button_border_width__hover_enabled=&#8220;off&#8220; button_one_border_width__hover_enabled=&#8220;off&#8220; button_two_border_width__hover_enabled=&#8220;off&#8220; button_border_color__hover_enabled=&#8220;off&#8220; button_one_border_color__hover_enabled=&#8220;off&#8220; button_two_border_color__hover_enabled=&#8220;off&#8220; button_border_radius__hover_enabled=&#8220;off&#8220; button_one_border_radius__hover_enabled=&#8220;off&#8220; button_two_border_radius__hover_enabled=&#8220;off&#8220; button_letter_spacing__hover_enabled=&#8220;off&#8220; button_one_letter_spacing__hover_enabled=&#8220;off&#8220; button_two_letter_spacing__hover_enabled=&#8220;off&#8220; button_bg_color__hover_enabled=&#8220;off&#8220; button_one_bg_color__hover_enabled=&#8220;off&#8220; button_two_bg_color__hover_enabled=&#8220;off&#8220;][\/et_pb_contact_field][et_pb_contact_field field_id=&#8220;Email&#8220; field_title=&#8220;Email&#8220; fullwidth_field=&#8220;on&#8220; _builder_version=&#8220;4.27.2&#8243; _module_preset=&#8220;default&#8220; global_colors_info=&#8220;{}&#8220;][\/et_pb_contact_field][et_pb_contact_field field_id=&#8220;Message&#8220; field_title=&#8220;Nachricht&#8220; field_type=&#8220;text&#8220; fullwidth_field=&#8220;on&#8220; _builder_version=&#8220;4.27.2&#8243; global_colors_info=&#8220;{}&#8220; button_text_size__hover_enabled=&#8220;off&#8220; button_one_text_size__hover_enabled=&#8220;off&#8220; button_two_text_size__hover_enabled=&#8220;off&#8220; button_text_color__hover_enabled=&#8220;off&#8220; button_one_text_color__hover_enabled=&#8220;off&#8220; button_two_text_color__hover_enabled=&#8220;off&#8220; button_border_width__hover_enabled=&#8220;off&#8220; button_one_border_width__hover_enabled=&#8220;off&#8220; button_two_border_width__hover_enabled=&#8220;off&#8220; button_border_color__hover_enabled=&#8220;off&#8220; button_one_border_color__hover_enabled=&#8220;off&#8220; button_two_border_color__hover_enabled=&#8220;off&#8220; button_border_radius__hover_enabled=&#8220;off&#8220; button_one_border_radius__hover_enabled=&#8220;off&#8220; button_two_border_radius__hover_enabled=&#8220;off&#8220; button_letter_spacing__hover_enabled=&#8220;off&#8220; button_one_letter_spacing__hover_enabled=&#8220;off&#8220; button_two_letter_spacing__hover_enabled=&#8220;off&#8220; button_bg_color__hover_enabled=&#8220;off&#8220; button_one_bg_color__hover_enabled=&#8220;off&#8220; button_two_bg_color__hover_enabled=&#8220;off&#8220;][\/et_pb_contact_field][\/et_pb_contact_form][\/et_pb_column][\/et_pb_row][\/et_pb_section]<\/p>\n","protected":false},"excerpt":{"rendered":"<p><span style=\"color: #b27b11;\"><strong>SORTE<\/strong><\/span> Biologischer Pollen<br \/>\n<span style=\"color: #b27b11;\"><strong>FORMATE<\/strong><\/span> 440 gr, 215 gr y 150 gr<br \/>\n<span style=\"color: #b27b11;\"><strong>HERKUNFT<\/strong><\/span> Region Valencia und Kastilien-Le\u00f3n (SPANIEN)<br \/>\n<span style=\"color: #b27b11;\"><strong>SENSORISCHE EIGENSCHAFTEN<\/strong><\/span><br \/>\nOptische Erscheinung (Farbe): Gelblich, mit einigen violetten und dunklen K\u00f6rnern. Aroma: Anhaltend blumig. Geschmack (Geschmacksempfindung): S\u00fc\u00dfer Geschmack mit s\u00e4uerlichen T\u00f6nen. Textur: Feuchtigkeit, Pollenpulver und Konsistenz.<br \/>\n<span style=\"color: #b27b11;\"><strong>PRODUKTINFORMATION<\/strong><\/span> Biologischer Pollen, gesammelt von unseren Bienen aus verschiedenen mediterranen und leonesischen Wildblumen, die in den Naturparks \u201eSierra Mariola\u201c, \u201eLa Safor\u201c und \u201eLa Cebollera\u201c zu finden sind. Die Naturparks Sierra Mariola und La Safor liegen in der Provinz Alicante (Spanien) auf einer H\u00f6he von ungef\u00e4hr 1.000 Metern. Und der Naturpark Sierra La Cebollera liegt auf einer H\u00f6he von 1.500 bis 2.000 Metern in der Provinz Soria.<br \/>\n<span style=\"color: #b27b11;\"><strong>ERNTEZEIT<\/strong><\/span> JAN FEB M\u00c4R APR MAI <strong>JUN JUL AUG SEP <\/strong>OKT NOV DEZ<\/p>\n","protected":false},"featured_media":29883,"comment_status":"closed","ping_status":"closed","template":"","meta":{"_et_pb_use_builder":"on","_et_pb_old_content":"Der biologische Pollen von Bona Mel wird von unseren Bienen aus verschiedenen mediterranen und leonesischen Wildblumen gewonnen, die in den Naturparks \"Sierra Mariola\" und \"La Safor\" in der Region Valencia in den Provinzen Alicante und Valencia (Spanien) auf einer H\u00f6he von etwa 1.000 Metern und im Naturpark \"Sierra La Cebollera\" in der Provinz Soria (Spanien) auf einer H\u00f6he von 1.500 bis 2.000 Metern zu finden sind. Unser Bio-Pollen ist von gelblicher Farbe, mit einigen violetten und dunklen K\u00f6rnern, hat ein anhaltendes Blumenaroma und einen s\u00fc\u00dfen Geschmack mit s\u00e4uerlichen T\u00f6nen. Die Ernte f\u00fchren wir in den Monaten Juni, Juli, August und September durch.  \n\nNicht empfohlen f\u00fcr Kinder unter 2 Jahren.\n<h2><span style=\"color: #b27b11\">Informationen zur Verpackung<\/span><\/h2>\n<table width=\"100%\">\n<tbody>\n<tr style=\"background-color: #bfbfbf;font-weight: bold\">\n<td width=\"281\"><\/td>\n<td width=\"151\"><strong><em>440 Gr <\/em><\/strong><\/td>\n<td width=\"142\"><strong><em>215 GR <\/em><\/strong><\/td>\n<td width=\"137\"><strong><em>150 GR<\/em><\/strong><\/td>\n<\/tr>\n<tr>\n<td width=\"281\">Packaging<\/td>\n<td width=\"151\">Glas<\/td>\n<td width=\"142\">Glas<\/td>\n<td width=\"137\">Glas<\/td>\n<\/tr>\n<tr style=\"background-color: #d9d9d9\">\n<td width=\"281\">Nettogewicht pro Einheit<\/td>\n<td width=\"151\">440gr<\/td>\n<td width=\"142\">215gr<\/td>\n<td width=\"137\">150gr<\/td>\n<\/tr>\n<tr>\n<td width=\"281\">Bruttogewicht pro Einheit<\/td>\n<td width=\"151\">0.785 gr<\/td>\n<td width=\"142\">0.445 gr<\/td>\n<td width=\"137\">0.300 gr<\/td>\n<\/tr>\n<tr style=\"background-color: #d9d9d9\">\n<td width=\"281\">Abmessungen (L\u00e4nge-H\u00f6he-Breite)<\/td>\n<td width=\"151\">8.5cmx8.5cmx15.5cm<\/td>\n<td width=\"142\">7.2cmx7.2cmx11cm<\/td>\n<td width=\"137\">7.2cmx7.2cmx8.2cm<\/td>\n<\/tr>\n<tr>\n<td width=\"281\">Einheiten pro Box<\/td>\n<td width=\"151\">6<\/td>\n<td width=\"142\">10<\/td>\n<td width=\"137\">6<\/td>\n<\/tr>\n<tr style=\"background-color: #d9d9d9\">\n<td width=\"281\">Abmessungen der Box (L\u00e4nge-H\u00f6he-Breite)<\/td>\n<td width=\"151\">18x26.6x16<\/td>\n<td width=\"142\">18x42x12.5<\/td>\n<td width=\"137\">15.5x24.2x8.7<\/td>\n<\/tr>\n<tr>\n<td width=\"281\">Bruttogewicht der Box<\/td>\n<td width=\"151\">4.91 kg<\/td>\n<td width=\"142\">4.7 kg<\/td>\n<td width=\"137\">2.04 kg<\/td>\n<\/tr>\n<tr style=\"background-color: #d9d9d9\">\n<td width=\"281\">Abmessungen der Paletten<\/td>\n<td width=\"151\">120 x 80cm.<\/td>\n<td width=\"142\">120 x 80cm.<\/td>\n<td width=\"137\">120 x 80cm.<\/td>\n<\/tr>\n<tr>\n<td width=\"281\">Kartons pro Pflanze<\/td>\n<td width=\"151\">16<\/td>\n<td width=\"142\">12<\/td>\n<td width=\"137\">21<\/td>\n<\/tr>\n<tr style=\"background-color: #d9d9d9\">\n<td width=\"281\">Pflanzen pro Palette<\/td>\n<td width=\"151\">6<\/td>\n<td width=\"142\">7<\/td>\n<td width=\"137\">8<\/td>\n<\/tr>\n<tr>\n<td width=\"281\">Kartons pro Palett\n<\/td>\n<td width=\"151\">96<\/td>\n<td width=\"142\">84<\/td><br><td width=\"137\">168<\/td>\n<\/tr>\n<tr style=\"background-color: #d9d9d9\">\n<td width=\"281\">Einheiten pro Palette<\/td>\n<td width=\"151\">576<\/td>\n<td width=\"142\">840<\/td>\n<td width=\"137\">1008<\/td>\n<\/tr>\n<tr>\n<td width=\"281\">Netto-Palettengewicht<\/td>\n<td width=\"151\">253 kg<\/td>\n<td width=\"142\">180 kg<\/td>\n<td width=\"137\">151 kg<\/td>\n<\/tr>\n<tr style=\"background-color: #d9d9d9\">\n<td width=\"281\">Gesamtgewicht der Palette<\/td>\n<td width=\"151\">989 kg<\/td>\n<td width=\"142\">772 kg<\/td>\n<td width=\"137\">645 kg<\/td>\n<\/tr>\n<\/tbody>\n<\/table>\n\u00a0","_et_gb_content_width":""},"product_brand":[],"product_cat":[64,53],"product_tag":[],"class_list":{"0":"post-29882","1":"product","2":"type-product","3":"status-publish","4":"has-post-thumbnail","6":"product_cat-biologischer-pollen","7":"product_cat-katalogprodukte","9":"first","10":"instock","11":"taxable","12":"shipping-taxable","13":"purchasable","14":"product-type-variable"},"_links":{"self":[{"href":"https:\/\/www.bonamel.com\/de\/wp-json\/wp\/v2\/product\/29882","targetHints":{"allow":["GET"]}}],"collection":[{"href":"https:\/\/www.bonamel.com\/de\/wp-json\/wp\/v2\/product"}],"about":[{"href":"https:\/\/www.bonamel.com\/de\/wp-json\/wp\/v2\/types\/product"}],"replies":[{"embeddable":true,"href":"https:\/\/www.bonamel.com\/de\/wp-json\/wp\/v2\/comments?post=29882"}],"wp:featuredmedia":[{"embeddable":true,"href":"https:\/\/www.bonamel.com\/de\/wp-json\/wp\/v2\/media\/29883"}],"wp:attachment":[{"href":"https:\/\/www.bonamel.com\/de\/wp-json\/wp\/v2\/media?parent=29882"}],"wp:term":[{"taxonomy":"product_brand","embeddable":true,"href":"https:\/\/www.bonamel.com\/de\/wp-json\/wp\/v2\/product_brand?post=29882"},{"taxonomy":"product_cat","embeddable":true,"href":"https:\/\/www.bonamel.com\/de\/wp-json\/wp\/v2\/product_cat?post=29882"},{"taxonomy":"product_tag","embeddable":true,"href":"https:\/\/www.bonamel.com\/de\/wp-json\/wp\/v2\/product_tag?post=29882"}],"curies":[{"name":"wp","href":"https:\/\/api.w.org\/{rel}","templated":true}]}}