{"id":30126,"date":"2025-09-01T14:02:20","date_gmt":"2025-09-01T12:02:20","guid":{"rendered":"https:\/\/www.bonamel.com\/wer-sind-wir\/"},"modified":"2025-09-04T11:48:23","modified_gmt":"2025-09-04T09:48:23","slug":"wer-sind-wir","status":"publish","type":"page","link":"https:\/\/www.bonamel.com\/de\/wer-sind-wir\/","title":{"rendered":"Wer sind wir?"},"content":{"rendered":"<p>[et_pb_section fb_built=&#8220;1&#8243; admin_label=&#8220;Features&#8220; _builder_version=&#8220;4.27.4&#8243; background_color=&#8220;RGBA(255,255,255,0)&#8220; custom_padding=&#8220;0px|||||&#8220; locked=&#8220;off&#8220; collapsed=&#8220;off&#8220; global_colors_info=&#8220;{}&#8220;][et_pb_row column_structure=&#8220;1_2,1_2&#8243; use_custom_gutter=&#8220;on&#8220; gutter_width=&#8220;4&#8243; _builder_version=&#8220;4.16&#8243; global_colors_info=&#8220;{}&#8220;][et_pb_column type=&#8220;1_2&#8243; _builder_version=&#8220;4.16&#8243; custom_padding=&#8220;|||&#8220; global_colors_info=&#8220;{}&#8220; custom_padding__hover=&#8220;|||&#8220;][et_pb_text _builder_version=&#8220;4.27.4&#8243; _module_preset=&#8220;default&#8220; header_font=&#8220;&#8211;et_global_heading_font||||||||&#8220; header_font_size=&#8220;34px&#8220; header_line_height=&#8220;1.4em&#8220; custom_margin=&#8220;50px||-1px||false|false&#8220; global_colors_info=&#8220;{}&#8220;]<\/p>\n<h1>UNTERNEHMEN F\u00dcR \u00d6KOLOGISCHEN HONIG<\/h1>\n<p>[\/et_pb_text][et_pb_text _builder_version=&#8220;4.27.4&#8243; _module_preset=&#8220;default&#8220; text_text_color=&#8220;#846E6C&#8220; text_font_size=&#8220;18px&#8220; text_line_height=&#8220;1.6em&#8220; width=&#8220;75%&#8220; custom_margin=&#8220;||||false|false&#8220; custom_padding=&#8220;||||false|false&#8220; global_colors_info=&#8220;{}&#8220;]<\/p>\n<p>Die dritte Generation dieser familie widmet sich der Bienenzucht<\/p>\n<p>Bona Mel ist ein Unternehmen f\u00fcr \u00f6kologischen Honig, das sich auf die Produktion von Bio-Honig und Nebenprodukten spezialisiert hat. Die dritte Generation einer Imkerfamilie f\u00fchrt dieses ehrgeizige Projekt fort.<\/p>\n<p>[\/et_pb_text][\/et_pb_column][et_pb_column type=&#8220;1_2&#8243; _builder_version=&#8220;4.16&#8243; custom_padding=&#8220;40px|||&#8220; custom_padding_tablet=&#8220;0px|||&#8220; custom_padding_last_edited=&#8220;off|desktop&#8220; global_colors_info=&#8220;{}&#8220; custom_padding__hover=&#8220;|||&#8220;][et_pb_image src=&#8220;https:\/\/www.bonamel.com\/wp-content\/uploads\/2025\/09\/Quienes-somos-1-.png&#8220; title_text=&#8220;Wer sind wir&#8220; align=&#8220;center&#8220; align_tablet=&#8220;&#8220; align_phone=&#8220;&#8220; align_last_edited=&#8220;on|desktop&#8220; _builder_version=&#8220;4.27.4&#8243; background_color=&#8220;RGBA(255,255,255,0)&#8220; background_enable_image=&#8220;off&#8220; max_width=&#8220;100%&#8220; custom_margin=&#8220;||32px|||&#8220; custom_padding=&#8220;0px|||||&#8220; animation_direction=&#8220;bottom&#8220; hover_enabled=&#8220;0&#8243; global_colors_info=&#8220;{}&#8220; sticky_enabled=&#8220;0&#8243;][\/et_pb_image][\/et_pb_column][\/et_pb_row][\/et_pb_section][et_pb_section fb_built=&#8220;1&#8243; _builder_version=&#8220;4.27.4&#8243; _module_preset=&#8220;default&#8220; background_color=&#8220;RGBA(255,255,255,0)&#8220; custom_margin=&#8220;-150px||||false|false&#8220; custom_padding=&#8220;0px||0px||false|false&#8220; global_colors_info=&#8220;{}&#8220;][et_pb_row column_structure=&#8220;1_2,1_2&#8243; _builder_version=&#8220;4.27.4&#8243; _module_preset=&#8220;default&#8220; global_colors_info=&#8220;{}&#8220;][et_pb_column type=&#8220;1_2&#8243; _builder_version=&#8220;4.27.4&#8243; _module_preset=&#8220;default&#8220; global_colors_info=&#8220;{}&#8220;][\/et_pb_column][et_pb_column type=&#8220;1_2&#8243; _builder_version=&#8220;4.27.4&#8243; _module_preset=&#8220;default&#8220; global_colors_info=&#8220;{}&#8220;][et_pb_text _builder_version=&#8220;4.27.4&#8243; text_font=&#8220;||||||||&#8220; text_text_color=&#8220;gcid-body-color&#8220; text_font_size=&#8220;16px&#8220; text_line_height=&#8220;1.6em&#8220; header_font=&#8220;||||||||&#8220; header_2_text_color=&#8220;#514520&#8243; header_2_font_size=&#8220;32px&#8220; header_3_font=&#8220;Merriweather|700|||||||&#8220; header_3_font_size=&#8220;30px&#8220; header_3_line_height=&#8220;1.6em&#8220; header_4_font=&#8220;Merriweather|700|||||||&#8220; header_4_text_color=&#8220;#15c39a&#8220; header_4_line_height=&#8220;1.8em&#8220; background_color=&#8220;RGBA(255,255,255,0)&#8220; max_width=&#8220;826px&#8220; module_alignment=&#8220;center&#8220; min_height=&#8220;175px&#8220; custom_margin=&#8220;|||30px|false|false&#8220; custom_margin_tablet=&#8220;&#8220; custom_margin_phone=&#8220;||50px|0px|false|false&#8220; custom_margin_last_edited=&#8220;on|phone&#8220; custom_padding=&#8220;|||40px|false|false&#8220; custom_padding_tablet=&#8220;|||40px|false|false&#8220; custom_padding_phone=&#8220;|||0px|false|false&#8220; custom_padding_last_edited=&#8220;on|phone&#8220; header_3_font_size_tablet=&#8220;&#8220; header_3_font_size_phone=&#8220;16px&#8220; header_3_font_size_last_edited=&#8220;on|desktop&#8220; header_4_font_size_tablet=&#8220;&#8220; header_4_font_size_phone=&#8220;14px&#8220; header_4_font_size_last_edited=&#8220;on|phone&#8220; locked=&#8220;off&#8220; global_colors_info=&#8220;{%22gcid-body-color%22:%91%22text_text_color%22%93}&#8220;]<\/p>\n<h2>UNSERE BIENENST\u00d6CKE<\/h2>\n<p>Unser gesamter Honig stammt aus unseren eigenen Bienenst\u00f6cken in ganz Spanien und teilweise von unseren Kollegen in Rum\u00e4nien.<\/p>\n<p>[\/et_pb_text][\/et_pb_column][\/et_pb_row][et_pb_row column_structure=&#8220;1_2,1_2&#8243; make_equal=&#8220;on&#8220; _builder_version=&#8220;4.27.4&#8243; _module_preset=&#8220;default&#8220; custom_margin=&#8220;-50px||||false|false&#8220; global_colors_info=&#8220;{}&#8220;][et_pb_column type=&#8220;1_2&#8243; _builder_version=&#8220;4.27.4&#8243; _module_preset=&#8220;default&#8220; global_colors_info=&#8220;{}&#8220;][et_pb_image src=&#8220;https:\/\/www.bonamel.com\/wp-content\/uploads\/2025\/09\/ImgEspana_QuienesSomos_BonaMel.png&#8220; alt=&#8220;Karte von Spanien&#8220; title_text=&#8220;Karte von Spanien&#8220; align=&#8220;center&#8220; _builder_version=&#8220;4.27.4&#8243; _module_preset=&#8220;default&#8220; global_colors_info=&#8220;{}&#8220;][\/et_pb_image][et_pb_text content_tablet=&#8220;<\/p>\n<h2>SPANIEN<\/h2>\n<p>&#8220; content_phone=&#8220;<\/p>\n<h2 style=%22text-align: center;%22>SPANIEN<\/h2>\n<p>&#8220; content_last_edited=&#8220;on|phone&#8220; _builder_version=&#8220;4.27.2&#8243; _module_preset=&#8220;default&#8220; header_2_font=&#8220;&#8211;et_global_heading_font||||||||&#8220; header_2_text_align=&#8220;center&#8220; header_2_text_color=&#8220;#7d5512&#8243; width_last_edited=&#8220;off|phone&#8220; custom_margin_tablet=&#8220;&#8220; custom_margin_phone=&#8220;||||false|false&#8220; custom_margin_last_edited=&#8220;on|phone&#8220; custom_padding=&#8220;||||false|false&#8220; module_alignment_tablet=&#8220;&#8220; module_alignment_phone=&#8220;center&#8220; module_alignment_last_edited=&#8220;on|phone&#8220; locked=&#8220;off&#8220; global_colors_info=&#8220;{}&#8220;]<\/p>\n<h2>SPANIEN<\/h2>\n<p>[\/et_pb_text][\/et_pb_column][et_pb_column type=&#8220;1_2&#8243; _builder_version=&#8220;4.27.4&#8243; _module_preset=&#8220;default&#8220; global_colors_info=&#8220;{}&#8220;][et_pb_image src=&#8220;https:\/\/www.bonamel.com\/wp-content\/uploads\/2025\/09\/ImgRumania_QuienesSomos_BonaMel.png&#8220; alt=&#8220;Karte von Rum\u00e4nien&#8220; title_text=&#8220;Karte von Rum\u00e4nien&#8220; align=&#8220;center&#8220; _builder_version=&#8220;4.27.4&#8243; _module_preset=&#8220;default&#8220; global_colors_info=&#8220;{}&#8220;][\/et_pb_image][et_pb_text content_tablet=&#8220;<\/p>\n<h2>SPANIEN<\/h2>\n<p>&#8220; content_phone=&#8220;<\/p>\n<h2 style=%22text-align: center;%22>RUM\u00c4NIEN<\/h2>\n<p>&#8220; content_last_edited=&#8220;on|phone&#8220; _builder_version=&#8220;4.27.4&#8243; _module_preset=&#8220;default&#8220; header_2_font=&#8220;&#8211;et_global_heading_font||||||||&#8220; header_2_text_align=&#8220;center&#8220; header_2_text_color=&#8220;#7d5512&#8243; width_last_edited=&#8220;off|phone&#8220; custom_margin_tablet=&#8220;&#8220; custom_margin_phone=&#8220;||||false|false&#8220; custom_margin_last_edited=&#8220;on|phone&#8220; custom_padding=&#8220;29px||||false|false&#8220; module_alignment_tablet=&#8220;&#8220; module_alignment_phone=&#8220;center&#8220; module_alignment_last_edited=&#8220;on|phone&#8220; locked=&#8220;off&#8220; global_colors_info=&#8220;{}&#8220;]<\/p>\n<h2>RUM\u00c4NIEN<\/h2>\n<p>[\/et_pb_text][\/et_pb_column][\/et_pb_row][\/et_pb_section][et_pb_section fb_built=&#8220;1&#8243; custom_padding_last_edited=&#8220;on|phone&#8220; _builder_version=&#8220;4.27.4&#8243; _module_preset=&#8220;default&#8220; custom_padding_tablet=&#8220;&#8220; custom_padding_phone=&#8220;||0px||false|false&#8220; global_colors_info=&#8220;{}&#8220;][et_pb_row column_structure=&#8220;1_2,1_2&#8243; _builder_version=&#8220;4.27.4&#8243; _module_preset=&#8220;default&#8220; global_colors_info=&#8220;{}&#8220;][et_pb_column type=&#8220;1_2&#8243; _builder_version=&#8220;4.27.4&#8243; _module_preset=&#8220;default&#8220; global_colors_info=&#8220;{}&#8220;][et_pb_text _builder_version=&#8220;4.27.4&#8243; _module_preset=&#8220;default&#8220; text_font=&#8220;&#8211;et_global_body_font||||||||&#8220; text_text_color=&#8220;#84746c&#8220; text_font_size=&#8220;18px&#8220; text_line_height=&#8220;1.6em&#8220; header_2_font=&#8220;Trajan Pro Regular||||||||&#8220; header_2_text_align=&#8220;left&#8220; header_2_text_color=&#8220;gcid-body-color&#8220; header_2_font_size=&#8220;32px&#8220; header_2_line_height=&#8220;1.4em&#8220; custom_margin=&#8220;||50px|||&#8220; custom_margin_tablet=&#8220;&#8220; custom_margin_phone=&#8220;-20px||||false|false&#8220; custom_margin_last_edited=&#8220;on|phone&#8220; locked=&#8220;off&#8220; global_colors_info=&#8220;{%22gcid-body-color%22:%91%22header_2_text_color%22%93}&#8220;]<\/p>\n<h2>UNSERE<br \/>\nPROFIS<\/h2>\n<p>Unser Team besteht aus professionellen Imkern mit langj\u00e4hriger Erfahrung in der \u00f6kologischen Bienenhaltung. Ihr Wissen, ihr Engagement und ihr Respekt f\u00fcr die Umwelt garantieren verantwortungsvolles, handwerkliches Arbeiten in allen Prozessphasen.[\/et_pb_text][et_pb_text _builder_version=&#8220;4.27.4&#8243; _module_preset=&#8220;default&#8220; text_font=&#8220;&#8211;et_global_body_font||||||||&#8220; text_text_color=&#8220;#84746c&#8220; text_font_size=&#8220;18px&#8220; text_line_height=&#8220;1.6em&#8220; header_2_font=&#8220;Trajan Pro Regular||||||||&#8220; header_2_text_align=&#8220;left&#8220; header_2_text_color=&#8220;gcid-body-color&#8220; header_2_font_size=&#8220;32px&#8220; header_2_line_height=&#8220;1.4em&#8220; custom_margin_tablet=&#8220;&#8220; custom_margin_phone=&#8220;-20px||||false|false&#8220; custom_margin_last_edited=&#8220;on|phone&#8220; locked=&#8220;off&#8220; global_colors_info=&#8220;{%22gcid-body-color%22:%91%22header_2_text_color%22%93}&#8220;]<\/p>\n<h2>BIO-BIENENZUCHT<\/h2>\n<p>Bei Bona Mel produzieren wir hochwertigen Bio-Honig nach den strengen Grunds\u00e4tzen der nat\u00fcrlichen Bienenhaltung. Unser Team aus professionellen Imkern arbeitet mit Respekt gegen\u00fcber Bienen und Umwelt und stellt sicher, dass jede Ernte ihre Reinheit und Authentizit\u00e4t beh\u00e4lt.[\/et_pb_text][\/et_pb_column][et_pb_column type=&#8220;1_2&#8243; _builder_version=&#8220;4.27.4&#8243; _module_preset=&#8220;default&#8220; global_colors_info=&#8220;{}&#8220;][et_pb_image src=&#8220;https:\/\/www.bonamel.com\/wp-content\/uploads\/2025\/09\/Quienes-somos-2-.png&#8220; title_text=&#8220;Wer sind wir&#8220; _builder_version=&#8220;4.27.4&#8243; _module_preset=&#8220;default&#8220; global_colors_info=&#8220;{}&#8220;][\/et_pb_image][\/et_pb_column][\/et_pb_row][\/et_pb_section][et_pb_section fb_built=&#8220;1&#8243; _builder_version=&#8220;4.27.4&#8243; _module_preset=&#8220;default&#8220; custom_padding=&#8220;0px||||false|false&#8220; global_colors_info=&#8220;{}&#8220;][et_pb_row column_structure=&#8220;1_2,1_2&#8243; _builder_version=&#8220;4.27.4&#8243; _module_preset=&#8220;default&#8220; global_colors_info=&#8220;{}&#8220;][et_pb_column type=&#8220;1_2&#8243; _builder_version=&#8220;4.27.4&#8243; _module_preset=&#8220;default&#8220; global_colors_info=&#8220;{}&#8220;][et_pb_image src=&#8220;https:\/\/www.bonamel.com\/wp-content\/uploads\/2025\/09\/Quienes-somos-3.png&#8220; title_text=&#8220;Wer sind wir&#8220; _builder_version=&#8220;4.27.4&#8243; _module_preset=&#8220;default&#8220; global_colors_info=&#8220;{}&#8220;][\/et_pb_image][\/et_pb_column][et_pb_column type=&#8220;1_2&#8243; _builder_version=&#8220;4.27.4&#8243; _module_preset=&#8220;default&#8220; global_colors_info=&#8220;{}&#8220;][et_pb_text _builder_version=&#8220;4.27.4&#8243; _module_preset=&#8220;default&#8220; text_font=&#8220;&#8211;et_global_body_font||||||||&#8220; text_text_color=&#8220;#84746c&#8220; text_font_size=&#8220;18px&#8220; text_line_height=&#8220;1.6em&#8220; header_2_font=&#8220;Trajan Pro Regular||||||||&#8220; header_2_text_align=&#8220;left&#8220; header_2_text_color=&#8220;gcid-body-color&#8220; header_2_font_size=&#8220;32px&#8220; header_2_line_height=&#8220;1.4em&#8220; custom_margin=&#8220;||50px|||&#8220; custom_margin_tablet=&#8220;&#8220; custom_margin_phone=&#8220;-20px||||false|false&#8220; custom_margin_last_edited=&#8220;on|phone&#8220; locked=&#8220;off&#8220; global_colors_info=&#8220;{%22gcid-body-color%22:%91%22header_2_text_color%22%93}&#8220;]<\/p>\n<h2>F\u00dcTTERUNG<br \/>\nDER BIENEN<\/h2>\n<p>Unsere Bienen werden ausschlie\u00dflich mit Honig und Pollen aus eigener Ernte gef\u00fcttert. Auf den Einsatz von nicht-biologischen Zuckern, Geschmacksverst\u00e4rkern und Farbstoffen verzichten wir vollst\u00e4ndig.<\/p>\n<p>Dieses Verfahren garantiert die h\u00f6chste Qualit\u00e4t unseres Honigs und ist f\u00fcr die Erlangung der Bio-Zertifizierung unerl\u00e4sslich.[\/et_pb_text][et_pb_text _builder_version=&#8220;4.27.4&#8243; _module_preset=&#8220;default&#8220; text_font=&#8220;&#8211;et_global_body_font||||||||&#8220; text_text_color=&#8220;#84746c&#8220; text_font_size=&#8220;18px&#8220; text_line_height=&#8220;1.6em&#8220; header_2_font=&#8220;Trajan Pro Regular||||||||&#8220; header_2_text_align=&#8220;left&#8220; header_2_text_color=&#8220;gcid-body-color&#8220; header_2_font_size=&#8220;32px&#8220; header_2_line_height=&#8220;1.4em&#8220; custom_margin_tablet=&#8220;&#8220; custom_margin_phone=&#8220;-20px||||false|false&#8220; custom_margin_last_edited=&#8220;on|phone&#8220; locked=&#8220;off&#8220; global_colors_info=&#8220;{%22gcid-body-color%22:%91%22header_2_text_color%22%93}&#8220;]<\/p>\n<h2>BIENENSTOCKMANAGEMENT<\/h2>\n<p>Die Bienenst\u00f6cke werden mit Respekt gepflegt und menschliche Eingriffe werden auf ein Minimum beschr\u00e4nkt, sodass die Bienen ihren Aktivit\u00e4ten auf nat\u00fcrliche Weise nachgehen k\u00f6nnen.<\/p>\n<p>Wir erf\u00fcllen alle Anforderungen f\u00fcr eine zertifizierte Bio-Produktion.[\/et_pb_text][\/et_pb_column][\/et_pb_row][\/et_pb_section][et_pb_section fb_built=&#8220;1&#8243; _builder_version=&#8220;4.27.4&#8243; _module_preset=&#8220;default&#8220; custom_padding=&#8220;0px||0px||true|false&#8220; global_colors_info=&#8220;{}&#8220;][et_pb_row column_structure=&#8220;1_2,1_2&#8243; _builder_version=&#8220;4.27.4&#8243; _module_preset=&#8220;default&#8220; global_colors_info=&#8220;{}&#8220;][et_pb_column type=&#8220;1_2&#8243; _builder_version=&#8220;4.27.4&#8243; _module_preset=&#8220;default&#8220; global_colors_info=&#8220;{}&#8220;][et_pb_text _builder_version=&#8220;4.27.4&#8243; _module_preset=&#8220;default&#8220; text_font=&#8220;&#8211;et_global_body_font||||||||&#8220; text_text_color=&#8220;#84746c&#8220; text_font_size=&#8220;18px&#8220; text_line_height=&#8220;1.6em&#8220; header_2_font=&#8220;Trajan Pro Regular||||||||&#8220; header_2_text_align=&#8220;left&#8220; header_2_text_color=&#8220;gcid-body-color&#8220; header_2_font_size=&#8220;32px&#8220; header_2_line_height=&#8220;1.4em&#8220; custom_margin=&#8220;||50px|||&#8220; custom_margin_tablet=&#8220;&#8220; custom_margin_phone=&#8220;-20px||||false|false&#8220; custom_margin_last_edited=&#8220;on|phone&#8220; locked=&#8220;off&#8220; global_colors_info=&#8220;{%22gcid-body-color%22:%91%22header_2_text_color%22%93}&#8220;]<\/p>\n<h2>UNSER<br \/>\nBIO-HONIG<\/h2>\n<p>Bei Bona Mel produzieren wir Bio-Honig auf eine Weise, die die nat\u00fcrlichen Zyklen der Bienen respektiert und ihre Reinheit, ihren Geschmack und ihre Eigenschaften bewahrt.<\/p>\n<p>Im Gegensatz zu herk\u00f6mmlichem Honig erfolgt unsere Produktion mit zertifizierten nat\u00fcrlichen Methoden, ohne k\u00fcnstliche Zutaten oder Verfahren, die die Produktqualit\u00e4t beeintr\u00e4chtigen.<\/p>\n<p>Das Ergebnis ist ein 100 % nat\u00fcrlicher Honig mit authentischem Geschmack und allen intakten Eigenschaften, der durch Prozesse gewonnen wird, die die Umwelt und das Wohlbefinden der Bienen respektieren.[\/et_pb_text][\/et_pb_column][et_pb_column type=&#8220;1_2&#8243; _builder_version=&#8220;4.27.4&#8243; _module_preset=&#8220;default&#8220; global_colors_info=&#8220;{}&#8220;][et_pb_image src=&#8220;https:\/\/www.bonamel.com\/wp-content\/uploads\/2025\/09\/Quienes-somos-4.png&#8220; title_text=&#8220;Wer sind wir&#8220; _builder_version=&#8220;4.27.4&#8243; _module_preset=&#8220;default&#8220; global_colors_info=&#8220;{}&#8220;][\/et_pb_image][\/et_pb_column][\/et_pb_row][\/et_pb_section][et_pb_section fb_built=&#8220;1&#8243; admin_label=&#8220;Frequently Asked Questions&#8220; _builder_version=&#8220;4.27.4&#8243; custom_margin=&#8220;58px|||||&#8220; custom_margin_tablet=&#8220;58px|||||&#8220; custom_margin_phone=&#8220;100px||||false|false&#8220; custom_margin_last_edited=&#8220;on|phone&#8220; custom_padding=&#8220;1px||0px|||&#8220; locked=&#8220;off&#8220; collapsed=&#8220;off&#8220; global_colors_info=&#8220;{}&#8220;][et_pb_row column_structure=&#8220;1_2,1_2&#8243; _builder_version=&#8220;4.27.2&#8243; _module_preset=&#8220;default&#8220; global_colors_info=&#8220;{}&#8220;][et_pb_column type=&#8220;1_2&#8243; _builder_version=&#8220;4.27.2&#8243; _module_preset=&#8220;default&#8220; global_colors_info=&#8220;{}&#8220;][et_pb_image src=&#8220;https:\/\/www.bonamel.com\/wp-content\/uploads\/LogoCaecv_Home_BonaMel.png&#8220; title_text=&#8220;Logo Cae cv Bona Mel&#8220; align=&#8220;center&#8220; _builder_version=&#8220;4.27.2&#8243; _module_preset=&#8220;default&#8220; global_colors_info=&#8220;{}&#8220;][\/et_pb_image][et_pb_text _builder_version=&#8220;4.27.4&#8243; _module_preset=&#8220;default&#8220; text_text_color=&#8220;#84746c&#8220; text_font_size=&#8220;18px&#8220; global_colors_info=&#8220;{}&#8220;]<\/p>\n<p><span>Zertifikat des Ausschusses f\u00fcr \u00f6kologischen Landbau der Valencianischen Gemeinschaft, Kastilien und Le\u00f3n, Kastilien-La Mancha und Andalusien<\/span><\/p>\n<p>[\/et_pb_text][\/et_pb_column][et_pb_column type=&#8220;1_2&#8243; _builder_version=&#8220;4.27.2&#8243; _module_preset=&#8220;default&#8220; global_colors_info=&#8220;{}&#8220;][et_pb_text _builder_version=&#8220;4.27.4&#8243; _module_preset=&#8220;default&#8220; text_font=&#8220;&#8211;et_global_body_font||||||||&#8220; text_text_color=&#8220;#84746c&#8220; text_font_size=&#8220;18px&#8220; text_line_height=&#8220;1.6em&#8220; header_2_font=&#8220;Trajan Pro Regular||||||||&#8220; header_2_text_align=&#8220;left&#8220; header_2_text_color=&#8220;gcid-body-color&#8220; header_2_font_size=&#8220;32px&#8220; header_2_line_height=&#8220;1.4em&#8220; custom_margin=&#8220;||50px|||&#8220; custom_margin_tablet=&#8220;&#8220; custom_margin_phone=&#8220;||||false|false&#8220; custom_margin_last_edited=&#8220;on|phone&#8220; header_2_font_size_last_edited=&#8220;off|phone&#8220; locked=&#8220;off&#8220; global_colors_info=&#8220;{%22gcid-body-color%22:%91%22header_2_text_color%22%93}&#8220;]<\/p>\n<h2>QUALIT\u00c4TSZERTIFIZIERUNGEN<\/h2>\n<p>Bei Bona Mel garantieren wir die Qualit\u00e4t und Echtheit unseres Bio-Honigs durch strenge offizielle Zertifizierungen.<\/p>\n<p>Wir erf\u00fcllen alle Anforderungen, um ein hochwertiges Produkt anzubieten, das die Umwelt und die Bienengesundheit respektiert.<br \/>Wir verf\u00fcgen \u00fcber folgende Zertifizierungen:<\/p>\n<p><strong>Ausschuss f\u00fcr \u00f6kologischen Landbau der Autonomen Gemeinschaft Valencia (CAECV).<\/strong><\/p>\n<p><strong>System zur Gefahrenanalyse und kritischen Kontrollpunkte (APPCC).<\/strong><\/p>\n<p>Wenn Sie Bio-Honig von Bona Mel kaufen, entscheiden Sie sich f\u00fcr ein zuverl\u00e4ssiges Produkt, das nach h\u00f6chsten Qualit\u00e4tsstandards hergestellt wird.<\/p>\n<p>[\/et_pb_text][\/et_pb_column][\/et_pb_row][\/et_pb_section]<\/p>\n","protected":false},"excerpt":{"rendered":"<p>UNTERNEHMEN F\u00dcR \u00d6KOLOGISCHEN HONIGDie dritte Generation dieser familie widmet sich der Bienenzucht Bona Mel ist ein Unternehmen f\u00fcr \u00f6kologischen Honig, das sich auf die Produktion von Bio-Honig und Nebenprodukten spezialisiert hat. Die dritte Generation einer Imkerfamilie f\u00fchrt dieses ehrgeizige Projekt fort.UNSERE BIENENST\u00d6CKE Unser gesamter Honig stammt aus unseren eigenen Bienenst\u00f6cken in ganz Spanien und teilweise [&hellip;]<\/p>\n","protected":false},"author":55,"featured_media":0,"parent":0,"menu_order":0,"comment_status":"closed","ping_status":"closed","template":"","meta":{"_et_pb_use_builder":"on","_et_pb_old_content":"","_et_gb_content_width":"","footnotes":""},"class_list":["post-30126","page","type-page","status-publish","hentry"],"_links":{"self":[{"href":"https:\/\/www.bonamel.com\/de\/wp-json\/wp\/v2\/pages\/30126","targetHints":{"allow":["GET"]}}],"collection":[{"href":"https:\/\/www.bonamel.com\/de\/wp-json\/wp\/v2\/pages"}],"about":[{"href":"https:\/\/www.bonamel.com\/de\/wp-json\/wp\/v2\/types\/page"}],"author":[{"embeddable":true,"href":"https:\/\/www.bonamel.com\/de\/wp-json\/wp\/v2\/users\/55"}],"replies":[{"embeddable":true,"href":"https:\/\/www.bonamel.com\/de\/wp-json\/wp\/v2\/comments?post=30126"}],"version-history":[{"count":5,"href":"https:\/\/www.bonamel.com\/de\/wp-json\/wp\/v2\/pages\/30126\/revisions"}],"predecessor-version":[{"id":30131,"href":"https:\/\/www.bonamel.com\/de\/wp-json\/wp\/v2\/pages\/30126\/revisions\/30131"}],"wp:attachment":[{"href":"https:\/\/www.bonamel.com\/de\/wp-json\/wp\/v2\/media?parent=30126"}],"curies":[{"name":"wp","href":"https:\/\/api.w.org\/{rel}","templated":true}]}}