{"id":30080,"date":"2014-09-08T17:06:04","date_gmt":"2014-09-08T15:06:04","guid":{"rendered":"https:\/\/www.bonamel.com\/nutzungsbedingungen\/"},"modified":"2025-09-03T17:34:52","modified_gmt":"2025-09-03T15:34:52","slug":"nutzungsbedingungen","status":"publish","type":"page","link":"https:\/\/www.bonamel.com\/de\/nutzungsbedingungen\/","title":{"rendered":"Nutzungsbedingungen"},"content":{"rendered":"<p>[et_pb_section fb_built=&#8220;1&#8243; _builder_version=&#8220;4.16&#8243; global_colors_info=&#8220;{}&#8220;][et_pb_row _builder_version=&#8220;4.16&#8243; background_size=&#8220;initial&#8220; background_position=&#8220;top_left&#8220; background_repeat=&#8220;repeat&#8220; global_colors_info=&#8220;{}&#8220;][et_pb_column type=&#8220;4_4&#8243; _builder_version=&#8220;4.16&#8243; custom_padding=&#8220;|||&#8220; global_colors_info=&#8220;{}&#8220; custom_padding__hover=&#8220;|||&#8220;][et_pb_text _builder_version=&#8220;4.27.2&#8243; background_size=&#8220;initial&#8220; background_position=&#8220;top_left&#8220; background_repeat=&#8220;repeat&#8220; hover_enabled=&#8220;0&#8243; global_colors_info=&#8220;{}&#8220; sticky_enabled=&#8220;0&#8243;]In \u00dcbereinstimmung mit dem Gesetz 34\/2002 vom 11. Juli \u00fcber Dienste der Informationsgesellschaft und elektronischen Handel (LSSI-CE) hat BONA MEL ORGANIC S.L. teilt mit, dass es der Eigent\u00fcmer der Website www.bonamel.com ist. Gem\u00e4\u00df den Anforderungen von Artikel 10 des oben genannten Gesetzes ist BONA MEL ORGANIC S.L. meldet folgende Daten:<br \/>\nDer Eigent\u00fcmer dieser Website ist BONA MEL ORGANIC S.L., mit CIF\/VAT: ESB-54112081 und eingetragenem Sitz in C\/Partida la Caseta S\/N \u2013 03829 ALQUERIA DE AZNAR ALICANTE, SPANIEN, eingetragen im Handelsregister von Alicante. Band 3054, Folio 188, Seite A99208. Die E-Mail-Adresse zur Kontaktaufnahme mit dem Unternehmen lautet: info@bonamel.com. Band 3054, Folio 188, Seite A99208 Die E-Mail-Adresse zur Kontaktaufnahme mit dem Unternehmen lautet: <a href=\"mailto:info@bonamel.com\">info@bonamel.com.<\/a><\/p>\n<p><strong>BENUTZER UND VERANTWORTUNGSREGELUNG<\/strong><br \/>\nNavigation, Zugriff und Nutzung der Website von BONA MEL ORGANIC S.L verleiht den Status eines Benutzers, mit dem Sie beim Surfen auf der Website von BONA MEL ORGANIC S.L. alle hier festgelegten Nutzungsbedingungen akzeptieren, unbeschadet der Anwendung der entsprechenden Vorschriften zur Einhaltung gesetzlicher Vorschriften.<br \/>\nDie Website von BONA MEL ORGANIC S.L bietet eine gro\u00dfe Vielfalt an Informationen, Diensten und Daten. Der Nutzer \u00fcbernimmt die Verantwortung f\u00fcr die korrekte Nutzung der Website. Diese Verantwortung erstreckt sich auf:<\/p>\n<ul>\n<li>Die Richtigkeit und Rechtm\u00e4\u00dfigkeit der vom Benutzer in den von BONA MEL ORGANIC S.L. herausgegebenen Formularen bereitgestellten Informationen. f\u00fcr den Zugriff auf bestimmte auf der Website angebotene Inhalte oder Dienste<\/li>\n<li>Die Nutzung der von BONA MEL ORGANIC S.L. angebotenen Informationen, Dienste und Daten gegen die Bestimmungen dieser Bedingungen, das Gesetz, die guten Sitten, die guten Sitten oder die \u00f6ffentliche Ordnung versto\u00dfen oder auf andere Weise die Rechte Dritter oder den Betrieb der Website selbst verletzen k\u00f6nnen.<\/li>\n<\/ul>\n<p><strong>LINK-RICHTLINIEN UND HAFTUNGSAUSSCHLUSS<\/strong><br \/>\nBONA MEL ORGANIC S.L. ist nicht verantwortlich f\u00fcr den Inhalt der Websites, auf die der Benutzer \u00fcber die auf seiner Website eingerichteten Links zugreifen kann, und erkl\u00e4rt, dass er in keinem Fall den Inhalt anderer Websites des Grids pr\u00fcfen oder irgendeine Art von Kontrolle dar\u00fcber aus\u00fcben wird. Ebenso \u00fcbernimmt sie keine Gew\u00e4hr f\u00fcr die technische Verf\u00fcgbarkeit, Genauigkeit, Wahrhaftigkeit, G\u00fcltigkeit oder Rechtm\u00e4\u00dfigkeit anderer Websites als ihrem Eigentum, auf die \u00fcber die Links zugegriffen werden kann.<\/p>\n<p>BONA MEL ORGANIC S.L. erkl\u00e4rt, dass es alle notwendigen Ma\u00dfnahmen ergriffen hat, um jeglichen Schaden f\u00fcr die Benutzer seiner Website zu vermeiden, der durch das Surfen auf seiner Website entstehen k\u00f6nnte. Folglich ist BONA MEL ORGANIC S.L. ist in keinem Fall f\u00fcr Sch\u00e4den verantwortlich, die dem Benutzer durch das Surfen im Internet entstehen k\u00f6nnten.<\/p>\n<p><strong>\u00c4NDERUNGEN<\/strong><br \/>\nBONA MEL ORGANIC S.L. beh\u00e4lt sich das Recht vor, ohne vorherige Ank\u00fcndigung \u00c4nderungen am Inhalt seiner Website vorzunehmen, die es f\u00fcr angemessen h\u00e4lt. Sowohl in Bezug auf die Inhalte der Website als auch in Bezug auf deren Nutzungsbedingungen Diese \u00c4nderungen k\u00f6nnen unter vorgenommen werden \u00fcber seine Website in jeder gesetzlich zul\u00e4ssigen Weise \u00fcbertragen und sind w\u00e4hrend der Zeit, in der sie auf der Website ver\u00f6ffentlicht werden, und bis zu ihrer wirksamen \u00c4nderung durch nachfolgende Ver\u00f6ffentlichungen verbindlich.<\/p>\n<p><strong>GEISTIGES UND INDUSTRIELLES EIGENTUM<\/strong><br \/>\nBONA MEL ORGANIC S.L. ist allein oder als Abtretungsempf\u00e4nger Eigent\u00fcmer aller geistigen und gewerblichen Eigentumsrechte an seiner Website sowie der darin enthaltenen Elemente (z. B. Bilder, Ton, Audio, Video, Software oder Texte; Marken). oder Logos, Farbkombinationen, Struktur und Design, Auswahl der verwendeten Materialien, f\u00fcr den Betrieb erforderliche Computerprogramme, Zugang und Nutzung usw.), Eigentum von BONA MEL ORGANIC S.L. Es handelt sich daher um Werke, die durch das spanische Rechtssystem als geistiges Eigentum gesch\u00fctzt sind, wobei sowohl die spanischen und gemeinschaftlichen Vorschriften in diesem Bereich als auch die von Spanien unterzeichneten internationalen Vertr\u00e4ge zu diesem Thema auf sie anwendbar sind.<\/p>\n<p>Gem\u00e4\u00df den Bestimmungen der Artikel 8 und 32.1 zweiter Absatz des Gesetzes \u00fcber geistiges Eigentum ist die Vervielf\u00e4ltigung, Verbreitung und \u00f6ffentliche Kommunikation, einschlie\u00dflich der Art ihrer Zug\u00e4nglichmachung, aller oder eines Teils der Inhalte dieser Website f\u00fcr kommerzielle Zwecke gestattet , auf jedem Medium und mit allen technischen Mitteln, ohne die Genehmigung von BONA MEL ORGANIC S.L. Der Benutzer verpflichtet sich, die geistigen und gewerblichen Eigentumsrechte von BONA MEL ORGANIC S.L. zu respektieren. Sie d\u00fcrfen die Elemente des Portals ansehen und sie sogar ausdrucken, kopieren und auf der Festplatte Ihres Computers oder auf einem anderen physischen Medium speichern, solange Es ist ausschlie\u00dflich f\u00fcr Ihren pers\u00f6nlichen und privaten Gebrauch bestimmt. Der Nutzer darf keine auf den Seiten von BONA MEL ORGANIC S.L. installierten Schutzvorrichtungen oder Sicherheitssysteme l\u00f6schen, ver\u00e4ndern, umgehen oder manipulieren.<\/p>\n<p><strong>RECHTSMASSNAHMEN, ANWENDBARES RECHT UND GERICHTSSTAND<\/strong><\/p>\n<p>BONA MEL ORGANIC S.L. Sie beh\u00e4lt sich au\u00dferdem das Recht vor, zivil- oder strafrechtliche Schritte einzuleiten, wenn sie dies f\u00fcr angemessen h\u00e4lt, wenn sie ihre Website und ihre Inhalte missbr\u00e4uchlich nutzt oder diese Bedingungen nicht einh\u00e4lt.<\/p>\n<p>Die Beziehung zwischen dem Benutzer und dem Anbieter unterliegt den auf spanischem Gebiet geltenden und anwendbaren Vorschriften. Im Falle einer Meinungsverschiedenheit k\u00f6nnen die Parteien ihre Konflikte einem Schiedsverfahren unterwerfen oder sich an die ordentliche Gerichtsbarkeit wenden, wobei die Regeln \u00fcber die Zust\u00e4ndigkeit und die Gerichtsbarkeit einzuhalten sind Wettbewerb in dieser Hinsicht. BONA MEL ORGANIC S.L. hat seinen Sitz in ALICANTE, Spanien.[\/et_pb_text][\/et_pb_column][\/et_pb_row][\/et_pb_section]<\/p>\n","protected":false},"excerpt":{"rendered":"<p>In \u00dcbereinstimmung mit dem Gesetz 34\/2002 vom 11. Juli \u00fcber Dienste der Informationsgesellschaft und elektronischen Handel (LSSI-CE) hat BONA MEL ORGANIC S.L. teilt mit, dass es der Eigent\u00fcmer der Website www.bonamel.com ist. Gem\u00e4\u00df den Anforderungen von Artikel 10 des oben genannten Gesetzes ist BONA MEL ORGANIC S.L. meldet folgende Daten: Der Eigent\u00fcmer dieser Website ist [&hellip;]<\/p>\n","protected":false},"author":55,"featured_media":0,"parent":0,"menu_order":0,"comment_status":"open","ping_status":"open","template":"","meta":{"_et_pb_use_builder":"on","_et_pb_old_content":"","_et_gb_content_width":"","footnotes":""},"class_list":["post-30080","page","type-page","status-publish","hentry"],"_links":{"self":[{"href":"https:\/\/www.bonamel.com\/de\/wp-json\/wp\/v2\/pages\/30080","targetHints":{"allow":["GET"]}}],"collection":[{"href":"https:\/\/www.bonamel.com\/de\/wp-json\/wp\/v2\/pages"}],"about":[{"href":"https:\/\/www.bonamel.com\/de\/wp-json\/wp\/v2\/types\/page"}],"author":[{"embeddable":true,"href":"https:\/\/www.bonamel.com\/de\/wp-json\/wp\/v2\/users\/55"}],"replies":[{"embeddable":true,"href":"https:\/\/www.bonamel.com\/de\/wp-json\/wp\/v2\/comments?post=30080"}],"version-history":[{"count":2,"href":"https:\/\/www.bonamel.com\/de\/wp-json\/wp\/v2\/pages\/30080\/revisions"}],"predecessor-version":[{"id":30082,"href":"https:\/\/www.bonamel.com\/de\/wp-json\/wp\/v2\/pages\/30080\/revisions\/30082"}],"wp:attachment":[{"href":"https:\/\/www.bonamel.com\/de\/wp-json\/wp\/v2\/media?parent=30080"}],"curies":[{"name":"wp","href":"https:\/\/api.w.org\/{rel}","templated":true}]}}