{"id":30074,"date":"2020-07-22T09:09:36","date_gmt":"2020-07-22T07:09:36","guid":{"rendered":"https:\/\/www.bonamel.com\/einkaufsbedingungen\/"},"modified":"2025-09-03T17:29:45","modified_gmt":"2025-09-03T15:29:45","slug":"einkaufsbedingungen","status":"publish","type":"page","link":"https:\/\/www.bonamel.com\/de\/einkaufsbedingungen\/","title":{"rendered":"Einkaufsbedingungen"},"content":{"rendered":"<p>[et_pb_section fb_built=&#8220;1&#8243; _builder_version=&#8220;4.16&#8243; global_colors_info=&#8220;{}&#8220;][et_pb_row _builder_version=&#8220;4.16&#8243; background_size=&#8220;initial&#8220; background_position=&#8220;top_left&#8220; background_repeat=&#8220;repeat&#8220; global_colors_info=&#8220;{}&#8220;][et_pb_column type=&#8220;4_4&#8243; _builder_version=&#8220;4.16&#8243; custom_padding=&#8220;|||&#8220; global_colors_info=&#8220;{}&#8220; custom_padding__hover=&#8220;|||&#8220;][et_pb_text _builder_version=&#8220;4.27.4&#8243; background_size=&#8220;initial&#8220; background_position=&#8220;top_left&#8220; background_repeat=&#8220;repeat&#8220; hover_enabled=&#8220;0&#8243; global_colors_info=&#8220;{}&#8220; sticky_enabled=&#8220;0&#8243;]Alle Eink\u00e4ufe, die im Online-Shop <a href=\"http:\/\/bonamel.com\/\">bonamel.com\/ <\/a>(im Folgenden Bonamel.com mit der Adresse C\/ Partida la Caseta S\/N 03829 Alqueria de Aznar) get\u00e4tigt werden , Alicante, Spanien CIF\/NIF N\u00baB-54112081, unterliegen den unten aufgef\u00fchrten Allgemeinen Nutzungsbedingungen:<\/p>\n<p>&nbsp;<\/p>\n<h2>1. Anwendungsgebiet<\/h2>\n<p>In welchen L\u00e4ndern kann man bei bonamel.com online einkaufen?<\/p>\n<p>Derzeit k\u00f6nnen Sie Ihren Einkauf in Spanien t\u00e4tigen.<\/p>\n<p>F\u00fcr den Verkauf und Versand von Produkten auf die Kanarischen Inseln, die Balearen, Ceuta und Melilla k\u00f6nnen Sie das Bestellverfahren, die Lieferzeit und die H\u00f6he der Versandkosten per E-Mail an info@bonamel.com einsehen und dabei die gew\u00fcnschten Produkte angeben die Lieferadresse.<\/p>\n<h2>2. Preise<\/h2>\n<p>Alle Preise unserer Produkte sind in Euro (\u20ac) angegeben und entsprechen dem St\u00fcckpreis inklusive Mehrwertsteuer und Lieferung an die Adresse Ihrer Wahl, jedoch ohne Versandkosten, die f\u00fcr jede Bestellung spezifisch sind und von Bonamel mitgeteilt werden. com abh\u00e4ngig vom Auftragsvolumen und dem Liefergebiet. Der Versandkostenbetrag wird zum Rechnungsbetrag addiert. <\/p>\n<p>\u2022<span style=\"white-space: pre;\">    <\/span>Mehrwertsteuer: In Bezug auf die Mehrwertsteuer gilt f\u00fcr das spanische Staatsgebiet grunds\u00e4tzlich der Steuersatz von 10 %.<\/p>\n<p>\u2022<span style=\"white-space: pre;\">    <\/span>G\u00fcltigkeit: Die auf bonamel.com angezeigten Preise gelten zum Zeitpunkt der Beratung durch den Kunden oder w\u00e4hrend des auf bonamel.com angegebenen Zeitraums und k\u00f6nnen jederzeit \u00fcberpr\u00fcft und ge\u00e4ndert werden, wenn die Bedingungen dies erfordern. Es gelten die zum Zeitpunkt der Bestellung g\u00fcltigen Preise. <\/p>\n<p>\u2022<span style=\"white-space: pre;\">    <\/span>Angebotene Produkte: Alle Produkte, die Bonamel.com zu einem Sonderpreis bewirbt, werden auf der Website mit den folgenden Informationen angezeigt: Angebotspreis, regul\u00e4rer Preis und Enddatum des Angebots oder der Aktion. Diese Angebote sind bis zum angegebenen Datum verf\u00fcgbar. In diesem Fall verschwindet das Produkt automatisch von der Website. <\/p>\n<h2>3. Zahlungsmethoden<\/h2>\n<p>Bonamel.com bietet zwei Zahlungsmethoden an:<\/p>\n<p>1) Bank\u00fcberweisung<\/p>\n<p>2) Kreditkarte (Sichere Zahlung mit VISA oder MASTERCARD)<\/p>\n<p>&nbsp;<\/p>\n<p>&nbsp;<\/p>\n<p>1) Bank\u00fcberweisung<\/p>\n<p>\u2022<span style=\"white-space: pre;\">    <\/span>Wenn Sie Bank\u00fcberweisung als Zahlungsmittel ausw\u00e4hlen, erhalten Sie zusammen mit der Best\u00e4tigung Ihrer Bestellung eine E-Mail mit der Kontonummer, auf die die Bank\u00fcberweisung im Namen von Bonamel.com erfolgen soll.<\/p>\n<p>\u2022<span style=\"white-space: pre;\">    <\/span>Es ist sehr wichtig, dass Sie im Betreff die Bestellnummer sowie Ihren Vor- und Nachnamen angeben und die \u00dcberweisung innerhalb von 3 Tagen nach dem Datum der Bestellbest\u00e4tigung vornehmen, um sie zu best\u00e4tigen.<\/p>\n<p>\u2022<span style=\"white-space: pre;\">    <\/span>Wenn Sie m\u00f6chten, k\u00f6nnen Sie uns einen Nachweis der \u00dcbertragung per E-Mail an ventas@bonamel.com senden. In jedem Fall gilt die Bestellung jedoch erst dann als wirksam, wenn unserer Verwaltungsabteilung eine Bankbest\u00e4tigung der \u00dcberweisung vorliegt. <\/p>\n<p>\u2022<span style=\"white-space: pre;\">    <\/span>Vergessen Sie nicht, dass Sie die Zahlung in EURO vornehmen m\u00fcssen und dass alle m\u00f6glichen Wechsel- und Bankgeb\u00fchren zu Ihren Lasten gehen, wenn Sie sich f\u00fcr dieses Zahlungssystem entscheiden.<\/p>\n<p>2) VISA- oder MASTERCARD-Kreditkarte<\/p>\n<p>\u2022<span style=\"white-space: pre;\">    <\/span>Wir garantieren, dass jede auf Bonamel.com get\u00e4tigte Transaktion 100 % sicher ist. Alle Vorg\u00e4nge, die die \u00dcbermittlung pers\u00f6nlicher Daten oder Bankdaten beinhalten, werden in einer sicheren Umgebung durchgef\u00fchrt. Bonamel.com verwendet einen Server, der auf der standardm\u00e4\u00dfigen SSL-Sicherheitstechnologie (Secure Socked Layer) basiert. Alle Informationen, die Sie an uns \u00fcbermitteln, werden verschl\u00fcsselt \u00fcber das Netzwerk \u00fcbertragen. (Wenn Sie mehr wissen m\u00f6chten, besuchen Sie unseren Abschnitt \u201eSichere Zahlung\u201c).    <\/p>\n<p>\u2022<span style=\"white-space: pre;\">    <\/span>Ebenso werden die Daten Ihrer Kreditkarte in keiner Datenbank gespeichert, sondern direkt an den POS (Point of Sale Terminal) der Bank weitergeleitet.<\/p>\n<p>\u2022<span style=\"white-space: pre;\">    <\/span>Dar\u00fcber hinaus informieren wir Sie dar\u00fcber, dass wir, um Kreditkarteninhabern mehr Sicherheit zu bieten, das sichere Zahlungssystem CES (Secure Electronic Commerce) in unser Zahlungsgateway integriert haben. Auf diese Weise k\u00f6nnen Sie als Inhaber einer \u201egesicherten\u201c Karte in unserem Gesch\u00e4ft jederzeit mit einer VISA- oder MASTERCARD-Karte bezahlen. <\/p>\n<p>\u2022<span style=\"white-space: pre;\">    <\/span>F\u00fcr den Fall, dass Ihre Karte nicht Mitglied dieses Zahlungssystems ist, akzeptiert Bonamel.com Zahlungen mit VISA- oder MASTERCARD-Kreditkarten nur an Kunden, die zuvor ihre Erfahrung und Zuverl\u00e4ssigkeit nachgewiesen haben.<\/p>\n<p>\u2022<span style=\"white-space: pre;\">    <\/span>In beiden F\u00e4llen werden beim Bezahlen mit einer VISA- oder MASTERCARD-Karte immer die folgenden Informationen abgefragt: die Kartennummer, das Ablaufdatum und ein Validierungscode, der mit den letzten drei Ziffern der kursiv gedruckten Nummer auf der R\u00fcckseite Ihrer Kreditkarte \u00fcbereinstimmt VISA- oder MASTERCARD-Karte und bietet somit mehr Garantien f\u00fcr die Sicherheit der Transaktion.<\/p>\n<p>\u2022<span style=\"white-space: pre;\">    <\/span>Wichtig: Kreditkartenbetrug ist ein Verbrechen und Bonamel.com wird rechtliche Schritte gegen jeden einleiten, der eine betr\u00fcgerische Transaktion in unserem Online-Shop durchf\u00fchrt.<\/p>\n<p>&nbsp;<\/p>\n<p>Wir sch\u00fctzen Ihre Daten mit SSL, dem Akronym, das den englischen Begriffen (Secure Socket Layer) entspricht. Dabei handelt es sich um ein Sicherheitsprotokoll, das daf\u00fcr sorgt, dass Ihre Daten vollst\u00e4ndig und sicher \u00fcbertragen werden, d. h. die Daten\u00fcbertragung zwischen einem Server und einem Webbenutzer , und im Feedback, ist vollst\u00e4ndig verschl\u00fcsselt oder verschl\u00fcsselt.<\/p>\n<p>&nbsp;<\/p>\n<h2>4. Lieferzeiten und Versandarten<\/h2>\n<p>&nbsp;<\/p>\n<p>Eine unserer Hauptanstrengungen besteht darin, Bestellungen in k\u00fcrzester Zeit zu liefern.<\/p>\n<p>Bonamel.com garantiert die Lieferung an den Spediteur am Tag nach der Bestellung f\u00fcr alle Bestellungen, die vor 15:00 Uhr (spanische Halbinselzeit) best\u00e4tigt wurden, sofern sie auf Lager sind und es sei denn, sie werden an Sonn- und Feiertagen get\u00e4tigt. In diesem Fall wird die Bestellung am ersten Werktag nach dem Tag ihrer Aufgabe bearbeitet.<\/p>\n<p>Dar\u00fcber hinaus ist zu ber\u00fccksichtigen, dass die Fristen in Werktagen berechnet werden und sich durch \u00f6rtliche oder nationale Feiertage \u00e4ndern k\u00f6nnen. Und denken Sie daran: Wenn die gew\u00e4hlte Zahlungsmethode Bank\u00fcberweisung ist, wird die Bestellung erst versendet, wenn wir eine Bankbest\u00e4tigung der \u00dcberweisung haben. <\/p>\n<p>Wenn Sie eine Bestellung f\u00fcr ein Produkt ohne sofortige Verf\u00fcgbarkeit aufgeben, gilt dies als Vorbestellung und wird von Bonamel.com so schnell wie m\u00f6glich per E-Mail best\u00e4tigt, wobei die Verf\u00fcgbarkeit des Produkts und die voraussichtliche Lieferzeit angegeben werden auch angegeben werden. Sobald Sie die Bestellung erhalten haben, k\u00f6nnen Sie die Bestellung aktivieren und zum geplanten Termin liefern lassen oder sie stornieren. <\/p>\n<p>Bonamel.com beh\u00e4lt sich das Recht vor, die Art des Versands und das Unternehmen, durch das er durchgef\u00fchrt wird, zu \u00e4ndern, unabh\u00e4ngig von den Angaben auf diesen Seiten und solange dies nicht zu offensichtlichen Sch\u00e4den f\u00fcr den Kunden f\u00fchrt.<\/p>\n<p>Hinweis: In keinem Fall erfolgt der Versand an Postf\u00e4cher.<\/p>\n<p>&nbsp;<\/p>\n<p>Bonamel.com bietet drei Versandmethoden an:<\/p>\n<p>&nbsp;<\/p>\n<p>Bonamel.com garantiert die Lieferung per Service innerhalb von 72 Stunden nach Auftragserteilung, sofern die Bestellung vor 15:00 Uhr (spanische Halbinselzeit) best\u00e4tigt wurde, sofern keine Verf\u00fcgbarkeit vorliegt und die Bestellung nicht an Sonn- und Feiertagen erfolgt Die Bearbeitung der Leistung erfolgt am ersten Werktag nach dem Tag der Leistungserbringung.<\/p>\n<p>Dar\u00fcber hinaus ist zu ber\u00fccksichtigen, dass die Fristen in Werktagen berechnet werden und sich durch \u00f6rtliche oder nationale Feiertage \u00e4ndern k\u00f6nnen. Und denken Sie daran: Wenn die gew\u00e4hlte Zahlungsmethode Bank\u00fcberweisung ist, wird die Bestellung erst versendet, wenn wir eine Bankbest\u00e4tigung der \u00dcberweisung haben. <\/p>\n<p>&nbsp;<\/p>\n<p>Im Falle einer Bestellung einer Dienstleistung ohne sofortige Verf\u00fcgbarkeit gilt dies als Vorbestellung und wird von Bonamel.com so schnell wie m\u00f6glich per E-Mail best\u00e4tigt, wobei die Verf\u00fcgbarkeit des Produkts und die voraussichtliche Lieferzeit angegeben werden auch angegeben werden. Sobald Sie die Bestellung erhalten haben, k\u00f6nnen Sie die Bestellung aktivieren und zum geplanten Termin liefern lassen oder sie stornieren. <\/p>\n<p>Bonamel.com beh\u00e4lt sich das Recht vor, die Versandart unabh\u00e4ngig von den Angaben auf diesen Seiten zu \u00e4ndern, sofern dadurch kein offensichtlicher Schaden f\u00fcr den Kunden entsteht.<\/p>\n<p>&nbsp;<\/p>\n<p>&nbsp;<\/p>\n<p>1) Lieferung nach Hause<\/p>\n<p>Versand auf die spanische Halbinsel per Kurier innerhalb von 48 bis 72 Stunden an die von Ihnen angegebene Adresse.<\/p>\n<p>2) Abholung im Laden<\/p>\n<p>Wenn Sie m\u00f6chten, k\u00f6nnen Sie Ihre Bestellung ohne zus\u00e4tzliche Kosten in unserem Gesch\u00e4ft in der C\/ Partida la Caseta S\/N in Alqueria d\u2019Aznar in der Provinz Alicante abholen und so Versandkosten sparen. Sie m\u00fcssen diese Option nur aktivieren, wenn Sie die Lieferadresse Ihrer Bestellung angeben. <\/p>\n<p>Sobald die Bestellung unser Lager verlassen hat, werden wir Sie dar\u00fcber ordnungsgem\u00e4\u00df an die von Ihnen angegebene E-Mail-Adresse informieren. Bitte benachrichtigen Sie Bonamel.com per E-Mail an ventas@bonamel.com, wenn Sie Ihre Bestellung nicht innerhalb von 48 Stunden nach Erhalt dieser Benachrichtigung erhalten haben. <\/p>\n<p>Sendungen, die vom Kurierunternehmen aufgrund von Fahrl\u00e4ssigkeit des Kunden oder einer unvollst\u00e4ndigen oder falschen Lieferadresse an Bonamel.com zur\u00fcckgesandt werden, werden erst dann erneut versandt, wenn der Kunde die Versandkosten f\u00fcr eine neue Sendung bezahlt hat (damit er nicht erneut von den kostenlosen Versandkosten profitieren kann). wenn Ihre Bestellung die erforderlichen Mindestmengen \u00fcberschreitet).<\/p>\n<h2>5. Versandkosten<\/h2>\n<p>Bei Bonamel.com variieren die Versandkosten je nach Versandziel.<\/p>\n<p>&nbsp;<\/p>\n<p>&nbsp;<\/p>\n<p>2.2) Abholung bei Bonamel.com: KEINE VERSANDKOSTEN nach Spanien, f\u00fcr die Balearen fallen Transportkosten von 20 \u20ac zzgl. MwSt. an, f\u00fcr die Kanarischen Inseln, Ceuta und Melilla fallen Transportkosten von 40 \u20ac an<\/p>\n<p>F\u00fcr Bestellungen, die direkt bei Bonamel.com in der Stra\u00dfe Partida la Caseta S\/N abgeholt werden, fallen keine Versandkosten an. Um Versandkosten zu sparen, m\u00fcssen Sie bei der Angabe der Versandart Ihrer Bestellung lediglich die Option \u201eAbholung im Gesch\u00e4ft\u201c ausw\u00e4hlen. <\/p>\n<p>&nbsp;<\/p>\n<p>(*) Versandkosten nach Spanien, auf die spanische Halbinsel und nach Portugal f\u00fcr Bestellungen bis zu einem Maximalgewicht von 10 kg und einem Paket mit Abmessungen (H\u00f6he+Breite+L\u00e4nge) von nicht mehr als 150 cm (Paket von max. 50 x 50 x 50 cm). Sollte Ihre Bestellung schwerer oder volumin\u00f6ser sein, informieren wir Sie \u00fcber die entstehenden Versandkosten. Sie k\u00f6nnen dies direkt im Warenkorb \u00fcberpr\u00fcfen, bevor Sie die Bestellung best\u00e4tigen.  <\/p>\n<h2>6. Garantie<\/h2>\n<p>Im Falle eines fehlerhaften Produkts muss Bonamel.com gegebenenfalls eine Reparatur, einen Ersatz, eine Preisminderung oder eine Vertragsk\u00fcndigung durchf\u00fchren, wobei diese Verfahren f\u00fcr den Verbraucher und Benutzer kostenlos sind. Bonamel.com haftet f\u00fcr etwaige Konformit\u00e4tsm\u00e4ngel, die innerhalb einer Woche nach der Lieferung auftreten. Der Verbraucher und Nutzer muss Bonamel.com innerhalb einer Woche nach Kenntniserlangung \u00fcber die Vertragswidrigkeit informieren.  <\/p>\n<p>Dar\u00fcber hinaus profitieren Kunden von Bonamel.com von der Garantie, die die verschiedenen Hersteller der einzelnen Artikel gew\u00e4hren.<\/p>\n<p>Sollte es zu einem Vorfall mit einem bei Bonamel.com gekauften Artikel kommen, m\u00fcssen Sie ihn per E-Mail an ventas@bonamel.com benachrichtigen. Sie m\u00fcssen uns die Rechnungsnummer (unbedingt erforderlich \u2013 die Rechnung wird zusammen mit der Lieferung des Kaufs zugestellt) und die Einzelheiten des Vorfalls mitteilen. <\/p>\n<p>Auch Beeintr\u00e4chtigungen der Funktionalit\u00e4t der Artikel, die auf Einschr\u00e4nkungen in deren Gestaltung zur\u00fcckzuf\u00fchren sind, sind von der Garantie ausgeschlossen.<\/p>\n<p>&nbsp;<\/p>\n<h2>7. R\u00fcckgaben<\/h2>\n<p>&nbsp;<\/p>\n<p>Unsere Kundendienstabteilung verf\u00fcgt \u00fcber einen Kundendienst zur L\u00f6sung aller Probleme mit unseren Produkten oder Sendungen, mit dem wir versuchen, unseren Kunden schnelle und effektive Hilfe zu bieten. Sie k\u00f6nnen ihn kontaktieren, indem Sie an die folgende E-Mail-Adresse schreiben: ventas@bonamel.com. <\/p>\n<p>Sollten Sie aus irgendeinem Grund mit Ihrer Bestellung nicht zufrieden sein, haben Sie ab dem Datum der Lieferung der Bestellung eine Frist von 14 Kalendertagen, um von Ihrem Widerrufsrecht Gebrauch zu machen. (Gem\u00e4\u00df Art. 44 des Gesetzes 7\/1996 vom 15. Januar \u00fcber die Regulierung des Einzelhandels, ge\u00e4ndert durch das Gesetz 47\/2002 vom 19. Dezember). <\/p>\n<p>Wenn Sie eine R\u00fccksendung vornehmen m\u00f6chten, pr\u00fcfen Sie bitte zun\u00e4chst, ob Sie alle folgenden Voraussetzungen erf\u00fcllen, bevor Sie das Produkt an uns senden:<\/p>\n<p>Wir akzeptieren R\u00fccksendungen nur, wenn das Produkt in einwandfreiem Zustand zur\u00fcckgegeben wird und sein guter Zustand und seine Funktionsf\u00e4higkeit \u00fcberpr\u00fcft wurden. Wenn das Produkt nicht in der gleichen Originalverpackung zur\u00fcckgegeben wird, kann es zu einer Wertminderung des Produkts kommen. <\/p>\n<p>Senden Sie eine E-Mail anorders@bonamel.com, damit wir die R\u00fccksendung autorisieren, bearbeiten und angeben k\u00f6nnen, wie die R\u00fccksendung erfolgen soll. Ohne diese Genehmigung wird das Produkt nicht angenommen und an seinen Ursprungsort zur\u00fcckgesandt. <\/p>\n<p>Sobald wir die Ware in unserem Lager erhalten und \u00fcberpr\u00fcft haben, dass alle oben genannten Bedingungen erf\u00fcllt sind, akzeptiert Bonamel.com die R\u00fccksendung des Produkts und erstattet den Betrag auf das von Ihnen angegebene Konto oder die Karte, mit der Sie die Zahlung get\u00e4tigt haben. Bitte beachten Sie, dass zur \u00fcblichen Lieferzeit die Bearbeitungszeit f\u00fcr die R\u00fccksendung hinzugerechnet werden muss. <\/p>\n<p>Nur wenn die R\u00fccksendung auf einen Fehler bei der Vorbereitung der Bestellung durch unseren Online-Verkaufsservice zur\u00fcckzuf\u00fchren ist, werden alle Versandkosten von Bonamel.com \u00fcbernommen. In diesem Fall ist es unbedingt erforderlich, dass Sie sich an unseren Kundenservice wenden, um die Einzelheiten der R\u00fccksendung festzulegen. <\/p>\n<p>&nbsp;<\/p>\n<h2>8. \u00c4nderungen<\/h2>\n<p>Wenn Sie eine \u00c4nderung vornehmen m\u00f6chten, wenden Sie sich per E-Mail an ventas@bonamel.com an unseren Kundenservice. Unser Team wird Sie per E-Mail oder unter der von Ihnen angegebenen Kontakttelefonnummer kontaktieren. <\/p>\n<p>Nur wenn die \u00c4nderung auf einen Fehler bei der Vorbereitung der Bestellung durch unseren Online-Verkaufsservice zur\u00fcckzuf\u00fchren ist, werden alle Versandkosten von Bonamel.com \u00fcbernommen. In diesem Fall ist es unbedingt erforderlich, dass Sie sich an unseren Kundenservice wenden, um die Details der \u00c4nderung festzulegen. <\/p>\n<p>Sobald wir die Ware in unseren Lagern erhalten und \u00fcberpr\u00fcft haben, dass alle oben genannten Bedingungen erf\u00fcllt sind, akzeptiert Bonamel.com den Umtausch des Produkts und das angeforderte Produkt wird versendet. Ist der Betrag f\u00fcr die Umtauschdifferenz h\u00f6her, erfolgt der Versand gem\u00e4\u00df den in diesen Bedingungen akzeptierten Zahlungssystemen. F\u00fcr den Fall, dass die Preisdifferenz beider Artikel zugunsten des Kunden ausf\u00e4llt, wird der Betrag per Bank\u00fcberweisung auf das angegebene Konto oder auf die Karte, mit der die Zahlung get\u00e4tigt wurde, zur\u00fcckerstattet.  <\/p>\n<p>&nbsp;<\/p>\n<h2>9. Schutz personenbezogener Daten<\/h2>\n<p>&nbsp;<\/p>\n<p>In \u00dcbereinstimmung mit den Bestimmungen des Organgesetzes 15\/1999 vom 13. Dezember zum Schutz personenbezogener Daten informiert Bonamel.com seine Kunden dar\u00fcber, dass alle uns zur Verf\u00fcgung gestellten personenbezogenen Daten in eine automatisierte Datei mit personenbezogenen Daten aufgenommen werden und verwaltet unter der Verantwortung von Bonamel.com, deren Adresse Calle Partida la Caseta S\/N Alqueria d\u2019Aznar, Alicante ist<\/p>\n<p>Der Zweck dieser Datei besteht darin, die Verwaltung und Bearbeitung von Bestellungen zu erleichtern und, sofern Sie uns im entsprechenden Feld ausdr\u00fccklich gestattet haben, auch in Zukunft direkt oder \u00fcber Kooperationsunternehmen kommerzielle Mitteilungen \u00fcber eventuelle Produkte und Dienstleistungen zu versenden von Interesse f\u00fcr unsere Kunden.<\/p>\n<p>Bonamel.com garantiert die Sicherheit und Vertraulichkeit der bereitgestellten Daten. Auf diese Weise verpflichtet es sich, seiner Verpflichtung zur Geheimhaltung personenbezogener Daten und seiner Pflicht zur Speicherung dieser Daten nachzukommen und alle erforderlichen Ma\u00dfnahmen zu ergreifen, um deren \u00c4nderung, Verlust, Verarbeitung oder unbefugte Nutzung zu verhindern. <\/p>\n<p>Kunden von Bonamel.com k\u00f6nnen jederzeit ihr Recht auf Zugang, Berichtigung, L\u00f6schung und Widerspruch aus\u00fcben, indem sie dies schriftlich an unsere E-Mail-Adresse info@bonamel.com oder schriftlich an Bonamel.com mit der Adresse Calle Partida la Caseta S\/ mitteilen. N Alqueria d\u2019Aznar, Alicante, Spanien.<\/p>\n<p>&nbsp;<\/p>\n<p>&nbsp;<\/p>\n<h2>10. Haftungsbeschr\u00e4nkung<\/h2>\n<p>Bonamel.com wird alle angemessenen Anstrengungen unternehmen, um seinen Verpflichtungen nachzukommen. Bonamel.com kann jedoch nicht f\u00fcr Verz\u00f6gerungen oder Lieferausf\u00e4lle verantwortlich gemacht werden, die auf Umst\u00e4nde zur\u00fcckzuf\u00fchren sind, die au\u00dferhalb seiner angemessenen Kontrolle liegen. Zu diesen Umst\u00e4nden z\u00e4hlen Streiks, Kriege, Naturkatastrophen oder jede andere Situation, die die Produktion, den Transport oder die Lieferung der Produkte verhindern k\u00f6nnte.  <\/p>\n<p>&nbsp;<\/p>\n<h2>11. Minderj\u00e4hrige<\/h2>\n<p>Wir verkaufen keine Produkte an Minderj\u00e4hrige. Die von uns verkauften Produkte m\u00fcssen von Erwachsenen gekauft werden. Minderj\u00e4hrige unter 18 Jahren d\u00fcrfen die Bonamel.com-Dienste nur unter Aufsicht eines Elternteils oder Erziehungsberechtigten nutzen.  <\/p>\n<p>&nbsp;<\/p>\n<h2>12. Verf\u00fcgbarkeit<\/h2>\n<p>Die Tatsache, dass ein Produkt auf unserer Website aufgef\u00fchrt ist, bedeutet nicht, dass es im Gesch\u00e4ft verf\u00fcgbar ist. Daher kann Bonamel.com nicht die vollst\u00e4ndige Verf\u00fcgbarkeit der auf der Website beworbenen Produkte garantieren. Die Verf\u00fcgbarkeit jedes Produkts h\u00e4ngt von der Kundennachfrage ab.  [\/et_pb_text][\/et_pb_column][\/et_pb_row][\/et_pb_section]<\/p>\n","protected":false},"excerpt":{"rendered":"<p>Alle Eink\u00e4ufe, die im Online-Shop bonamel.com\/ (im Folgenden Bonamel.com mit der Adresse C\/ Partida la Caseta S\/N 03829 Alqueria de Aznar) get\u00e4tigt werden , Alicante, Spanien CIF\/NIF N\u00baB-54112081, unterliegen den unten aufgef\u00fchrten Allgemeinen Nutzungsbedingungen: &nbsp; 1. Anwendungsgebiet In welchen L\u00e4ndern kann man bei bonamel.com online einkaufen? Derzeit k\u00f6nnen Sie Ihren Einkauf in Spanien t\u00e4tigen. F\u00fcr [&hellip;]<\/p>\n","protected":false},"author":55,"featured_media":0,"parent":0,"menu_order":0,"comment_status":"closed","ping_status":"closed","template":"","meta":{"_et_pb_use_builder":"on","_et_pb_old_content":"","_et_gb_content_width":"","footnotes":""},"class_list":["post-30074","page","type-page","status-publish","hentry"],"_links":{"self":[{"href":"https:\/\/www.bonamel.com\/de\/wp-json\/wp\/v2\/pages\/30074","targetHints":{"allow":["GET"]}}],"collection":[{"href":"https:\/\/www.bonamel.com\/de\/wp-json\/wp\/v2\/pages"}],"about":[{"href":"https:\/\/www.bonamel.com\/de\/wp-json\/wp\/v2\/types\/page"}],"author":[{"embeddable":true,"href":"https:\/\/www.bonamel.com\/de\/wp-json\/wp\/v2\/users\/55"}],"replies":[{"embeddable":true,"href":"https:\/\/www.bonamel.com\/de\/wp-json\/wp\/v2\/comments?post=30074"}],"version-history":[{"count":2,"href":"https:\/\/www.bonamel.com\/de\/wp-json\/wp\/v2\/pages\/30074\/revisions"}],"predecessor-version":[{"id":30076,"href":"https:\/\/www.bonamel.com\/de\/wp-json\/wp\/v2\/pages\/30074\/revisions\/30076"}],"wp:attachment":[{"href":"https:\/\/www.bonamel.com\/de\/wp-json\/wp\/v2\/media?parent=30074"}],"curies":[{"name":"wp","href":"https:\/\/api.w.org\/{rel}","templated":true}]}}