{"id":30003,"date":"2024-10-23T10:22:20","date_gmt":"2024-10-23T08:22:20","guid":{"rendered":"https:\/\/www.bonamel.com\/oekologischer-honig-abgefuellt-vom-imker-bonamel-wo-man-oekologischen-honig-kaufen-kann\/"},"modified":"2025-09-03T16:23:09","modified_gmt":"2025-09-03T14:23:09","slug":"oekologischer-honig-abgefuellt-vom-imker-bonamel-wo-man-oekologischen-honig-kaufen-kann","status":"publish","type":"page","link":"https:\/\/www.bonamel.com\/de\/","title":{"rendered":"\u00d6kologischer Honig, abgef\u00fcllt vom Imker. Bonamel, wo man \u00f6kologischen Honig kaufen kann."},"content":{"rendered":"<p>[et_pb_section fb_built=&#8220;1&#8243; module_id=&#8220;bannerHome&#8220; _builder_version=&#8220;4.27.4&#8243; _module_preset=&#8220;default&#8220; background_enable_color=&#8220;off&#8220; background_image=&#8220;https:\/\/www.bonamel.com\/wp-content\/uploads\/2025\/09\/Img_BannerHome_BonaMel.jpg&#8220; background_size=&#8220;custom&#8220; background_image_width=&#8220;100%&#8220; background_image_height=&#8220;100%&#8220; min_height=&#8220;700px&#8220; custom_margin=&#8220;||||false|false&#8220; custom_padding=&#8220;||||false|false&#8220; hover_enabled=&#8220;0&#8243; background_last_edited=&#8220;off|desktop&#8220; custom_css_free_form=&#8220;.et_pb_text, .product {||    word-wrap: inherit;||}||||@media(max-width:768px){||  #bannerHome{||  padding-bottom:0px;||  }||}&#8220; collapsed=&#8220;off&#8220; global_colors_info=&#8220;{}&#8220; min_height_last_edited=&#8220;on|phone&#8220; sticky_enabled=&#8220;0&#8243; min_height_tablet=&#8220;700px&#8220; min_height_phone=&#8220;700px&#8220;][et_pb_row column_structure=&#8220;2_5,3_5&#8243; _builder_version=&#8220;4.27.4&#8243; _module_preset=&#8220;default&#8220; custom_margin=&#8220;70px||||false|false&#8220; hover_enabled=&#8220;0&#8243; global_colors_info=&#8220;{}&#8220; custom_margin_last_edited=&#8220;on|phone&#8220; custom_margin_phone=&#8220;0px||||false|false&#8220; sticky_enabled=&#8220;0&#8243; custom_margin_tablet=&#8220;70px||||false|false&#8220;][et_pb_column type=&#8220;2_5&#8243; _builder_version=&#8220;4.27.4&#8243; _module_preset=&#8220;default&#8220; global_colors_info=&#8220;{}&#8220;][et_pb_text _builder_version=&#8220;4.27.4&#8243; _module_preset=&#8220;default&#8220; text_font=&#8220;Trajan Pro Regular||||||||&#8220; header_font=&#8220;Trajan Pro Regular||||||||&#8220; header_text_color=&#8220;#FFFFFF&#8220; header_font_size=&#8220;50px&#8220; background_enable_color=&#8220;off&#8220; custom_margin=&#8220;||||false|false&#8220; hover_enabled=&#8220;0&#8243; global_colors_info=&#8220;{}&#8220; header_font_size_last_edited=&#8220;on|phone&#8220; header_font_size_phone=&#8220;36px&#8220; sticky_enabled=&#8220;0&#8243; header_font_size_tablet=&#8220;50px&#8220;]<\/p>\n<h1>ZERTIFIZIERTER \u00d6KO- ODER BIO-HONIG<\/h1>\n<p>[\/et_pb_text][et_pb_button button_url=&#8220;https:\/\/www.bonamel.com\/de\/shop\/&#8220; button_text=&#8220;ZUM SHOP GEHEN&#8220; _builder_version=&#8220;4.27.4&#8243; _module_preset=&#8220;default&#8220; custom_button=&#8220;on&#8220; button_text_color=&#8220;#FFFFFF&#8220; button_border_radius=&#8220;100px&#8220; global_colors_info=&#8220;{}&#8220;][\/et_pb_button][\/et_pb_column][et_pb_column type=&#8220;3_5&#8243; _builder_version=&#8220;4.27.2&#8243; _module_preset=&#8220;default&#8220; global_colors_info=&#8220;{}&#8220;][\/et_pb_column][\/et_pb_row][\/et_pb_section][et_pb_section fb_built=&#8220;1&#8243; module_class=&#8220;palo&#8220; _builder_version=&#8220;4.27.4&#8243; _module_preset=&#8220;default&#8220; background_color=&#8220;RGBA(255,255,255,0)&#8220; background_image=&#8220;https:\/\/www.bonamel.com\/wp-content\/uploads\/2025\/09\/ImgMiel_Home_BonaMel-1-scaled.png&#8220; background_position=&#8220;top_center&#8220; background_vertical_offset=&#8220;2%&#8220; z_index=&#8220;-1&#8243; custom_margin=&#8220;-35px||||false|false&#8220; custom_padding=&#8220;0px||||false|false&#8220; hover_enabled=&#8220;0&#8243; custom_css_free_form=&#8220;.palo {||  padding-top: -100%;||}&#8220; collapsed=&#8220;off&#8220; global_colors_info=&#8220;{}&#8220; background_last_edited=&#8220;on|phone&#8220; background_enable_image_phone=&#8220;off&#8220; sticky_enabled=&#8220;0&#8243;][et_pb_row column_structure=&#8220;1_2,1_2&#8243; _builder_version=&#8220;4.27.4&#8243; _module_preset=&#8220;default&#8220; background_enable_image=&#8220;off&#8220; background_position=&#8220;top_center&#8220; background_vertical_offset=&#8220;0%&#8220; global_colors_info=&#8220;{}&#8220;][et_pb_column type=&#8220;1_2&#8243; admin_label=&#8220;Columna&#8220; _builder_version=&#8220;4.27.4&#8243; _module_preset=&#8220;default&#8220; global_colors_info=&#8220;{}&#8220;][et_pb_text _builder_version=&#8220;4.27.4&#8243; _module_preset=&#8220;default&#8220; text_font=&#8220;&#8211;et_global_body_font||||||||&#8220; text_text_color=&#8220;#84746c&#8220; header_2_font=&#8220;Trajan Pro Regular||||||||&#8220; header_2_text_color=&#8220;#84746c&#8220; header_2_font_size=&#8220;30px&#8220; custom_margin=&#8220;80px||||false|false&#8220; global_colors_info=&#8220;{}&#8220;]<\/p>\n<h2>WAS IST \u00d6KOLOGISCHER HONIG?<\/h2>\n<p>\u00d6kologischer, biologischer oder zertifizierter biologischer Honig stammt aus einer Imkerei, bei der der Honig aus dem Bienenstock gewonnen wird. Dabei wird in der Regel darauf geachtet, dass die Produkte w\u00e4hrend des gesamten Prozesses von der Erzeugung bis zum verpackten Produkt in ihrer optimalen Qualit\u00e4t und auf die nat\u00fcrlichste Weise erhalten bleiben.<\/p>\n<p>Das Zertifizierungssystem f\u00fcr Bio-Honig garantiert eine h\u00f6here Qualit\u00e4t des Produkts nicht nur durch die Analyse des Endprodukts, sondern auch durch die wichtige Arbeit bei der Best\u00e4ubung der Pflanzen und tr\u00e4gt so zur Erhaltung der biologischen Vielfalt und der Umwelt bei. mit einer nachhaltigen und nat\u00fcrlichen Bewirtschaftung. <\/p>\n<p>[\/et_pb_text][et_pb_button button_url=&#8220;https:\/\/www.bonamel.com\/de\/honig\/&#8220; button_text=&#8220;KATALOG&#8220; _builder_version=&#8220;4.27.4&#8243; _module_preset=&#8220;default&#8220; custom_button=&#8220;on&#8220; button_text_size=&#8220;20px&#8220; button_text_color=&#8220;#b27b11&#8243; button_border_color=&#8220;#b27b11&#8243; custom_padding=&#8220;|20px||20px|false|true&#8220; hover_enabled=&#8220;0&#8243; global_colors_info=&#8220;{}&#8220; admin_label=&#8220;Bot\u00f3n&#8220; sticky_enabled=&#8220;0&#8243;][\/et_pb_button][\/et_pb_column][et_pb_column type=&#8220;1_2&#8243; _builder_version=&#8220;4.27.2&#8243; _module_preset=&#8220;default&#8220; global_colors_info=&#8220;{}&#8220;][\/et_pb_column][\/et_pb_row][\/et_pb_section][et_pb_section fb_built=&#8220;1&#8243; theme_builder_area=&#8220;post_content&#8220; _builder_version=&#8220;4.27.4&#8243; _module_preset=&#8220;default&#8220; custom_margin=&#8220;||||false|false&#8220; custom_padding=&#8220;0px||0px||true|false&#8220; hover_enabled=&#8220;0&#8243; sticky_enabled=&#8220;0&#8243; custom_margin_last_edited=&#8220;on|phone&#8220; custom_margin_phone=&#8220;-100px||||false|false&#8220; custom_margin_tablet=&#8220;||||false|false&#8220;][et_pb_row _builder_version=&#8220;4.27.4&#8243; _module_preset=&#8220;default&#8220; column_structure=&#8220;3_5,2_5&#8243; theme_builder_area=&#8220;post_content&#8220;][et_pb_column _builder_version=&#8220;4.27.4&#8243; _module_preset=&#8220;default&#8220; type=&#8220;3_5&#8243; theme_builder_area=&#8220;post_content&#8220;][et_pb_image src=&#8220;https:\/\/www.bonamel.com\/wp-content\/uploads\/2025\/09\/Img_Biodiversidad2.jpg&#8220; _builder_version=&#8220;4.27.4&#8243; _module_preset=&#8220;default&#8220; theme_builder_area=&#8220;post_content&#8220; title_text=&#8220;Img_Biodiversidad2&#8243; hover_enabled=&#8220;0&#8243; sticky_enabled=&#8220;0&#8243; show_bottom_space_last_edited=&#8220;off|phone&#8220; show_bottom_space_phone=&#8220;on&#8220; height_last_edited=&#8220;on|phone&#8220; height_phone=&#8220;160px&#8220;][\/et_pb_image][\/et_pb_column][et_pb_column _builder_version=&#8220;4.27.4&#8243; _module_preset=&#8220;default&#8220; type=&#8220;2_5&#8243; theme_builder_area=&#8220;post_content&#8220;][et_pb_text _builder_version=&#8220;4.27.4&#8243; _module_preset=&#8220;default&#8220; text_font=&#8220;&#8211;et_global_body_font||||||||&#8220; text_text_color=&#8220;#84746c&#8220; header_2_font=&#8220;Trajan Pro Regular||||||||&#8220; header_2_text_color=&#8220;#84746c&#8220; header_2_font_size=&#8220;30px&#8220; custom_margin=&#8220;40px||||false|false&#8220; hover_enabled=&#8220;0&#8243; global_colors_info=&#8220;{}&#8220; locked=&#8220;off&#8220; theme_builder_area=&#8220;post_content&#8220; sticky_enabled=&#8220;0&#8243; custom_margin_last_edited=&#8220;on|phone&#8220; custom_margin_phone=&#8220;0px||||false|false&#8220; custom_margin_tablet=&#8220;40px||||false|false&#8220;]<\/p>\n<h2>BIODIVERSIT\u00c4T<\/h2>\n<p>Bei Bona Mel ber\u00fccksichtigen wir biologische Aspekte in allen unseren Produktionsprozessen. Wir achten auf die biologische Vielfalt und die Erhaltung der nat\u00fcrlichen Ressourcen, indem wir eine bewusste \u00f6kologische Verantwortung f\u00f6rdern. Gleichzeitig wachsen wir in unserer menschlichen Entwicklung, indem wir uns um die Umwelt k\u00fcmmern, in der wir leben. <\/p>\n<p>[\/et_pb_text][\/et_pb_column][\/et_pb_row][et_pb_row _builder_version=&#8220;4.27.4&#8243; custom_margin=&#8220;||||false|false&#8220; hover_enabled=&#8220;0&#8243; global_colors_info=&#8220;{}&#8220; theme_builder_area=&#8220;post_content&#8220; sticky_enabled=&#8220;0&#8243; custom_padding=&#8220;40px||||false|false&#8220;][et_pb_column type=&#8220;4_4&#8243; _builder_version=&#8220;4.16&#8243; custom_padding=&#8220;|||&#8220; global_colors_info=&#8220;{}&#8220; custom_padding__hover=&#8220;|||&#8220; theme_builder_area=&#8220;post_content&#8220;][et_pb_divider color=&#8220;#b27b11&#8243; _builder_version=&#8220;4.27.4&#8243; _module_preset=&#8220;default&#8220; hover_enabled=&#8220;0&#8243; global_colors_info=&#8220;{}&#8220; theme_builder_area=&#8220;post_content&#8220; divider_weight=&#8220;3px&#8220; sticky_enabled=&#8220;0&#8243;][\/et_pb_divider][\/et_pb_column][\/et_pb_row][\/et_pb_section][et_pb_section fb_built=&#8220;1&#8243; admin_label=&#8220;Features&#8220; _builder_version=&#8220;4.27.4&#8243; background_enable_image=&#8220;off&#8220; min_height=&#8220;1178.8px&#8220; custom_margin=&#8220;||||false|false&#8220; custom_padding=&#8220;0px||0px||true|false&#8220; hover_enabled=&#8220;0&#8243; locked=&#8220;off&#8220; collapsed=&#8220;off&#8220; global_colors_info=&#8220;{}&#8220; sticky_enabled=&#8220;0&#8243;][et_pb_row _builder_version=&#8220;4.27.2&#8243; _module_preset=&#8220;default&#8220; global_colors_info=&#8220;{}&#8220;][et_pb_column type=&#8220;4_4&#8243; _builder_version=&#8220;4.27.2&#8243; _module_preset=&#8220;default&#8220; global_colors_info=&#8220;{}&#8220;][et_pb_text _builder_version=&#8220;4.27.4&#8243; text_font=&#8220;Trajan||||||||&#8220; text_text_color=&#8220;#84746c&#8220; header_font=&#8220;Trajan Pro Regular||||||||&#8220; header_text_align=&#8220;center&#8220; header_2_text_color=&#8220;#84746c&#8220; text_orientation=&#8220;center&#8220; module_alignment=&#8220;center&#8220; hover_enabled=&#8220;0&#8243; locked=&#8220;off&#8220; global_colors_info=&#8220;{}&#8220; header_2_font_size=&#8220;32px&#8220; sticky_enabled=&#8220;0&#8243; header_2_font_size_last_edited=&#8220;on|phone&#8220; header_2_font_size_phone=&#8220;30px&#8220; header_2_font_size_tablet=&#8220;32px&#8220;]<\/p>\n<h2>PRODUKTE MIT \u00d6KOLOGISCHER ZERTIFIZIERUNG<\/h2>\n<p>[\/et_pb_text][et_pb_shop type=&#8220;product_category&#8220; posts_number=&#8220;6&#8243; include_categories=&#8220;36&#8243; columns_number=&#8220;3&#8243; hover_icon=&#8220;&#x54;||divi||400&#8243; _builder_version=&#8220;4.27.4&#8243; _module_preset=&#8220;default&#8220; global_colors_info=&#8220;{}&#8220;][\/et_pb_shop][et_pb_button button_url=&#8220;https:\/\/www.bonamel.com\/de\/shop\/&#8220; button_text=&#8220;ZUM SHOP&#8220; button_alignment=&#8220;center&#8220; _builder_version=&#8220;4.27.4&#8243; _module_preset=&#8220;default&#8220; custom_button=&#8220;on&#8220; button_text_color=&#8220;#b27b11&#8243; button_border_color=&#8220;#b27b11&#8243; button_border_radius=&#8220;100px&#8220; button_font=&#8220;Open Sans||||||||&#8220; custom_margin=&#8220;||20px||false|false&#8220; hover_enabled=&#8220;0&#8243; global_colors_info=&#8220;{}&#8220; sticky_enabled=&#8220;0&#8243;][\/et_pb_button][\/et_pb_column][\/et_pb_row][et_pb_row _builder_version=&#8220;4.27.4&#8243; custom_margin=&#8220;||||false|false&#8220; hover_enabled=&#8220;0&#8243; global_colors_info=&#8220;{}&#8220; theme_builder_area=&#8220;post_content&#8220; sticky_enabled=&#8220;0&#8243; custom_padding=&#8220;40px||||false|false&#8220; custom_padding_last_edited=&#8220;on|phone&#8220; custom_padding_phone=&#8220;40px||0px||false|false&#8220; custom_padding_tablet=&#8220;40px||||false|false&#8220;][et_pb_column type=&#8220;4_4&#8243; _builder_version=&#8220;4.16&#8243; custom_padding=&#8220;|||&#8220; global_colors_info=&#8220;{}&#8220; custom_padding__hover=&#8220;|||&#8220; theme_builder_area=&#8220;post_content&#8220;][et_pb_divider color=&#8220;#b27b11&#8243; _builder_version=&#8220;4.27.4&#8243; _module_preset=&#8220;default&#8220; hover_enabled=&#8220;0&#8243; global_colors_info=&#8220;{}&#8220; theme_builder_area=&#8220;post_content&#8220; divider_weight=&#8220;3px&#8220; sticky_enabled=&#8220;0&#8243;][\/et_pb_divider][\/et_pb_column][\/et_pb_row][\/et_pb_section][et_pb_section fb_built=&#8220;1&#8243; admin_label=&#8220;Resources&#8220; _builder_version=&#8220;4.27.4&#8243; background_color=&#8220;RGBA(255,255,255,0)&#8220; min_height=&#8220;674.9px&#8220; custom_margin=&#8220;||||false|false&#8220; custom_padding=&#8220;0px|0px||0px|false|false&#8220; top_divider_flip=&#8220;vertical&#8220; bottom_divider_height=&#8220;6vw&#8220; hover_enabled=&#8220;0&#8243; locked=&#8220;off&#8220; collapsed=&#8220;off&#8220; global_colors_info=&#8220;{}&#8220; sticky_enabled=&#8220;0&#8243; custom_margin_last_edited=&#8220;on|phone&#8220; custom_margin_phone=&#8220;-80px||||false|false&#8220; custom_margin_tablet=&#8220;||||false|false&#8220;][et_pb_row column_structure=&#8220;1_2,1_2&#8243; _builder_version=&#8220;4.16&#8243; custom_padding=&#8220;||0px|||&#8220; hover_enabled=&#8220;0&#8243; global_colors_info=&#8220;{}&#8220; sticky_enabled=&#8220;0&#8243;][et_pb_column type=&#8220;1_2&#8243; _builder_version=&#8220;4.16&#8243; custom_padding=&#8220;|||&#8220; global_colors_info=&#8220;{}&#8220; custom_padding__hover=&#8220;|||&#8220;][et_pb_image src=&#8220;https:\/\/www.bonamel.com\/wp-content\/uploads\/2025\/09\/MapaCertificado_Home_BonaMel1.png&#8220; alt=&#8220;Mapa miel&#8220; title_text=&#8220;MapaCertificado_Home_BonaMel1&#8243; _builder_version=&#8220;4.27.4&#8243; _module_preset=&#8220;default&#8220; global_colors_info=&#8220;{}&#8220;][\/et_pb_image][\/et_pb_column][et_pb_column type=&#8220;1_2&#8243; _builder_version=&#8220;4.16&#8243; custom_padding=&#8220;|||&#8220; global_colors_info=&#8220;{}&#8220; custom_padding__hover=&#8220;|||&#8220;][et_pb_text _builder_version=&#8220;4.27.4&#8243; _module_preset=&#8220;default&#8220; header_font=&#8220;Trajan Pro Regular||||||||&#8220; header_2_text_color=&#8220;#84746c&#8220; hover_enabled=&#8220;0&#8243; global_colors_info=&#8220;{}&#8220; header_2_font_size=&#8220;32px&#8220; sticky_enabled=&#8220;0&#8243;]<\/p>\n<h2>ZERTIFIZIERTER BIO-HONIG<\/h2>\n<p>Bona Mel verf\u00fcgt \u00fcber alle erforderlichen Zertifikate, die garantieren, dass wir alle Anforderungen an die Bio-Imkerei und die Lebensmittelsicherheit strikt einhalten. Dies erm\u00f6glicht es uns, Ihnen Honig von h\u00f6chster Qualit\u00e4t mit allen seinen Eigenschaften anzubieten. Bio-Honig bei Bona Mel zu kaufen bedeutet, ein Produkt von h\u00f6chster Qualit\u00e4t zu erwerben. <\/p>\n<p>Unsere Qualit\u00e4tszertifikate:[\/et_pb_text][et_pb_code _builder_version=&#8220;4.27.4&#8243; _module_preset=&#8220;default&#8220; hover_enabled=&#8220;0&#8243; custom_css_free_form=&#8220;.certificados {||  display: flex;||  flex-direction: row;||}||||.foto {||  width: 150%;||  height: 150%;||  margin: 2%;||}||||@media (max-width: 768px) {||  .certificados {||    flex-direction: column;||    text-align: center;||  }||||  .foto {||    max-width: 200px;||    margin: 0 auto 1rem auto;||  }||||  .texto {||    text-align: center;||  }||}||&#8220; global_colors_info=&#8220;{}&#8220; sticky_enabled=&#8220;0&#8243;]<\/p>\n<div class=\"certificados\"><!-- [et_pb_line_break_holder] -->  <\/p>\n<div class=\"foto\"><!-- [et_pb_line_break_holder] -->\t\t<span class=\"et_pb_image_wrap\"><!-- [et_pb_line_break_holder] -->    \t<img loading=\"lazy\" decoding=\"async\" width=\"164\" height=\"153\" src=\"\/wp-content\/uploads\/2025\/09\/certificacion-miel.jpg\" alt=\"Sello ECO Caecv\" class=\"wp-image-26126\"><!-- [et_pb_line_break_holder] -->  \t<\/span><!-- [et_pb_line_break_holder] -->  <\/div>\n<p><!-- [et_pb_line_break_holder] -->  <\/p>\n<div class=\"texto\"><!-- [et_pb_line_break_holder] -->    <pee><!-- [et_pb_line_break_holder] --> Zertifikat des Ausschusses f\u00fcr \u00f6kologischen Landbau in: Autonome Gemeinschaft Valencia. <!\u2013- [et_pb_br_holder] -\u2013><!\u2013- [et_pb_br_holder] -\u2013><!-- [et_pb_line_break_holder] -->System zur Gefahrenanalyse und kritischen Kontrollpunkte (HACCP) ISO 22.000:2005<!-- [et_pb_line_break_holder] -->    <\/pee><!-- [et_pb_line_break_holder] -->  <\/div>\n<p><!-- [et_pb_line_break_holder] --><\/div>\n<p>[\/et_pb_code][et_pb_button button_url=&#8220;https:\/\/www.bonamel.com\/certificados-miel-ecologica\/&#8220; button_text=&#8220;MEHR INFORMATIONEN&#8220; button_alignment=&#8220;left&#8220; _builder_version=&#8220;4.27.4&#8243; _module_preset=&#8220;default&#8220; custom_button=&#8220;on&#8220; button_text_color=&#8220;#b27b11&#8243; button_border_color=&#8220;#b27b11&#8243; button_border_radius=&#8220;100px&#8220; button_font=&#8220;Open Sans||||||||&#8220; hover_enabled=&#8220;0&#8243; global_colors_info=&#8220;{}&#8220; sticky_enabled=&#8220;0&#8243; button_alignment_last_edited=&#8220;on|phone&#8220; button_alignment_phone=&#8220;center&#8220; button_alignment_tablet=&#8220;left&#8220;][\/et_pb_button][\/et_pb_column][\/et_pb_row][\/et_pb_section]<\/p>\n","protected":false},"excerpt":{"rendered":"<p>ZERTIFIZIERTER \u00d6KO- ODER BIO-HONIGWAS IST \u00d6KOLOGISCHER HONIG? \u00d6kologischer, biologischer oder zertifizierter biologischer Honig stammt aus einer Imkerei, bei der der Honig aus dem Bienenstock gewonnen wird. Dabei wird in der Regel darauf geachtet, dass die Produkte w\u00e4hrend des gesamten Prozesses von der Erzeugung bis zum verpackten Produkt in ihrer optimalen Qualit\u00e4t und auf die nat\u00fcrlichste [&hellip;]<\/p>\n","protected":false},"author":55,"featured_media":0,"parent":0,"menu_order":0,"comment_status":"closed","ping_status":"closed","template":"","meta":{"_et_pb_use_builder":"on","_et_pb_old_content":"","_et_gb_content_width":"","footnotes":""},"class_list":["post-30003","page","type-page","status-publish","hentry"],"_links":{"self":[{"href":"https:\/\/www.bonamel.com\/de\/wp-json\/wp\/v2\/pages\/30003","targetHints":{"allow":["GET"]}}],"collection":[{"href":"https:\/\/www.bonamel.com\/de\/wp-json\/wp\/v2\/pages"}],"about":[{"href":"https:\/\/www.bonamel.com\/de\/wp-json\/wp\/v2\/types\/page"}],"author":[{"embeddable":true,"href":"https:\/\/www.bonamel.com\/de\/wp-json\/wp\/v2\/users\/55"}],"replies":[{"embeddable":true,"href":"https:\/\/www.bonamel.com\/de\/wp-json\/wp\/v2\/comments?post=30003"}],"version-history":[{"count":2,"href":"https:\/\/www.bonamel.com\/de\/wp-json\/wp\/v2\/pages\/30003\/revisions"}],"predecessor-version":[{"id":30007,"href":"https:\/\/www.bonamel.com\/de\/wp-json\/wp\/v2\/pages\/30003\/revisions\/30007"}],"wp:attachment":[{"href":"https:\/\/www.bonamel.com\/de\/wp-json\/wp\/v2\/media?parent=30003"}],"curies":[{"name":"wp","href":"https:\/\/api.w.org\/{rel}","templated":true}]}}