{"id":29990,"date":"2024-10-23T15:12:02","date_gmt":"2024-10-23T13:12:02","guid":{"rendered":"https:\/\/www.bonamel.com\/blog\/"},"modified":"2025-09-03T16:15:45","modified_gmt":"2025-09-03T14:15:45","slug":"blog","status":"publish","type":"page","link":"https:\/\/www.bonamel.com\/de\/blog\/","title":{"rendered":"Blog"},"content":{"rendered":"<p>[et_pb_section fb_built=&#8220;1&#8243; module_id=&#8220;bannerTienda&#8220; _builder_version=&#8220;4.27.4&#8243; _module_preset=&#8220;default&#8220; custom_padding=&#8220;||||false|false&#8220; hover_enabled=&#8220;0&#8243; custom_css_free_form=&#8220;@media (max-width:980px){||  #bannerTienda{||    padding-bottom:0px;||  }||}&#8220; locked=&#8220;off&#8220; collapsed=&#8220;on&#8220; global_colors_info=&#8220;{}&#8220; background_enable_image=&#8220;off&#8220; sticky_enabled=&#8220;0&#8243;][et_pb_row column_structure=&#8220;1_2,1_2&#8243; module_id=&#8220;textoBannerTienda&#8220; _builder_version=&#8220;4.27.4&#8243; _module_preset=&#8220;default&#8220; custom_margin=&#8220;-26px|auto||auto||&#8220; custom_padding=&#8220;57px|||||&#8220; hover_enabled=&#8220;0&#8243; custom_css_free_form=&#8220;@media (max-width:980px){||  #textoBannerTienda{||    padding-top:0px !important;||  }||}&#8220; global_colors_info=&#8220;{}&#8220; custom_padding_last_edited=&#8220;on|phone&#8220; custom_padding_phone=&#8220;0px||0px||true|false&#8220; custom_margin_last_edited=&#8220;on|phone&#8220; custom_margin_phone=&#8220;0px|auto||auto|false|false&#8220; sticky_enabled=&#8220;0&#8243; custom_padding_tablet=&#8220;57px|||||&#8220; custom_margin_tablet=&#8220;-26px|auto||auto||&#8220;][et_pb_column type=&#8220;1_2&#8243; _builder_version=&#8220;4.27.2&#8243; _module_preset=&#8220;default&#8220; global_colors_info=&#8220;{}&#8220;][et_pb_text admin_label=&#8220;Texto&#8220; _builder_version=&#8220;4.27.4&#8243; _module_preset=&#8220;default&#8220; custom_margin=&#8220;||-4px|||&#8220; hover_enabled=&#8220;0&#8243; global_colors_info=&#8220;{%22gcid-body-color%22:%91%22header_text_color%22%93}&#8220; header_text_color=&#8220;gcid-body-color&#8220; sticky_enabled=&#8220;0&#8243;]<\/p>\n<h1 style=\"font-size: 52px; text-align: left;\">BLOG<\/h1>\n<p>[\/et_pb_text][et_pb_text _builder_version=&#8220;4.27.4&#8243; _module_preset=&#8220;default&#8220; custom_padding=&#8220;0px|||||&#8220; hover_enabled=&#8220;0&#8243; global_colors_info=&#8220;{}&#8220; sticky_enabled=&#8220;0&#8243;]<\/p>\n<h3 style=\"text-align: left;\"><span style=\"font-family: 'Open Sans', Helvetica, Arial, Lucida, sans-serif;\">Vers\u00fc\u00dfen Sie Ihr Leben mit reinem, nat\u00fcrlichem Honig<\/span><\/h3>\n<p>[\/et_pb_text][\/et_pb_column][et_pb_column type=&#8220;1_2&#8243; _builder_version=&#8220;4.27.2&#8243; _module_preset=&#8220;default&#8220; global_colors_info=&#8220;{}&#8220;][\/et_pb_column][\/et_pb_row][\/et_pb_section][et_pb_section fb_built=&#8220;1&#8243; _builder_version=&#8220;4.27.4&#8243; _module_preset=&#8220;default&#8220; custom_padding=&#8220;5px||3px|||&#8220; hover_enabled=&#8220;0&#8243; locked=&#8220;off&#8220; collapsed=&#8220;off&#8220; global_colors_info=&#8220;{}&#8220; sticky_enabled=&#8220;0&#8243;][et_pb_row _builder_version=&#8220;4.27.4&#8243; _module_preset=&#8220;default&#8220; custom_margin=&#8220;-25px|auto||auto|false|false&#8220; hover_enabled=&#8220;0&#8243; global_colors_info=&#8220;{}&#8220; sticky_enabled=&#8220;0&#8243;][et_pb_column type=&#8220;4_4&#8243; _builder_version=&#8220;4.27.2&#8243; _module_preset=&#8220;default&#8220; global_colors_info=&#8220;{}&#8220;][et_pb_blog fullwidth=&#8220;off&#8220; posts_number=&#8220;6&#8243; include_categories=&#8220;all&#8220; meta_date=&#8220;j M,Y&#8220; excerpt_length=&#8220;120&#8243; show_author=&#8220;off&#8220; show_categories=&#8220;off&#8220; show_content_last_edited=&#8220;off|desktop&#8220; _builder_version=&#8220;4.27.2&#8243; _module_preset=&#8220;default&#8220; header_font=&#8220;Trajan Pro Regular||||||||&#8220; header_text_color=&#8220;#b27b11&#8243; header_font_size=&#8220;20px&#8220; body_text_color=&#8220;#84746c&#8220; meta_font=&#8220;|700|||||||&#8220; meta_text_color=&#8220;#7d5400&#8243; border_width_all=&#8220;0px&#8220; global_colors_info=&#8220;{}&#8220; show_content__hover_enabled=&#8220;off|desktop&#8220;][\/et_pb_blog][\/et_pb_column][\/et_pb_row][\/et_pb_section]<\/p>\n","protected":false},"excerpt":{"rendered":"<p>BLOGVers\u00fc\u00dfen Sie Ihr Leben mit reinem, nat\u00fcrlichem Honig<\/p>\n","protected":false},"author":55,"featured_media":0,"parent":0,"menu_order":0,"comment_status":"closed","ping_status":"closed","template":"","meta":{"_et_pb_use_builder":"on","_et_pb_old_content":"","_et_gb_content_width":"","footnotes":""},"class_list":["post-29990","page","type-page","status-publish","hentry"],"_links":{"self":[{"href":"https:\/\/www.bonamel.com\/de\/wp-json\/wp\/v2\/pages\/29990","targetHints":{"allow":["GET"]}}],"collection":[{"href":"https:\/\/www.bonamel.com\/de\/wp-json\/wp\/v2\/pages"}],"about":[{"href":"https:\/\/www.bonamel.com\/de\/wp-json\/wp\/v2\/types\/page"}],"author":[{"embeddable":true,"href":"https:\/\/www.bonamel.com\/de\/wp-json\/wp\/v2\/users\/55"}],"replies":[{"embeddable":true,"href":"https:\/\/www.bonamel.com\/de\/wp-json\/wp\/v2\/comments?post=29990"}],"version-history":[{"count":2,"href":"https:\/\/www.bonamel.com\/de\/wp-json\/wp\/v2\/pages\/29990\/revisions"}],"predecessor-version":[{"id":29992,"href":"https:\/\/www.bonamel.com\/de\/wp-json\/wp\/v2\/pages\/29990\/revisions\/29992"}],"wp:attachment":[{"href":"https:\/\/www.bonamel.com\/de\/wp-json\/wp\/v2\/media?parent=29990"}],"curies":[{"name":"wp","href":"https:\/\/api.w.org\/{rel}","templated":true}]}}